{"id":4565,"date":"2021-02-15T15:32:54","date_gmt":"2021-02-15T14:32:54","guid":{"rendered":"https:\/\/rinol.it\/cookis-policy\/"},"modified":"2025-02-07T17:16:32","modified_gmt":"2025-02-07T16:16:32","slug":"cookie-politik","status":"publish","type":"page","link":"https:\/\/rinol.com\/de\/cookie-politik\/","title":{"rendered":"Cookies Politik"},"content":{"rendered":"\t\t<div data-elementor-type=\"wp-page\" data-elementor-id=\"4565\" class=\"elementor elementor-4565 elementor-849\" data-elementor-post-type=\"page\">\n\t\t\t\t\t\t<section class=\"elementor-section elementor-top-section elementor-element elementor-element-e275550 elementor-section-boxed elementor-section-height-default elementor-section-height-default\" data-id=\"e275550\" data-element_type=\"section\" data-e-type=\"section\">\n\t\t\t\t\t\t<div class=\"elementor-container elementor-column-gap-default\">\n\t\t\t\t\t<div class=\"elementor-column elementor-col-100 elementor-top-column elementor-element elementor-element-bc2636c\" data-id=\"bc2636c\" data-element_type=\"column\" data-e-type=\"column\">\n\t\t\t<div class=\"elementor-widget-wrap elementor-element-populated\">\n\t\t\t\t\t\t<div class=\"elementor-element elementor-element-fb58bd4 elementor-widget elementor-widget-heading\" data-id=\"fb58bd4\" data-element_type=\"widget\" data-e-type=\"widget\" data-widget_type=\"heading.default\">\n\t\t\t\t<div class=\"elementor-widget-container\">\n\t\t\t\t\t<h1 class=\"elementor-heading-title elementor-size-default\">Allgemeine Gesch\u00e4ftsbedingungen f\u00fcr die Website<\/h1>\t\t\t\t<\/div>\n\t\t\t\t<\/div>\n\t\t\t\t<div class=\"elementor-element elementor-element-9dee63b elementor-widget elementor-widget-text-editor\" data-id=\"9dee63b\" data-element_type=\"widget\" data-e-type=\"widget\" data-widget_type=\"text-editor.default\">\n\t\t\t\t<div class=\"elementor-widget-container\">\n\t\t\t\t\t\t\t\t\tDies sind die Bedingungen f\u00fcr die Nutzung dieser Website. Wenn Sie die Website nutzen, wird davon ausgegangen, dass Sie sie akzeptiert haben.\n<h2 class=\"titolo-cookie\">Nutzung dieser Website<\/h2>\nDie Angaben auf dieser Seite dienen nur der allgemeinen Information und stellen keine Werbung dar.\u00a0 Wir \u00fcbernehmen keine Verantwortung f\u00fcr Verluste, die durch den Zugang zu oder das Vertrauen auf die Informationen auf dieser Seite entstehen k\u00f6nnen.\n<h2 class=\"titolo-cookie\">Links<\/h2>\nWir sind nicht verantwortlich f\u00fcr den Inhalt von externen Internetseiten, die mit dieser Seite verlinkt sind.\u00a0 Diese Website enth\u00e4lt Links zu einigen externen Websites, die au\u00dferhalb der Kontrolle von RCR Industrial Flooring oder seiner Konzernunternehmen liegen, und RCR ist nicht f\u00fcr den Inhalt dieser Websites verantwortlich.\n<h2 class=\"titolo-cookie\">Copyright<\/h2>\nDer Inhalt dieser Website ist durch internationale Konventionen urheberrechtlich gesch\u00fctzt. Sofern nicht anders angegeben, unterliegen alle Materialien auf dieser Website, einschlie\u00dflich Design, Text, Grafiken und Fotos, dem Urheberrecht von RCR Industrial Flooring S.L.U. oder seinen Konzerngesellschaften.\n\nEs ist Ihnen gestattet, den Inhalt zu lesen und Kopien f\u00fcr Ihren eigenen pers\u00f6nlichen Gebrauch anzufertigen. Sie d\u00fcrfen auch Kopien (in Papier- oder elektronischer Form) von angemessenen Ausz\u00fcgen auf gelegentlicher Basis kostenlos an Kollegen und Kunden f\u00fcr deren pers\u00f6nlichen Gebrauch weitergeben, unter der Bedingung, dass &#8211;\nwir als Quelle angegeben werden;\n&#8211; der Text in keiner Weise ver\u00e4ndert wird;\n&#8211; die Empf\u00e4nger auf diesen Umstand hingewiesen werden\n\nJede andere Verwendung und Vervielf\u00e4ltigung von Inhalten dieser Website, sei es direkt oder mittels eines Hypertext-Links, ist ohne vorherige schriftliche Zustimmung von RCR Industrial Flooring untersagt.\n<h2 class=\"titolo-cookie\">Beschr\u00e4nkungen<\/h2>\nWo der Zugang zu eingeschr\u00e4nkten Teilen dieser Website spezifischeren Bedingungen unterliegt, gelten stattdessen diese Bedingungen. Das Kopieren von Websites Dritter unterliegt den f\u00fcr diese Websites geltenden Bestimmungen. Alle elektronischen Links zu irgendeinem Teil dieser Website bed\u00fcrfen unserer Zustimmung. Bitte senden Sie Anfragen per E-Mail an info@rcrindustrialflooring.com.\n<h2 class=\"titolo-cookie\">Virenschutz<\/h2>\nWir k\u00f6nnen nicht garantieren, dass diese Website und ihr Dokumentlieferungssystem Ihren Erwartungen entsprechend funktionieren oder fehler- und virenfrei sind. Obwohl Schritte unternommen wurden, um sicherzustellen, dass diese Website frei von Viren ist, sollten Sie sich selbst um einen Virenschutz k\u00fcmmern.\n<h2 class=\"titolo-cookie\">Website-Fehler<\/h2>\nWenn Sie auf Fehler auf dieser Website aufmerksam werden, kontaktieren Sie uns bitte per E-Mail an info@rcrindustrialflooring.com und wir werden uns bem\u00fchen, diese zu korrigieren.\n<h2 class=\"titolo-cookie\">Aktualisierungen der Website<\/h2>\nWir behalten uns das Recht vor, diese Website jederzeit zu aktualisieren, zu \u00e4ndern oder zu schlie\u00dfen und diese Bedingungen von Zeit zu Zeit zu \u00e4ndern oder zu erg\u00e4nzen. Alle \u00c4nderungen werden mit der Ver\u00f6ffentlichung auf dieser Website wirksam.\n<h2 class=\"titolo-cookie\">Websites von Drittanbietern<\/h2>\nDie Website enth\u00e4lt Links zu anderen Websites. Wir sind weder f\u00fcr den Inhalt dieser Websites noch f\u00fcr die Datenschutzrichtlinien oder -praktiken der Websites von Dritten verantwortlich.\n<h2 class=\"titolo-cookie\">Geltendes Recht<\/h2>\nAlle auf dieser Website enthaltenen Informationen basieren auf englischem Recht, das f\u00fcr diese Website ma\u00dfgeblich ist.\n<h2 class=\"titolo-cookie\">Vertraulichkeit<\/h2>\nAlle E-Mails werden vertraulich nur f\u00fcr den\/die Adressaten versendet. Die unbefugte Nutzung, Verbreitung, Verteilung, Ver\u00f6ffentlichung oder Vervielf\u00e4ltigung von E-Mail-Kommunikation ist strengstens untersagt.\n\nEine Kopie unserer Allgemeinen Gesch\u00e4ftsbedingungen ist auf Anfrage erh\u00e4ltlich.\nBei Fragen wenden Sie sich bitte an unsere Group Communications Managerin, Valentina Gonz\u00e1les &#8211; E-Mail info@rcrindustrialflooring.com.\n<h2 class=\"titolo-cookie\">Cookies<\/h2>\nDiese Website verwendet einige Cookies, um Ihre Erfahrung zu verbessern und um uns zu helfen, zu erfahren, wie Besucher unsere Website nutzen.\u00a0 Ein Cookie ist ein kleines Datenelement, das von unserer Website gesendet und von Ihrem Webbrowser auf Ihrem Computer gespeichert wird.\u00a0 Cookies sind sehr verbreitet und harmlos.\u00a0 Cookies bleiben auf Ihrem Computer, nachdem Sie Ihren Webbrowser geschlossen haben, aber nur, damit wir wissen, ob Sie unsere Website erneut besuchen.\n\nDies sind die Cookies, die wir verwenden, und warum.\n\n<h2 class=\"titolo-cookie\">PHP-Session-Cookie<\/h2>\nDies ist ein einzelner Cookie, der erstellt wird, wenn Sie auf www.rcrindustrialflooring.com ankommen.\u00a0 Es speichert keine Informationen \u00fcber Sie, Ihren Computer oder Ihren Webbrowser, so dass Sie v\u00f6llig anonym bleiben.\u00a0 Das Cookie hilft, dass Ihr Besuch reibungslos verl\u00e4uft &#8211; zum Beispiel, indem es sich merkt, welche Seiten Sie zuletzt besucht haben, damit Sie zu ihnen zur\u00fcckkehren k\u00f6nnen.\u00a0 Dieses Cookie wird f\u00fcr nichts weiter verwendet, und sobald Sie Ihren Webbrowser schlie\u00dfen, wird das Cookie sofort zerst\u00f6rt.\n\n<h2 class=\"titolo-cookie\">Google Analytics-Cookies<\/h2>\nDiese Website verwendet Cookies im Zusammenhang mit Google Analytics (genannt _ga und _gid). Google Analytics hilft uns zu \u00fcberwachen, wie unsere Website genutzt wird, so dass wir kontinuierlich Verbesserungen vornehmen und Inhalte hinzuf\u00fcgen k\u00f6nnen, die unsere Besucher interessieren.\u00a0 Die Google-Analytics-Cookies speichern keine pers\u00f6nlich identifizierbaren Informationen.\u00a0 Sie protokollieren Ihre IP-Adresse, die Ihren Standort angibt, aber diese Informationen sind f\u00fcr uns \u00fcber Google Analytics nicht zug\u00e4nglich, da sie mit anderen Daten kombiniert und anonymisiert werden.\u00a0 Sie k\u00f6nnen mehr \u00fcber Google Analytics und diese Cookies erfahren, indem Sie diesem Link auf die Website der Google-Entwickler folgen: <a href=\"https:\/\/developers.google.com\/analytics\/devguides\/collection\/gtagjs\/cookie-usage\">https:<\/a>\/\/developers.google.com\/analytics\/devguides\/collection\/gtagjs\/cookie-usage.\nWeitere Informationen zu Cookies finden Sie unter www.allaboutcookies.org.\n\nWenn Sie die von unserer Website verwendeten Cookies l\u00f6schen m\u00f6chten, k\u00f6nnen Sie dies tun.\u00a0 In den Werkzeugen Ihres Webbrowsers sollte es einen Abschnitt zu Cookies geben.\u00a0 Sie sollten in der Lage sein, entweder alle Cookies von allen Websites oder speziell die Cookies f\u00fcr die RCR Industrial Flooring Website zu deaktivieren.\n\nBitte setzen Sie sich mit uns in Verbindung, wenn Sie Fragen oder Bedenken haben.\nWenn Sie Bedenken oder Fragen haben, wenden Sie sich bitte per E-Mail an unseren Website-Administrator unter info@rcrindustrialflooring.com.\n<h2 class=\"titolo-cookie\">Hinweis zum Datenschutz<\/h2>\n<h2 class=\"titolo-cookie\">Dieser Datenschutzhinweis erl\u00e4utert, welche personenbezogenen Daten wir von Ihnen erheben und was wir damit tun.<\/h2>\n<h2 class=\"titolo-cookie\">Wer sammelt die Daten?<\/h2>\nDie von Ihnen zur Verf\u00fcgung gestellten personenbezogenen Daten werden von RCR Industrial Flooring S.L.U., Calle Mirasierra, 5 2\u00baA, 28220, Majadahonda, Madrid, Spanien erfasst.\n<h2 class=\"titolo-cookie\">Welche Daten werden gesammelt?<\/h2>\nWenn Sie mit uns in Kontakt treten, bitten wir Sie, Ihren Namen, Firmennamen, Adresse, E-Mail-Adresse und gesch\u00e4ftliche Telefonnummer anzugeben.\u00a0 Sie k\u00f6nnen auch weitere Informationen angeben (z. B. Berufsbezeichnung, Profil in sozialen Medien) &#8211; in diesem Fall werden wir auch diese Informationen erfassen und speichern.\n<h2 class=\"titolo-cookie\">Wann und wie werden die Daten erfasst?<\/h2>\nWir sammeln Daten, wenn Sie ein Formular auf dieser Website ausf\u00fcllen, uns eine E-Mail-Anfrage senden, uns anrufen oder uns schreiben.\u00a0 Wir sammeln auch Daten von Visitenkarten, die wir erhalten.\n<h2 class=\"titolo-cookie\">Wie werden die Informationen verwendet?<\/h2>\nWir verarbeiten Ihre Daten in erster Linie, um Ihre Anfrage zu beantworten.\u00a0 Wir k\u00f6nnen Daten verwenden, um Ihren Besuch auf der Website zu personalisieren.\u00a0 Wir werden Ihnen auch in Zukunft gelegentlich Marketingmitteilungen per E-Mail zusenden.\u00a0 Wenn Sie Ihre Telefonnummer und Postanschrift angeben, k\u00f6nnen wir diese auch verwenden, um mit Ihnen in Kontakt zu bleiben.\n\nWenn wir planen, Ihre personenbezogenen Daten f\u00fcr einen neuen Zweck zu verwenden, werden wir Ihnen die \u00c4nderungen mitteilen, bevor wir mit der neuen Verarbeitung beginnen.\n<h2 class=\"titolo-cookie\">Die Rechtsgrundlage f\u00fcr die Verarbeitung Ihrer Daten<\/h2>\nIndem Sie Ihre Daten \u00fcber unsere Website oder per E-Mail, Telefon oder Post \u00fcbermitteln, best\u00e4tigen Sie durch Ihr Handeln, dass Sie damit einverstanden sind, dass wir die von Ihnen zur Verf\u00fcgung gestellten Daten verarbeiten, damit wir Ihre Anfrage beantworten k\u00f6nnen.\n<h2 class=\"titolo-cookie\"><em>Wir werden Ihre Daten auch nutzen, um Ihnen zuk\u00fcnftig gelegentlich unsere News per E-Mail zuzusenden.\u00a0 <\/em><\/h2>\nDie rechtliche Grundlage daf\u00fcr ist das &#8220;berechtigte Interesse&#8221;.\u00a0 Das bedeutet, dass wir davon ausgehen, dass Sie, da Sie sich \u00fcber unsere Dienstleistungen erkundigt und uns Ihre E-Mail-Adresse gegeben haben, vern\u00fcnftigerweise erwarten, dass Sie in Zukunft von uns \u00fcber verwandte Produkte und Dienstleistungen informiert werden.\u00a0 Wir senden nur ein paar Mal im Jahr E-Mails und nur an E-Mail-Adressen mit einer gesch\u00e4ftlichen Domain.\u00a0 Sie haben jederzeit die M\u00f6glichkeit, diese E-Mails abzubestellen.\u00a0 Wenn Sie es lieber nicht w\u00fcnschen, dass wir Ihnen unseren Newsletter zusenden, geben Sie dies bitte bei Ihrer Anfrage an.\n\nWenn Sie eine Anfrage stellen m\u00f6chten, ohne personenbezogene Daten anzugeben, rufen Sie uns bitte stattdessen an &#8211; es kann jedoch sein, dass wir nicht in der Lage sind, Ihre Anfrage vollst\u00e4ndig zu beantworten.\n\nWenn Sie uns bei einer Veranstaltung eine Visitenkarte geben, bitten wir Sie um Ihr Einverst\u00e4ndnis, Sie in unseren Newsletter-Verteiler aufzunehmen.\n<h2 class=\"titolo-cookie\">Datensicherheit<\/h2>\nDiese Website verf\u00fcgt \u00fcber ein SSL-Zertifikat (https:\/\/), was bedeutet, dass die Daten, die Sie \u00fcber diese Website \u00fcbermitteln, zum Schutz verschl\u00fcsselt werden.\u00a0 Bitte kontaktieren Sie uns, wenn Sie Fragen zu unserer IT-Sicherheit haben.\nDa wir ein internationaler Konzern sind, beachten Sie bitte, dass Ihre Daten au\u00dferhalb der EU weitergegeben und in Nicht-EU-Rechenzentren verarbeitet werden k\u00f6nnen.\n<h2 class=\"titolo-cookie\">Gemeinsame Nutzung von Daten<\/h2>\nRCR Industrial Flooring S.L.U. besitzt eine Reihe von spezialisierten Industrieb\u00f6den-Unternehmen auf der ganzen Welt.\u00a0 Diese handeln als eigenst\u00e4ndige juristische Personen, stehen aber unter der Kontrolle der Gesch\u00e4ftsf\u00fchrung von RCR Industrial Flooring S.L.U. Eine vollst\u00e4ndige Liste der RCR-Gruppenunternehmen finden Sie auf unserer Website: <a href=\"https:\/\/www.rcrindustrialflooring.com\/companies\">https:<\/a>\/\/www.rcrindustrialflooring.com\/companies.\u00a0 Um einen guten Service zu bieten, k\u00f6nnen wir Ihre Daten an eines unserer Konzernunternehmen weitergeben &#8211; zum Beispiel, damit die Person mit dem richtigen technischen Wissen Ihnen antworten kann; oder damit Ihnen jemand in Ihrer eigenen Sprache antworten kann.\n\nWir werden Ihre Daten niemals an eine Organisation au\u00dferhalb der RCR Industrial Flooring Unternehmensgruppe weitergeben, es sei denn:\na) wir haben sie als Subunternehmer, Vertreter, Distributor oder Lieferant beauftragt und sie ben\u00f6tigen Ihre Daten, um Ihre Anfrage oder Bestellung zu bearbeiten;\nb) wir haben sie als Datenverarbeiter beauftragt, Arbeiten in unserem Auftrag auszuf\u00fchren (z. B. ein IT-Unternehmen, eine Marketingfirma oder eine Kreditpr\u00fcfungsagentur); oder c\n) wir sind jemals gesetzlich dazu verpflichtet; in Verbindung mit einem Gerichtsverfahren; oder um unsere gesetzlichen Rechte zu begr\u00fcnden, zu verteidigen oder auszu\u00fcben.\n<h2 class=\"titolo-cookie\">Wie lange werden Ihre Daten gespeichert?<\/h2>\nWir speichern alle Daten f\u00fcr zwei Jahre ab dem Datum der letzten Kontaktaufnahme mit uns.\u00a0 Das hei\u00dft, wenn zum Beispiel das Unternehmen, f\u00fcr das Sie arbeiten, im Laufe von zwei Jahren nicht mehr bei uns kauft und Sie als Einzelperson uns nicht kontaktieren oder einen unserer E-Mail-Newsletter \u00f6ffnen, l\u00f6schen wir Ihre personenbezogenen Daten aus unseren Systemen und melden Sie von unserem E-Mail-Newsletter ab.\u00a0 Wir werden uns bem\u00fchen, Sie vor Ablauf der Zweijahresfrist zu kontaktieren, um Sie um Ihre Zustimmung zu bitten, in Kontakt zu bleiben.\n<h2 class=\"titolo-cookie\">Genauigkeit der Daten<\/h2>\nWir m\u00f6chten sicherstellen, dass die Daten, die wir \u00fcber Sie haben, aktuell sind.\u00a0 Wenn sich Ihre Daten \u00e4ndern, lassen Sie es uns bitte wissen.\n<h2 class=\"titolo-cookie\">Ihre Rechte<\/h2>\nAls Einzelperson k\u00f6nnen Sie auf Ihren Wunsch hin jederzeit vollst\u00e4ndig aus unseren Unterlagen entfernt werden.\u00a0 Sie haben auch das Recht zu erfahren, welche pers\u00f6nlichen Daten wir \u00fcber Sie gespeichert haben.\u00a0 Sie haben das Recht, sich von allen unseren Marketingmitteilungen abzumelden, auch wenn Sie zuvor Ihre Zustimmung zum Erhalt dieser Mitteilungen gegeben haben.\n\nWenn Sie Fragen oder Beschwerden dar\u00fcber haben, wie wir Ihre Daten verwenden, wenden Sie sich bitte an unsere Group Communications Managerin, Valentina Gonz\u00e1les &#8211; E-Mail info@rcrindustrialflooring.com.\n\nWir behalten uns das Recht vor, diese Erkl\u00e4rung jederzeit und ohne Vorank\u00fcndigung zu aktualisieren.\n\n&nbsp;\t\t\t\t\t\t\t\t<\/div>\n\t\t\t\t<\/div>\n\t\t\t\t\t<\/div>\n\t\t<\/div>\n\t\t\t\t\t<\/div>\n\t\t<\/section>\n\t\t\t\t<\/div>\n\t\t","protected":false},"excerpt":{"rendered":"<p>Allgemeine Gesch\u00e4ftsbedingungen f\u00fcr die Website Dies sind die Bedingungen f\u00fcr die Nutzung dieser Website. Wenn Sie die Website nutzen, wird davon ausgegangen, dass Sie sie akzeptiert haben. Nutzung dieser Website Die Angaben auf dieser Seite dienen nur der allgemeinen Information und stellen keine Werbung dar.\u00a0 Wir \u00fcbernehmen keine Verantwortung f\u00fcr Verluste, die durch den Zugang [&hellip;]<\/p>\n","protected":false},"author":2,"featured_media":0,"parent":0,"menu_order":0,"comment_status":"closed","ping_status":"closed","template":"","meta":{"footnotes":""},"class_list":["post-4565","page","type-page","status-publish","hentry"],"yoast_head":"<!-- This site is optimized with the Yoast SEO plugin v27.3 - https:\/\/yoast.com\/product\/yoast-seo-wordpress\/ -->\n<title>Cookie-Politik - RINOL<\/title>\n<meta name=\"description\" content=\"In unserer Cookie-Politik erfahren Sie, wie wir Daten verwenden und Ihre Privatsph\u00e4re beim Surfen auf unserer Website sch\u00fctzen. Lesen Sie hier mehr.\" \/>\n<meta name=\"robots\" content=\"index, follow, max-snippet:-1, max-image-preview:large, max-video-preview:-1\" \/>\n<link rel=\"canonical\" href=\"https:\/\/rinol.com\/de\/cookie-politik\/\" \/>\n<meta property=\"og:locale\" content=\"de_DE\" \/>\n<meta property=\"og:type\" content=\"article\" \/>\n<meta property=\"og:title\" content=\"Cookie-Politik - RINOL\" \/>\n<meta property=\"og:description\" content=\"In unserer Cookie-Politik erfahren Sie, wie wir Daten verwenden und Ihre Privatsph\u00e4re beim Surfen auf unserer Website sch\u00fctzen. Lesen Sie hier mehr.\" \/>\n<meta property=\"og:url\" content=\"https:\/\/rinol.com\/de\/cookie-politik\/\" \/>\n<meta property=\"og:site_name\" content=\"RINOL\" \/>\n<meta property=\"article:modified_time\" content=\"2025-02-07T16:16:32+00:00\" \/>\n<meta name=\"twitter:card\" content=\"summary_large_image\" \/>\n<meta name=\"twitter:label1\" content=\"Est. reading time\" \/>\n\t<meta name=\"twitter:data1\" content=\"10 minutes\" \/>\n<script type=\"application\/ld+json\" class=\"yoast-schema-graph\">{\"@context\":\"https:\\\/\\\/schema.org\",\"@graph\":[{\"@type\":\"WebPage\",\"@id\":\"https:\\\/\\\/rinol.com\\\/de\\\/cookie-politik\\\/\",\"url\":\"https:\\\/\\\/rinol.com\\\/de\\\/cookie-politik\\\/\",\"name\":\"Cookie-Politik - RINOL\",\"isPartOf\":{\"@id\":\"https:\\\/\\\/rinol.com\\\/de\\\/#website\"},\"datePublished\":\"2021-02-15T14:32:54+00:00\",\"dateModified\":\"2025-02-07T16:16:32+00:00\",\"description\":\"In unserer Cookie-Politik erfahren Sie, wie wir Daten verwenden und Ihre Privatsph\u00e4re beim Surfen auf unserer Website sch\u00fctzen. Lesen Sie hier mehr.\",\"breadcrumb\":{\"@id\":\"https:\\\/\\\/rinol.com\\\/de\\\/cookie-politik\\\/#breadcrumb\"},\"inLanguage\":\"de-DE\",\"potentialAction\":[{\"@type\":\"ReadAction\",\"target\":[\"https:\\\/\\\/rinol.com\\\/de\\\/cookie-politik\\\/\"]}]},{\"@type\":\"BreadcrumbList\",\"@id\":\"https:\\\/\\\/rinol.com\\\/de\\\/cookie-politik\\\/#breadcrumb\",\"itemListElement\":[{\"@type\":\"ListItem\",\"position\":1,\"name\":\"Home\",\"item\":\"https:\\\/\\\/rinol.com\\\/de\\\/\"},{\"@type\":\"ListItem\",\"position\":2,\"name\":\"Cookies Politik\"}]},{\"@type\":\"WebSite\",\"@id\":\"https:\\\/\\\/rinol.com\\\/de\\\/#website\",\"url\":\"https:\\\/\\\/rinol.com\\\/de\\\/\",\"name\":\"RINOL\",\"description\":\"Industrial flooring solutions\",\"publisher\":{\"@id\":\"https:\\\/\\\/rinol.com\\\/de\\\/#organization\"},\"potentialAction\":[{\"@type\":\"SearchAction\",\"target\":{\"@type\":\"EntryPoint\",\"urlTemplate\":\"https:\\\/\\\/rinol.com\\\/de\\\/?s={search_term_string}\"},\"query-input\":{\"@type\":\"PropertyValueSpecification\",\"valueRequired\":true,\"valueName\":\"search_term_string\"}}],\"inLanguage\":\"de-DE\"},{\"@type\":\"Organization\",\"@id\":\"https:\\\/\\\/rinol.com\\\/de\\\/#organization\",\"name\":\"RINOL\",\"url\":\"https:\\\/\\\/rinol.com\\\/de\\\/\",\"logo\":{\"@type\":\"ImageObject\",\"inLanguage\":\"de-DE\",\"@id\":\"https:\\\/\\\/rinol.com\\\/de\\\/#\\\/schema\\\/logo\\\/image\\\/\",\"url\":\"https:\\\/\\\/rinol.com\\\/wp-content\\\/uploads\\\/2021\\\/02\\\/cropped-RINOL-logo-300-dpi_trans-1.png\",\"contentUrl\":\"https:\\\/\\\/rinol.com\\\/wp-content\\\/uploads\\\/2021\\\/02\\\/cropped-RINOL-logo-300-dpi_trans-1.png\",\"width\":1950,\"height\":793,\"caption\":\"RINOL\"},\"image\":{\"@id\":\"https:\\\/\\\/rinol.com\\\/de\\\/#\\\/schema\\\/logo\\\/image\\\/\"}}]}<\/script>\n<!-- \/ Yoast SEO plugin. -->","yoast_head_json":{"title":"Cookie-Politik - RINOL","description":"In unserer Cookie-Politik erfahren Sie, wie wir Daten verwenden und Ihre Privatsph\u00e4re beim Surfen auf unserer Website sch\u00fctzen. Lesen Sie hier mehr.","robots":{"index":"index","follow":"follow","max-snippet":"max-snippet:-1","max-image-preview":"max-image-preview:large","max-video-preview":"max-video-preview:-1"},"canonical":"https:\/\/rinol.com\/de\/cookie-politik\/","og_locale":"de_DE","og_type":"article","og_title":"Cookie-Politik - RINOL","og_description":"In unserer Cookie-Politik erfahren Sie, wie wir Daten verwenden und Ihre Privatsph\u00e4re beim Surfen auf unserer Website sch\u00fctzen. Lesen Sie hier mehr.","og_url":"https:\/\/rinol.com\/de\/cookie-politik\/","og_site_name":"RINOL","article_modified_time":"2025-02-07T16:16:32+00:00","twitter_card":"summary_large_image","twitter_misc":{"Est. reading time":"10 minutes"},"schema":{"@context":"https:\/\/schema.org","@graph":[{"@type":"WebPage","@id":"https:\/\/rinol.com\/de\/cookie-politik\/","url":"https:\/\/rinol.com\/de\/cookie-politik\/","name":"Cookie-Politik - RINOL","isPartOf":{"@id":"https:\/\/rinol.com\/de\/#website"},"datePublished":"2021-02-15T14:32:54+00:00","dateModified":"2025-02-07T16:16:32+00:00","description":"In unserer Cookie-Politik erfahren Sie, wie wir Daten verwenden und Ihre Privatsph\u00e4re beim Surfen auf unserer Website sch\u00fctzen. Lesen Sie hier mehr.","breadcrumb":{"@id":"https:\/\/rinol.com\/de\/cookie-politik\/#breadcrumb"},"inLanguage":"de-DE","potentialAction":[{"@type":"ReadAction","target":["https:\/\/rinol.com\/de\/cookie-politik\/"]}]},{"@type":"BreadcrumbList","@id":"https:\/\/rinol.com\/de\/cookie-politik\/#breadcrumb","itemListElement":[{"@type":"ListItem","position":1,"name":"Home","item":"https:\/\/rinol.com\/de\/"},{"@type":"ListItem","position":2,"name":"Cookies Politik"}]},{"@type":"WebSite","@id":"https:\/\/rinol.com\/de\/#website","url":"https:\/\/rinol.com\/de\/","name":"RINOL","description":"Industrial flooring solutions","publisher":{"@id":"https:\/\/rinol.com\/de\/#organization"},"potentialAction":[{"@type":"SearchAction","target":{"@type":"EntryPoint","urlTemplate":"https:\/\/rinol.com\/de\/?s={search_term_string}"},"query-input":{"@type":"PropertyValueSpecification","valueRequired":true,"valueName":"search_term_string"}}],"inLanguage":"de-DE"},{"@type":"Organization","@id":"https:\/\/rinol.com\/de\/#organization","name":"RINOL","url":"https:\/\/rinol.com\/de\/","logo":{"@type":"ImageObject","inLanguage":"de-DE","@id":"https:\/\/rinol.com\/de\/#\/schema\/logo\/image\/","url":"https:\/\/rinol.com\/wp-content\/uploads\/2021\/02\/cropped-RINOL-logo-300-dpi_trans-1.png","contentUrl":"https:\/\/rinol.com\/wp-content\/uploads\/2021\/02\/cropped-RINOL-logo-300-dpi_trans-1.png","width":1950,"height":793,"caption":"RINOL"},"image":{"@id":"https:\/\/rinol.com\/de\/#\/schema\/logo\/image\/"}}]}},"_links":{"self":[{"href":"https:\/\/rinol.com\/de\/wp-json\/wp\/v2\/pages\/4565","targetHints":{"allow":["GET"]}}],"collection":[{"href":"https:\/\/rinol.com\/de\/wp-json\/wp\/v2\/pages"}],"about":[{"href":"https:\/\/rinol.com\/de\/wp-json\/wp\/v2\/types\/page"}],"author":[{"embeddable":true,"href":"https:\/\/rinol.com\/de\/wp-json\/wp\/v2\/users\/2"}],"replies":[{"embeddable":true,"href":"https:\/\/rinol.com\/de\/wp-json\/wp\/v2\/comments?post=4565"}],"version-history":[{"count":11,"href":"https:\/\/rinol.com\/de\/wp-json\/wp\/v2\/pages\/4565\/revisions"}],"predecessor-version":[{"id":22408,"href":"https:\/\/rinol.com\/de\/wp-json\/wp\/v2\/pages\/4565\/revisions\/22408"}],"wp:attachment":[{"href":"https:\/\/rinol.com\/de\/wp-json\/wp\/v2\/media?parent=4565"}],"curies":[{"name":"wp","href":"https:\/\/api.w.org\/{rel}","templated":true}]}}