{"id":4571,"date":"2021-02-15T15:35:52","date_gmt":"2021-02-15T14:35:52","guid":{"rendered":"https:\/\/rinol.it\/green-building\/"},"modified":"2025-02-07T17:25:42","modified_gmt":"2025-02-07T16:25:42","slug":"green-building","status":"publish","type":"page","link":"https:\/\/rinol.com\/de\/green-building\/","title":{"rendered":"Green Building"},"content":{"rendered":"\t\t<div data-elementor-type=\"wp-page\" data-elementor-id=\"4571\" class=\"elementor elementor-4571 elementor-1458\" data-elementor-post-type=\"page\">\n\t\t\t\t\t\t<section class=\"elementor-section elementor-top-section elementor-element elementor-element-a49b7f7 elementor-section-boxed elementor-section-height-default elementor-section-height-default\" data-id=\"a49b7f7\" data-element_type=\"section\" data-e-type=\"section\">\n\t\t\t\t\t\t<div class=\"elementor-container elementor-column-gap-default\">\n\t\t\t\t\t<div class=\"elementor-column elementor-col-100 elementor-top-column elementor-element elementor-element-cd605fd\" data-id=\"cd605fd\" data-element_type=\"column\" data-e-type=\"column\" data-settings=\"{&quot;motion_fx_motion_fx_scrolling&quot;:&quot;yes&quot;,&quot;motion_fx_devices&quot;:[&quot;desktop&quot;,&quot;tablet&quot;,&quot;mobile&quot;]}\">\n\t\t\t<div class=\"elementor-widget-wrap elementor-element-populated\">\n\t\t\t\t\t\t<div class=\"elementor-element elementor-element-b5f5c63 elementor-widget elementor-widget-heading\" data-id=\"b5f5c63\" data-element_type=\"widget\" data-e-type=\"widget\" data-widget_type=\"heading.default\">\n\t\t\t\t<div class=\"elementor-widget-container\">\n\t\t\t\t\t<h1 class=\"elementor-heading-title elementor-size-small\"><b>Green building RINOL<\/b><\/h1>\t\t\t\t<\/div>\n\t\t\t\t<\/div>\n\t\t\t\t<div class=\"elementor-element elementor-element-94b3df6 elementor-widget elementor-widget-shortcode\" data-id=\"94b3df6\" data-element_type=\"widget\" data-e-type=\"widget\" data-widget_type=\"shortcode.default\">\n\t\t\t\t<div class=\"elementor-widget-container\">\n\t\t\t\t\t\t\t<div class=\"elementor-shortcode\"><p id=\"breadcrumbs\"><span><span><a href=\"https:\/\/rinol.com\/de\/\">Home<\/a><\/span><\/span><\/p><\/div>\n\t\t\t\t\t\t<\/div>\n\t\t\t\t<\/div>\n\t\t\t\t\t<\/div>\n\t\t<\/div>\n\t\t\t\t\t<\/div>\n\t\t<\/section>\n\t\t\t\t<section class=\"elementor-section elementor-top-section elementor-element elementor-element-54961075 elementor-section-full_width elementor-section-height-min-height elementor-section-items-stretch elementor-section-content-middle elementor-reverse-mobile elementor-reverse-tablet elementor-section-height-default\" data-id=\"54961075\" data-element_type=\"section\" data-e-type=\"section\">\n\t\t\t\t\t\t<div class=\"elementor-container elementor-column-gap-no\">\n\t\t\t\t\t<div class=\"elementor-column elementor-col-50 elementor-top-column elementor-element elementor-element-6c978043\" data-id=\"6c978043\" data-element_type=\"column\" data-e-type=\"column\">\n\t\t\t<div class=\"elementor-widget-wrap elementor-element-populated\">\n\t\t\t\t\t\t<div class=\"elementor-element elementor-element-2d07441 elementor-invisible elementor-widget elementor-widget-text-editor\" data-id=\"2d07441\" data-element_type=\"widget\" data-e-type=\"widget\" data-settings=\"{&quot;_animation&quot;:&quot;fadeIn&quot;}\" data-widget_type=\"text-editor.default\">\n\t\t\t\t<div class=\"elementor-widget-container\">\n\t\t\t\t\t\t\t\t\t<p>Nachhaltiges Bauen hat in den vergangenen Jahren weltweit mehr und mehr an Bedeutung gewonnen. Heute sind unterschiedlichste l\u00e4nderspezifische Anforderungen und Zertifizierungen erforderlich. Eines haben jedoch alle L\u00e4nder und Zertifizierungssysteme gemeinsam \u2013 sie wollen mehr \u00f6kologische Nachhaltigkeit in der Baubranche schaffen.<\/p>\n<p>Unsere Forschungs- und Entwicklungsabteilung arbeitet dauerhaft und konsequent an Produktneu- und -weiterentwicklungen. Das angestrebte Ziel von RINOL ist es, unseren Kunden und Partnern innovative und nachhaltige Produkte und Systeml\u00f6sungen anzubieten, die sich in Dauerhaftigkeit, Effizienz, \u00d6kologie und \u00c4sthetik von anderen Produkten unterscheiden und Mehrwerte generieren.<\/p>\n<p>Die Gesundheit und das Wohlbefinden von Menschen, die in Innenbereichen der verschiedensten Branchen t\u00e4tig sind, werden nicht nur durch klimatische Bedingungen und Verunreinigungen in der Luft bestimmt. Nachhaltige und umweltvertr\u00e4gliche Produkte, die emissionsarm sind, unterst\u00fctzen nicht nur die Umwelt, sondern sie sorgen auch f\u00fcr ein gesundheitsvertr\u00e4gliches Raumklima.<\/p>\n<p>Das die Produkte und Systeme von RINOL viele Kriterien erf\u00fcllen und umweltvertr\u00e4glich sind, zeigen die Pr\u00fcfungen nach AGBB, Eurofins, ISEGA und LEED.<\/p>\n\t\t\t\t\t\t\t\t<\/div>\n\t\t\t\t<\/div>\n\t\t\t\t<div class=\"elementor-element elementor-element-9d65cee elementor-widget elementor-widget-image\" data-id=\"9d65cee\" data-element_type=\"widget\" data-e-type=\"widget\" data-widget_type=\"image.default\">\n\t\t\t\t<div class=\"elementor-widget-container\">\n\t\t\t\t\t\t\t\t\t\t\t\t\t\t\t<img fetchpriority=\"high\" decoding=\"async\" width=\"800\" height=\"225\" src=\"https:\/\/rinol.com\/wp-content\/uploads\/2021\/02\/rinol_stamps_going_green-1024x288.png\" class=\"attachment-large size-large wp-image-4292\" alt=\"\" srcset=\"https:\/\/rinol.com\/wp-content\/uploads\/2021\/02\/rinol_stamps_going_green-1024x288.png 1024w, https:\/\/rinol.com\/wp-content\/uploads\/2021\/02\/rinol_stamps_going_green-600x168.webp 600w, https:\/\/rinol.com\/wp-content\/uploads\/2021\/02\/rinol_stamps_going_green-300x84.png 300w, https:\/\/rinol.com\/wp-content\/uploads\/2021\/02\/rinol_stamps_going_green-768x216.png 768w, https:\/\/rinol.com\/wp-content\/uploads\/2021\/02\/rinol_stamps_going_green-1536x431.png 1536w, https:\/\/rinol.com\/wp-content\/uploads\/2021\/02\/rinol_stamps_going_green-2048x575.png 2048w, https:\/\/rinol.com\/wp-content\/uploads\/2021\/02\/rinol_stamps_going_green.webp 1920w\" sizes=\"(max-width: 800px) 100vw, 800px\" \/>\t\t\t\t\t\t\t\t\t\t\t\t\t\t\t<\/div>\n\t\t\t\t<\/div>\n\t\t\t\t\t<\/div>\n\t\t<\/div>\n\t\t\t\t<div class=\"elementor-column elementor-col-50 elementor-top-column elementor-element elementor-element-3bb650c2\" data-id=\"3bb650c2\" data-element_type=\"column\" data-e-type=\"column\" data-settings=\"{&quot;background_background&quot;:&quot;classic&quot;}\">\n\t\t\t<div class=\"elementor-widget-wrap elementor-element-populated\">\n\t\t\t\t\t\t<div class=\"elementor-element elementor-element-b03fec6 elementor-widget elementor-widget-spacer\" data-id=\"b03fec6\" data-element_type=\"widget\" data-e-type=\"widget\" data-widget_type=\"spacer.default\">\n\t\t\t\t<div class=\"elementor-widget-container\">\n\t\t\t\t\t\t\t<div class=\"elementor-spacer\">\n\t\t\t<div class=\"elementor-spacer-inner\"><\/div>\n\t\t<\/div>\n\t\t\t\t\t\t<\/div>\n\t\t\t\t<\/div>\n\t\t\t\t\t<\/div>\n\t\t<\/div>\n\t\t\t\t\t<\/div>\n\t\t<\/section>\n\t\t<div class=\"elementor-element elementor-element-56806c17 e-flex e-con-boxed e-con e-parent\" data-id=\"56806c17\" data-element_type=\"container\" data-e-type=\"container\" data-settings=\"{&quot;background_background&quot;:&quot;classic&quot;}\">\n\t\t\t\t\t<div class=\"e-con-inner\">\n\t\t<div class=\"elementor-element elementor-element-67794a0 e-con-full e-flex e-con e-child\" data-id=\"67794a0\" data-element_type=\"container\" data-e-type=\"container\">\n\t\t\t\t<div class=\"elementor-element elementor-element-761eaee2 elementor-widget elementor-widget-heading\" data-id=\"761eaee2\" data-element_type=\"widget\" data-e-type=\"widget\" data-widget_type=\"heading.default\">\n\t\t\t\t<div class=\"elementor-widget-container\">\n\t\t\t\t\t<h2 class=\"elementor-heading-title elementor-size-default\">Entdecke die neue RINOL<b><i>GreenCoat<\/i><\/b>-Linie: Nachhaltigkeit ohne Kompromisse<\/h2>\t\t\t\t<\/div>\n\t\t\t\t<\/div>\n\t\t\t\t<div class=\"elementor-element elementor-element-264614bb elementor-widget elementor-widget-text-editor\" data-id=\"264614bb\" data-element_type=\"widget\" data-e-type=\"widget\" data-widget_type=\"text-editor.default\">\n\t\t\t\t<div class=\"elementor-widget-container\">\n\t\t\t\t\t\t\t\t\t<p>Die RINOL<b><i>GreenCoat<\/i><\/b>-Produktlinie definiert Industriebeschichtungen neu, indem sie hohe Leistung mit Nachhaltigkeit verbindet. Mit einem Anteil von bis zu 23 % an biobasierten Inhaltsstoffen und frei von sch\u00e4dlichen Substanzen sind diese Produkte f\u00fcr Branchen konzipiert, in denen Langlebigkeit und Umweltsicherheit im Vordergrund stehen. Sie sind weltweit zertifiziert und sch\u00fctzen sowohl die Menschen als auch den Planeten.<\/p>\n\t\t\t\t\t\t\t\t<\/div>\n\t\t\t\t<\/div>\n\t\t\t\t<div class=\"elementor-element elementor-element-62ff3e4f elementor-widget-mobile__width-inherit elementor-align-center elementor-invisible elementor-widget elementor-widget-button\" data-id=\"62ff3e4f\" data-element_type=\"widget\" data-e-type=\"widget\" data-settings=\"{&quot;_animation&quot;:&quot;fadeInDown&quot;}\" data-widget_type=\"button.default\">\n\t\t\t\t<div class=\"elementor-widget-container\">\n\t\t\t\t\t\t\t\t\t<div class=\"elementor-button-wrapper\">\n\t\t\t\t\t<a class=\"elementor-button elementor-button-link elementor-size-sm\" href=\"https:\/\/rinol.com\/de\/systembroschueren-nach-branchen\/\" target=\"_blank\">\n\t\t\t\t\t\t<span class=\"elementor-button-content-wrapper\">\n\t\t\t\t\t\t\t\t\t<span class=\"elementor-button-text\">Vollst\u00e4ndige Brosch\u00fcre herunterladen<\/span>\n\t\t\t\t\t<\/span>\n\t\t\t\t\t<\/a>\n\t\t\t\t<\/div>\n\t\t\t\t\t\t\t\t<\/div>\n\t\t\t\t<\/div>\n\t\t\t\t<\/div>\n\t\t<div class=\"elementor-element elementor-element-3c7c36a4 e-con-full e-flex e-con e-child\" data-id=\"3c7c36a4\" data-element_type=\"container\" data-e-type=\"container\">\n\t\t\t\t<div class=\"elementor-element elementor-element-04f94c6 elementor-widget elementor-widget-image\" data-id=\"04f94c6\" data-element_type=\"widget\" data-e-type=\"widget\" data-settings=\"{&quot;motion_fx_motion_fx_scrolling&quot;:&quot;yes&quot;,&quot;motion_fx_scale_effect&quot;:&quot;yes&quot;,&quot;motion_fx_scale_range&quot;:{&quot;unit&quot;:&quot;%&quot;,&quot;size&quot;:&quot;&quot;,&quot;sizes&quot;:{&quot;start&quot;:51,&quot;end&quot;:100}},&quot;motion_fx_scale_direction&quot;:&quot;out-in&quot;,&quot;motion_fx_scale_speed&quot;:{&quot;unit&quot;:&quot;px&quot;,&quot;size&quot;:4,&quot;sizes&quot;:[]},&quot;motion_fx_devices&quot;:[&quot;desktop&quot;,&quot;tablet&quot;,&quot;mobile&quot;]}\" data-widget_type=\"image.default\">\n\t\t\t\t<div class=\"elementor-widget-container\">\n\t\t\t\t\t\t\t\t\t\t\t\t\t\t\t<img decoding=\"async\" width=\"724\" height=\"1024\" src=\"https:\/\/rinol.com\/wp-content\/uploads\/2024\/10\/caratula-de-folleto-724x1024.jpg\" class=\"attachment-large size-large wp-image-19519\" alt=\"\" srcset=\"https:\/\/rinol.com\/wp-content\/uploads\/2024\/10\/caratula-de-folleto-724x1024.jpg 724w, https:\/\/rinol.com\/wp-content\/uploads\/2024\/10\/caratula-de-folleto-600x849.jpg 600w, https:\/\/rinol.com\/wp-content\/uploads\/2024\/10\/caratula-de-folleto-212x300.jpg 212w, https:\/\/rinol.com\/wp-content\/uploads\/2024\/10\/caratula-de-folleto-768x1086.jpg 768w, https:\/\/rinol.com\/wp-content\/uploads\/2024\/10\/caratula-de-folleto-1086x1536.jpg 1086w, https:\/\/rinol.com\/wp-content\/uploads\/2024\/10\/caratula-de-folleto.jpg 1190w\" sizes=\"(max-width: 724px) 100vw, 724px\" \/>\t\t\t\t\t\t\t\t\t\t\t\t\t\t\t<\/div>\n\t\t\t\t<\/div>\n\t\t\t\t<\/div>\n\t\t\t\t\t<\/div>\n\t\t\t\t<\/div>\n\t\t\t\t<\/div>\n\t\t","protected":false},"excerpt":{"rendered":"<p>Green building RINOL Nachhaltiges Bauen hat in den vergangenen Jahren weltweit mehr und mehr an Bedeutung gewonnen. Heute sind unterschiedlichste l\u00e4nderspezifische Anforderungen und Zertifizierungen erforderlich. Eines haben jedoch alle L\u00e4nder und Zertifizierungssysteme gemeinsam \u2013 sie wollen mehr \u00f6kologische Nachhaltigkeit in der Baubranche schaffen. Unsere Forschungs- und Entwicklungsabteilung arbeitet dauerhaft und konsequent an Produktneu- und -weiterentwicklungen. [&hellip;]<\/p>\n","protected":false},"author":2,"featured_media":0,"parent":0,"menu_order":0,"comment_status":"closed","ping_status":"closed","template":"","meta":{"footnotes":""},"class_list":["post-4571","page","type-page","status-publish","hentry"],"yoast_head":"<!-- This site is optimized with the Yoast SEO plugin v27.3 - https:\/\/yoast.com\/product\/yoast-seo-wordpress\/ -->\n<title>Green building - RINOL<\/title>\n<meta name=\"description\" content=\"RINOL tr\u00e4gt mit nachhaltigen L\u00f6sungen f\u00fcr Industrieb\u00f6den zu LEED-zertifizierten Green Building-Projekten bei. Besuchen Sie die Seite f\u00fcr weitere Informationen.\" \/>\n<meta name=\"robots\" content=\"index, follow, max-snippet:-1, max-image-preview:large, max-video-preview:-1\" \/>\n<link rel=\"canonical\" href=\"https:\/\/rinol.com\/de\/green-building\/\" \/>\n<meta property=\"og:locale\" content=\"de_DE\" \/>\n<meta property=\"og:type\" content=\"article\" \/>\n<meta property=\"og:title\" content=\"Green building - RINOL\" \/>\n<meta property=\"og:description\" content=\"RINOL tr\u00e4gt mit nachhaltigen L\u00f6sungen f\u00fcr Industrieb\u00f6den zu LEED-zertifizierten Green Building-Projekten bei. Besuchen Sie die Seite f\u00fcr weitere Informationen.\" \/>\n<meta property=\"og:url\" content=\"https:\/\/rinol.com\/de\/green-building\/\" \/>\n<meta property=\"og:site_name\" content=\"RINOL\" \/>\n<meta property=\"article:modified_time\" content=\"2025-02-07T16:25:42+00:00\" \/>\n<meta property=\"og:image\" content=\"https:\/\/rinol.com\/wp-content\/uploads\/2021\/02\/rinol_stamps_going_green.webp\" \/>\n\t<meta property=\"og:image:width\" content=\"1920\" \/>\n\t<meta property=\"og:image:height\" content=\"539\" \/>\n\t<meta property=\"og:image:type\" content=\"image\/png\" \/>\n<meta name=\"twitter:card\" content=\"summary_large_image\" \/>\n<meta name=\"twitter:label1\" content=\"Est. reading time\" \/>\n\t<meta name=\"twitter:data1\" content=\"2 minutes\" \/>\n<script type=\"application\/ld+json\" class=\"yoast-schema-graph\">{\"@context\":\"https:\\\/\\\/schema.org\",\"@graph\":[{\"@type\":\"WebPage\",\"@id\":\"https:\\\/\\\/rinol.com\\\/de\\\/green-building\\\/\",\"url\":\"https:\\\/\\\/rinol.com\\\/de\\\/green-building\\\/\",\"name\":\"Green building - RINOL\",\"isPartOf\":{\"@id\":\"https:\\\/\\\/rinol.com\\\/de\\\/#website\"},\"primaryImageOfPage\":{\"@id\":\"https:\\\/\\\/rinol.com\\\/de\\\/green-building\\\/#primaryimage\"},\"image\":{\"@id\":\"https:\\\/\\\/rinol.com\\\/de\\\/green-building\\\/#primaryimage\"},\"thumbnailUrl\":\"https:\\\/\\\/rinol.com\\\/wp-content\\\/uploads\\\/2021\\\/02\\\/rinol_stamps_going_green-1024x288.png\",\"datePublished\":\"2021-02-15T14:35:52+00:00\",\"dateModified\":\"2025-02-07T16:25:42+00:00\",\"description\":\"RINOL tr\u00e4gt mit nachhaltigen L\u00f6sungen f\u00fcr Industrieb\u00f6den zu LEED-zertifizierten Green Building-Projekten bei. Besuchen Sie die Seite f\u00fcr weitere Informationen.\",\"breadcrumb\":{\"@id\":\"https:\\\/\\\/rinol.com\\\/de\\\/green-building\\\/#breadcrumb\"},\"inLanguage\":\"de-DE\",\"potentialAction\":[{\"@type\":\"ReadAction\",\"target\":[\"https:\\\/\\\/rinol.com\\\/de\\\/green-building\\\/\"]}]},{\"@type\":\"ImageObject\",\"inLanguage\":\"de-DE\",\"@id\":\"https:\\\/\\\/rinol.com\\\/de\\\/green-building\\\/#primaryimage\",\"url\":\"https:\\\/\\\/rinol.com\\\/wp-content\\\/uploads\\\/2021\\\/02\\\/rinol_stamps_going_green-1024x288.png\",\"contentUrl\":\"https:\\\/\\\/rinol.com\\\/wp-content\\\/uploads\\\/2021\\\/02\\\/rinol_stamps_going_green-1024x288.png\"},{\"@type\":\"BreadcrumbList\",\"@id\":\"https:\\\/\\\/rinol.com\\\/de\\\/green-building\\\/#breadcrumb\",\"itemListElement\":[{\"@type\":\"ListItem\",\"position\":1,\"name\":\"Home\",\"item\":\"https:\\\/\\\/rinol.com\\\/de\\\/\"},{\"@type\":\"ListItem\",\"position\":2,\"name\":\"Green Building\"}]},{\"@type\":\"WebSite\",\"@id\":\"https:\\\/\\\/rinol.com\\\/de\\\/#website\",\"url\":\"https:\\\/\\\/rinol.com\\\/de\\\/\",\"name\":\"RINOL\",\"description\":\"Industrial flooring solutions\",\"publisher\":{\"@id\":\"https:\\\/\\\/rinol.com\\\/de\\\/#organization\"},\"potentialAction\":[{\"@type\":\"SearchAction\",\"target\":{\"@type\":\"EntryPoint\",\"urlTemplate\":\"https:\\\/\\\/rinol.com\\\/de\\\/?s={search_term_string}\"},\"query-input\":{\"@type\":\"PropertyValueSpecification\",\"valueRequired\":true,\"valueName\":\"search_term_string\"}}],\"inLanguage\":\"de-DE\"},{\"@type\":\"Organization\",\"@id\":\"https:\\\/\\\/rinol.com\\\/de\\\/#organization\",\"name\":\"RINOL\",\"url\":\"https:\\\/\\\/rinol.com\\\/de\\\/\",\"logo\":{\"@type\":\"ImageObject\",\"inLanguage\":\"de-DE\",\"@id\":\"https:\\\/\\\/rinol.com\\\/de\\\/#\\\/schema\\\/logo\\\/image\\\/\",\"url\":\"https:\\\/\\\/rinol.com\\\/wp-content\\\/uploads\\\/2021\\\/02\\\/cropped-RINOL-logo-300-dpi_trans-1.png\",\"contentUrl\":\"https:\\\/\\\/rinol.com\\\/wp-content\\\/uploads\\\/2021\\\/02\\\/cropped-RINOL-logo-300-dpi_trans-1.png\",\"width\":1950,\"height\":793,\"caption\":\"RINOL\"},\"image\":{\"@id\":\"https:\\\/\\\/rinol.com\\\/de\\\/#\\\/schema\\\/logo\\\/image\\\/\"}}]}<\/script>\n<!-- \/ Yoast SEO plugin. -->","yoast_head_json":{"title":"Green building - RINOL","description":"RINOL tr\u00e4gt mit nachhaltigen L\u00f6sungen f\u00fcr Industrieb\u00f6den zu LEED-zertifizierten Green Building-Projekten bei. Besuchen Sie die Seite f\u00fcr weitere Informationen.","robots":{"index":"index","follow":"follow","max-snippet":"max-snippet:-1","max-image-preview":"max-image-preview:large","max-video-preview":"max-video-preview:-1"},"canonical":"https:\/\/rinol.com\/de\/green-building\/","og_locale":"de_DE","og_type":"article","og_title":"Green building - RINOL","og_description":"RINOL tr\u00e4gt mit nachhaltigen L\u00f6sungen f\u00fcr Industrieb\u00f6den zu LEED-zertifizierten Green Building-Projekten bei. Besuchen Sie die Seite f\u00fcr weitere Informationen.","og_url":"https:\/\/rinol.com\/de\/green-building\/","og_site_name":"RINOL","article_modified_time":"2025-02-07T16:25:42+00:00","og_image":[{"width":1920,"height":539,"url":"https:\/\/rinol.com\/wp-content\/uploads\/2021\/02\/rinol_stamps_going_green.webp","type":"image\/png"}],"twitter_card":"summary_large_image","twitter_misc":{"Est. reading time":"2 minutes"},"schema":{"@context":"https:\/\/schema.org","@graph":[{"@type":"WebPage","@id":"https:\/\/rinol.com\/de\/green-building\/","url":"https:\/\/rinol.com\/de\/green-building\/","name":"Green building - RINOL","isPartOf":{"@id":"https:\/\/rinol.com\/de\/#website"},"primaryImageOfPage":{"@id":"https:\/\/rinol.com\/de\/green-building\/#primaryimage"},"image":{"@id":"https:\/\/rinol.com\/de\/green-building\/#primaryimage"},"thumbnailUrl":"https:\/\/rinol.com\/wp-content\/uploads\/2021\/02\/rinol_stamps_going_green-1024x288.png","datePublished":"2021-02-15T14:35:52+00:00","dateModified":"2025-02-07T16:25:42+00:00","description":"RINOL tr\u00e4gt mit nachhaltigen L\u00f6sungen f\u00fcr Industrieb\u00f6den zu LEED-zertifizierten Green Building-Projekten bei. Besuchen Sie die Seite f\u00fcr weitere Informationen.","breadcrumb":{"@id":"https:\/\/rinol.com\/de\/green-building\/#breadcrumb"},"inLanguage":"de-DE","potentialAction":[{"@type":"ReadAction","target":["https:\/\/rinol.com\/de\/green-building\/"]}]},{"@type":"ImageObject","inLanguage":"de-DE","@id":"https:\/\/rinol.com\/de\/green-building\/#primaryimage","url":"https:\/\/rinol.com\/wp-content\/uploads\/2021\/02\/rinol_stamps_going_green-1024x288.png","contentUrl":"https:\/\/rinol.com\/wp-content\/uploads\/2021\/02\/rinol_stamps_going_green-1024x288.png"},{"@type":"BreadcrumbList","@id":"https:\/\/rinol.com\/de\/green-building\/#breadcrumb","itemListElement":[{"@type":"ListItem","position":1,"name":"Home","item":"https:\/\/rinol.com\/de\/"},{"@type":"ListItem","position":2,"name":"Green Building"}]},{"@type":"WebSite","@id":"https:\/\/rinol.com\/de\/#website","url":"https:\/\/rinol.com\/de\/","name":"RINOL","description":"Industrial flooring solutions","publisher":{"@id":"https:\/\/rinol.com\/de\/#organization"},"potentialAction":[{"@type":"SearchAction","target":{"@type":"EntryPoint","urlTemplate":"https:\/\/rinol.com\/de\/?s={search_term_string}"},"query-input":{"@type":"PropertyValueSpecification","valueRequired":true,"valueName":"search_term_string"}}],"inLanguage":"de-DE"},{"@type":"Organization","@id":"https:\/\/rinol.com\/de\/#organization","name":"RINOL","url":"https:\/\/rinol.com\/de\/","logo":{"@type":"ImageObject","inLanguage":"de-DE","@id":"https:\/\/rinol.com\/de\/#\/schema\/logo\/image\/","url":"https:\/\/rinol.com\/wp-content\/uploads\/2021\/02\/cropped-RINOL-logo-300-dpi_trans-1.png","contentUrl":"https:\/\/rinol.com\/wp-content\/uploads\/2021\/02\/cropped-RINOL-logo-300-dpi_trans-1.png","width":1950,"height":793,"caption":"RINOL"},"image":{"@id":"https:\/\/rinol.com\/de\/#\/schema\/logo\/image\/"}}]}},"_links":{"self":[{"href":"https:\/\/rinol.com\/de\/wp-json\/wp\/v2\/pages\/4571","targetHints":{"allow":["GET"]}}],"collection":[{"href":"https:\/\/rinol.com\/de\/wp-json\/wp\/v2\/pages"}],"about":[{"href":"https:\/\/rinol.com\/de\/wp-json\/wp\/v2\/types\/page"}],"author":[{"embeddable":true,"href":"https:\/\/rinol.com\/de\/wp-json\/wp\/v2\/users\/2"}],"replies":[{"embeddable":true,"href":"https:\/\/rinol.com\/de\/wp-json\/wp\/v2\/comments?post=4571"}],"version-history":[{"count":12,"href":"https:\/\/rinol.com\/de\/wp-json\/wp\/v2\/pages\/4571\/revisions"}],"predecessor-version":[{"id":22429,"href":"https:\/\/rinol.com\/de\/wp-json\/wp\/v2\/pages\/4571\/revisions\/22429"}],"wp:attachment":[{"href":"https:\/\/rinol.com\/de\/wp-json\/wp\/v2\/media?parent=4571"}],"curies":[{"name":"wp","href":"https:\/\/api.w.org\/{rel}","templated":true}]}}