{"id":7069,"date":"2021-06-21T15:44:52","date_gmt":"2021-06-21T13:44:52","guid":{"rendered":"https:\/\/rinol.it\/startseite-2\/"},"modified":"2025-09-19T16:34:09","modified_gmt":"2025-09-19T14:34:09","slug":"startseite-2","status":"publish","type":"page","link":"https:\/\/rinol.com\/de\/","title":{"rendered":"Startseite"},"content":{"rendered":"\t\t<div data-elementor-type=\"wp-page\" data-elementor-id=\"7069\" class=\"elementor elementor-7069 elementor-6587\" data-elementor-post-type=\"page\">\n\t\t\t\t\t\t<section class=\"elementor-section elementor-top-section elementor-element elementor-element-79f2df84 elementor-section-full_width elementor-section-height-min-height elementor-section-items-stretch elementor-section-content-middle elementor-reverse-mobile elementor-reverse-tablet elementor-section-height-default\" data-id=\"79f2df84\" data-element_type=\"section\" data-e-type=\"section\" data-settings=\"{&quot;background_background&quot;:&quot;video&quot;,&quot;background_video_link&quot;:&quot;https:\\\/\\\/youtu.be\\\/EnuWFNokME0&quot;}\">\n\t\t\t\t\t\t\t\t<div class=\"elementor-background-video-container elementor-hidden-mobile\">\n\t\t\t\t\t\t\t\t\t\t\t\t\t<div class=\"elementor-background-video-embed\" role=\"presentation\"><\/div>\n\t\t\t\t\t\t\t\t\t\t\t\t<\/div>\n\t\t\t\t\t\t\t\t<div class=\"elementor-container elementor-column-gap-no\">\n\t\t\t\t\t<div class=\"elementor-column elementor-col-50 elementor-top-column elementor-element elementor-element-7c1edd24\" data-id=\"7c1edd24\" data-element_type=\"column\" data-e-type=\"column\" data-settings=\"{&quot;background_background&quot;:&quot;gradient&quot;}\">\n\t\t\t<div class=\"elementor-widget-wrap elementor-element-populated\">\n\t\t\t\t\t\t<div class=\"elementor-element elementor-element-6925195b animated-fast elementor-invisible elementor-widget elementor-widget-heading\" data-id=\"6925195b\" data-element_type=\"widget\" data-e-type=\"widget\" data-settings=\"{&quot;_animation&quot;:&quot;fadeIn&quot;}\" data-widget_type=\"heading.default\">\n\t\t\t\t<div class=\"elementor-widget-container\">\n\t\t\t\t\t<h1 class=\"elementor-heading-title elementor-size-default\">WIR SIND DER MARKTF\u00dcHRER F\u00dcR <b>INDUSTRIELLE BODENBEL\u00c4GE UND \u00c4STHETISCHE BESCHICHTUNGEN<\/b><\/h1>\t\t\t\t<\/div>\n\t\t\t\t<\/div>\n\t\t\t\t<div class=\"elementor-element elementor-element-1b07fd11 elementor-align-center elementor-invisible elementor-widget elementor-widget-button\" data-id=\"1b07fd11\" data-element_type=\"widget\" data-e-type=\"widget\" data-settings=\"{&quot;_animation_delay&quot;:&quot;200&quot;,&quot;_animation&quot;:&quot;fadeIn&quot;}\" data-widget_type=\"button.default\">\n\t\t\t\t<div class=\"elementor-widget-container\">\n\t\t\t\t\t\t\t\t\t<div class=\"elementor-button-wrapper\">\n\t\t\t\t\t<a class=\"elementor-button elementor-button-link elementor-size-sm\" href=\"https:\/\/rinol.com\/de\/systeme-nach-branchen\/\">\n\t\t\t\t\t\t<span class=\"elementor-button-content-wrapper\">\n\t\t\t\t\t\t\t\t\t<span class=\"elementor-button-text\">RINOL SYSTEMS<\/span>\n\t\t\t\t\t<\/span>\n\t\t\t\t\t<\/a>\n\t\t\t\t<\/div>\n\t\t\t\t\t\t\t\t<\/div>\n\t\t\t\t<\/div>\n\t\t\t\t\t<\/div>\n\t\t<\/div>\n\t\t\t\t<div class=\"elementor-column elementor-col-50 elementor-top-column elementor-element elementor-element-190003f8 elementor-hidden-tablet elementor-hidden-phone\" data-id=\"190003f8\" data-element_type=\"column\" data-e-type=\"column\" data-settings=\"{&quot;background_background&quot;:&quot;slideshow&quot;,&quot;background_slideshow_gallery&quot;:[],&quot;background_slideshow_loop&quot;:&quot;yes&quot;,&quot;background_slideshow_slide_duration&quot;:5000,&quot;background_slideshow_slide_transition&quot;:&quot;fade&quot;,&quot;background_slideshow_transition_duration&quot;:500}\">\n\t\t\t<div class=\"elementor-widget-wrap\">\n\t\t\t\t\t\t\t<\/div>\n\t\t<\/div>\n\t\t\t\t\t<\/div>\n\t\t<\/section>\n\t\t\t\t<section class=\"elementor-section elementor-top-section elementor-element elementor-element-65065f5f elementor-section-full_width elementor-section-height-min-height elementor-section-items-stretch elementor-section-content-middle elementor-section-height-default\" data-id=\"65065f5f\" data-element_type=\"section\" data-e-type=\"section\" id=\"about\">\n\t\t\t\t\t\t<div class=\"elementor-container elementor-column-gap-no\">\n\t\t\t\t\t<div class=\"elementor-column elementor-col-50 elementor-top-column elementor-element elementor-element-468b3700 elementor-invisible\" data-id=\"468b3700\" data-element_type=\"column\" data-e-type=\"column\" data-settings=\"{&quot;background_background&quot;:&quot;classic&quot;,&quot;animation&quot;:&quot;fadeInLeft&quot;}\">\n\t\t\t<div class=\"elementor-widget-wrap\">\n\t\t\t\t\t\t\t<\/div>\n\t\t<\/div>\n\t\t\t\t<div class=\"elementor-column elementor-col-50 elementor-top-column elementor-element elementor-element-3891b78\" data-id=\"3891b78\" data-element_type=\"column\" data-e-type=\"column\" data-settings=\"{&quot;background_background&quot;:&quot;classic&quot;}\">\n\t\t\t<div class=\"elementor-widget-wrap elementor-element-populated\">\n\t\t\t\t\t\t<div class=\"elementor-element elementor-element-7310d08 elementor-invisible elementor-widget elementor-widget-heading\" data-id=\"7310d08\" data-element_type=\"widget\" data-e-type=\"widget\" data-settings=\"{&quot;_animation_mobile&quot;:&quot;none&quot;,&quot;_animation&quot;:&quot;fadeInUp&quot;}\" data-widget_type=\"heading.default\">\n\t\t\t\t<div class=\"elementor-widget-container\">\n\t\t\t\t\t<h2 class=\"elementor-heading-title elementor-size-default\">PROBLEME L\u00d6SEN <br><b>BEVOR SIE ENTSTEHEN<\/b><\/h2>\t\t\t\t<\/div>\n\t\t\t\t<\/div>\n\t\t\t\t<div class=\"elementor-element elementor-element-be94e7e elementor-invisible elementor-widget elementor-widget-text-editor\" data-id=\"be94e7e\" data-element_type=\"widget\" data-e-type=\"widget\" data-settings=\"{&quot;_animation&quot;:&quot;fadeIn&quot;}\" data-widget_type=\"text-editor.default\">\n\t\t\t\t<div class=\"elementor-widget-container\">\n\t\t\t\t\t\t\t\t\t<p>Ob bei der Schaffung neuer Bodenfl\u00e4chen, bei der Anpassung bestehender Bodenfl\u00e4chen an ver\u00e4nderte Nutzeranforderungen oder bei der Sanierung, wir verf\u00fcgen \u00fcber ein umfassendes Know-how f\u00fcr die Gestaltung und den Bau von RINOL Beschichtungssystemen und Industrieb\u00f6den.<\/p><p>Wir freuen uns, unseren Kunden diese F\u00e4higkeiten bereits in einem fr\u00fchen Stadium zur Verf\u00fcgung stellen zu k\u00f6nnen.<\/p>\t\t\t\t\t\t\t\t<\/div>\n\t\t\t\t<\/div>\n\t\t\t\t\t<\/div>\n\t\t<\/div>\n\t\t\t\t\t<\/div>\n\t\t<\/section>\n\t\t\t\t<section class=\"elementor-section elementor-top-section elementor-element elementor-element-b18a957 elementor-section-full_width elementor-section-height-min-height elementor-section-items-stretch elementor-section-content-middle elementor-section-height-default\" data-id=\"b18a957\" data-element_type=\"section\" data-e-type=\"section\">\n\t\t\t\t\t\t<div class=\"elementor-container elementor-column-gap-no\">\n\t\t\t\t\t<div class=\"elementor-column elementor-col-50 elementor-top-column elementor-element elementor-element-89c089b\" data-id=\"89c089b\" data-element_type=\"column\" data-e-type=\"column\" data-settings=\"{&quot;background_background&quot;:&quot;classic&quot;}\">\n\t\t\t<div class=\"elementor-widget-wrap elementor-element-populated\">\n\t\t\t\t\t\t<div class=\"elementor-element elementor-element-1a3f6be elementor-invisible elementor-widget elementor-widget-heading\" data-id=\"1a3f6be\" data-element_type=\"widget\" data-e-type=\"widget\" data-settings=\"{&quot;_animation&quot;:&quot;fadeInUp&quot;,&quot;_animation_mobile&quot;:&quot;none&quot;}\" data-widget_type=\"heading.default\">\n\t\t\t\t<div class=\"elementor-widget-container\">\n\t\t\t\t\t<h2 class=\"elementor-heading-title elementor-size-default\">ALS HERSTELLER<br><b> GARANTIEREN WIR DIE QUALIT\u00c4T UNSERER SYSTEME<\/b><\/h2>\t\t\t\t<\/div>\n\t\t\t\t<\/div>\n\t\t\t\t<div class=\"elementor-element elementor-element-30cda74 elementor-invisible elementor-widget elementor-widget-text-editor\" data-id=\"30cda74\" data-element_type=\"widget\" data-e-type=\"widget\" data-settings=\"{&quot;_animation&quot;:&quot;fadeIn&quot;}\" data-widget_type=\"text-editor.default\">\n\t\t\t\t<div class=\"elementor-widget-container\">\n\t\t\t\t\t\t\t\t\t<p>Alle Komponenten und Teile unserer RINOL Beschichtungssysteme werden von uns entwickelt, hergestellt und getestet. Dies garantiert h\u00f6chste Qualit\u00e4t, schnellste Verf\u00fcgbarkeit und optimale Eigenschaften unserer Produkte.<\/p><p>Dies garantiert h\u00f6chste Qualit\u00e4t, schnellste Verf\u00fcgbarkeit und optimale Eigenschaften unserer Beschichtungssysteme auf Basis von Epoxid-, Polyurethan-, Vinylester- oder Polyesterharzen.<\/p>\t\t\t\t\t\t\t\t<\/div>\n\t\t\t\t<\/div>\n\t\t\t\t\t<\/div>\n\t\t<\/div>\n\t\t\t\t<div class=\"elementor-column elementor-col-50 elementor-top-column elementor-element elementor-element-c3cdfa9 elementor-invisible\" data-id=\"c3cdfa9\" data-element_type=\"column\" data-e-type=\"column\" data-settings=\"{&quot;background_background&quot;:&quot;classic&quot;,&quot;animation&quot;:&quot;fadeInRight&quot;}\">\n\t\t\t<div class=\"elementor-widget-wrap\">\n\t\t\t\t\t\t\t<\/div>\n\t\t<\/div>\n\t\t\t\t\t<\/div>\n\t\t<\/section>\n\t\t\t\t<\/div>\n\t\t","protected":false},"excerpt":{"rendered":"<p>WIR SIND DER MARKTF\u00dcHRER F\u00dcR INDUSTRIELLE BODENBEL\u00c4GE UND \u00c4STHETISCHE BESCHICHTUNGEN RINOL SYSTEMS PROBLEME L\u00d6SEN BEVOR SIE ENTSTEHEN Ob bei der Schaffung neuer Bodenfl\u00e4chen, bei der Anpassung bestehender Bodenfl\u00e4chen an ver\u00e4nderte Nutzeranforderungen oder bei der Sanierung, wir verf\u00fcgen \u00fcber ein umfassendes Know-how f\u00fcr die Gestaltung und den Bau von RINOL Beschichtungssystemen und Industrieb\u00f6den. Wir freuen uns, [&hellip;]<\/p>\n","protected":false},"author":2,"featured_media":0,"parent":0,"menu_order":0,"comment_status":"closed","ping_status":"closed","template":"","meta":{"footnotes":""},"class_list":["post-7069","page","type-page","status-publish","hentry"],"yoast_head":"<!-- This site is optimized with the Yoast SEO plugin v27.3 - https:\/\/yoast.com\/product\/yoast-seo-wordpress\/ -->\n<title>Industrieb\u00f6den seit \u00fcber 60 Jahren - RINOL<\/title>\n<meta name=\"description\" content=\"Seit \u00fcber 60 Jahren bieten wir ma\u00dfgeschneiderte L\u00f6sungen f\u00fcr jeden Bedarf: 100% langlebige und innovative Industrieb\u00f6den. Entdecken Sie alle unsere Qualit\u00e4tssysteme.\" \/>\n<meta name=\"robots\" content=\"index, follow, max-snippet:-1, max-image-preview:large, max-video-preview:-1\" \/>\n<link rel=\"canonical\" href=\"https:\/\/rinol.com\/de\/\" \/>\n<meta property=\"og:locale\" content=\"de_DE\" \/>\n<meta property=\"og:type\" content=\"article\" \/>\n<meta property=\"og:title\" content=\"Industrieb\u00f6den seit \u00fcber 60 Jahren - RINOL\" \/>\n<meta property=\"og:description\" content=\"Seit \u00fcber 60 Jahren bieten wir ma\u00dfgeschneiderte L\u00f6sungen f\u00fcr jeden Bedarf: 100% langlebige und innovative Industrieb\u00f6den. Entdecken Sie alle unsere Qualit\u00e4tssysteme.\" \/>\n<meta property=\"og:url\" content=\"https:\/\/rinol.com\/de\/\" \/>\n<meta property=\"og:site_name\" content=\"RINOL\" \/>\n<meta property=\"article:modified_time\" content=\"2025-09-19T14:34:09+00:00\" \/>\n<meta name=\"twitter:card\" content=\"summary_large_image\" \/>\n<meta name=\"twitter:label1\" content=\"Est. reading time\" \/>\n\t<meta name=\"twitter:data1\" content=\"1 minute\" \/>\n<script type=\"application\/ld+json\" class=\"yoast-schema-graph\">{\"@context\":\"https:\\\/\\\/schema.org\",\"@graph\":[{\"@type\":\"WebPage\",\"@id\":\"https:\\\/\\\/rinol.com\\\/de\\\/\",\"url\":\"https:\\\/\\\/rinol.com\\\/de\\\/\",\"name\":\"Industrieb\u00f6den seit \u00fcber 60 Jahren - RINOL\",\"isPartOf\":{\"@id\":\"https:\\\/\\\/rinol.com\\\/de\\\/#website\"},\"datePublished\":\"2021-06-21T13:44:52+00:00\",\"dateModified\":\"2025-09-19T14:34:09+00:00\",\"description\":\"Seit \u00fcber 60 Jahren bieten wir ma\u00dfgeschneiderte L\u00f6sungen f\u00fcr jeden Bedarf: 100% langlebige und innovative Industrieb\u00f6den. Entdecken Sie alle unsere Qualit\u00e4tssysteme.\",\"breadcrumb\":{\"@id\":\"https:\\\/\\\/rinol.com\\\/de\\\/#breadcrumb\"},\"inLanguage\":\"de-DE\",\"potentialAction\":[{\"@type\":\"ReadAction\",\"target\":[\"https:\\\/\\\/rinol.com\\\/de\\\/\"]}]},{\"@type\":\"BreadcrumbList\",\"@id\":\"https:\\\/\\\/rinol.com\\\/de\\\/#breadcrumb\",\"itemListElement\":[{\"@type\":\"ListItem\",\"position\":1,\"name\":\"Home\",\"item\":\"https:\\\/\\\/rinol.com\\\/de\\\/\"},{\"@type\":\"ListItem\",\"position\":2,\"name\":\"Startseite\"}]},{\"@type\":\"WebSite\",\"@id\":\"https:\\\/\\\/rinol.com\\\/de\\\/#website\",\"url\":\"https:\\\/\\\/rinol.com\\\/de\\\/\",\"name\":\"RINOL\",\"description\":\"Industrial flooring solutions\",\"publisher\":{\"@id\":\"https:\\\/\\\/rinol.com\\\/de\\\/#organization\"},\"potentialAction\":[{\"@type\":\"SearchAction\",\"target\":{\"@type\":\"EntryPoint\",\"urlTemplate\":\"https:\\\/\\\/rinol.com\\\/de\\\/?s={search_term_string}\"},\"query-input\":{\"@type\":\"PropertyValueSpecification\",\"valueRequired\":true,\"valueName\":\"search_term_string\"}}],\"inLanguage\":\"de-DE\"},{\"@type\":\"Organization\",\"@id\":\"https:\\\/\\\/rinol.com\\\/de\\\/#organization\",\"name\":\"RINOL\",\"url\":\"https:\\\/\\\/rinol.com\\\/de\\\/\",\"logo\":{\"@type\":\"ImageObject\",\"inLanguage\":\"de-DE\",\"@id\":\"https:\\\/\\\/rinol.com\\\/de\\\/#\\\/schema\\\/logo\\\/image\\\/\",\"url\":\"https:\\\/\\\/rinol.com\\\/wp-content\\\/uploads\\\/2021\\\/02\\\/cropped-RINOL-logo-300-dpi_trans-1.png\",\"contentUrl\":\"https:\\\/\\\/rinol.com\\\/wp-content\\\/uploads\\\/2021\\\/02\\\/cropped-RINOL-logo-300-dpi_trans-1.png\",\"width\":1950,\"height\":793,\"caption\":\"RINOL\"},\"image\":{\"@id\":\"https:\\\/\\\/rinol.com\\\/de\\\/#\\\/schema\\\/logo\\\/image\\\/\"}}]}<\/script>\n<!-- \/ Yoast SEO plugin. -->","yoast_head_json":{"title":"Industrieb\u00f6den seit \u00fcber 60 Jahren - RINOL","description":"Seit \u00fcber 60 Jahren bieten wir ma\u00dfgeschneiderte L\u00f6sungen f\u00fcr jeden Bedarf: 100% langlebige und innovative Industrieb\u00f6den. Entdecken Sie alle unsere Qualit\u00e4tssysteme.","robots":{"index":"index","follow":"follow","max-snippet":"max-snippet:-1","max-image-preview":"max-image-preview:large","max-video-preview":"max-video-preview:-1"},"canonical":"https:\/\/rinol.com\/de\/","og_locale":"de_DE","og_type":"article","og_title":"Industrieb\u00f6den seit \u00fcber 60 Jahren - RINOL","og_description":"Seit \u00fcber 60 Jahren bieten wir ma\u00dfgeschneiderte L\u00f6sungen f\u00fcr jeden Bedarf: 100% langlebige und innovative Industrieb\u00f6den. Entdecken Sie alle unsere Qualit\u00e4tssysteme.","og_url":"https:\/\/rinol.com\/de\/","og_site_name":"RINOL","article_modified_time":"2025-09-19T14:34:09+00:00","twitter_card":"summary_large_image","twitter_misc":{"Est. reading time":"1 minute"},"schema":{"@context":"https:\/\/schema.org","@graph":[{"@type":"WebPage","@id":"https:\/\/rinol.com\/de\/","url":"https:\/\/rinol.com\/de\/","name":"Industrieb\u00f6den seit \u00fcber 60 Jahren - RINOL","isPartOf":{"@id":"https:\/\/rinol.com\/de\/#website"},"datePublished":"2021-06-21T13:44:52+00:00","dateModified":"2025-09-19T14:34:09+00:00","description":"Seit \u00fcber 60 Jahren bieten wir ma\u00dfgeschneiderte L\u00f6sungen f\u00fcr jeden Bedarf: 100% langlebige und innovative Industrieb\u00f6den. Entdecken Sie alle unsere Qualit\u00e4tssysteme.","breadcrumb":{"@id":"https:\/\/rinol.com\/de\/#breadcrumb"},"inLanguage":"de-DE","potentialAction":[{"@type":"ReadAction","target":["https:\/\/rinol.com\/de\/"]}]},{"@type":"BreadcrumbList","@id":"https:\/\/rinol.com\/de\/#breadcrumb","itemListElement":[{"@type":"ListItem","position":1,"name":"Home","item":"https:\/\/rinol.com\/de\/"},{"@type":"ListItem","position":2,"name":"Startseite"}]},{"@type":"WebSite","@id":"https:\/\/rinol.com\/de\/#website","url":"https:\/\/rinol.com\/de\/","name":"RINOL","description":"Industrial flooring solutions","publisher":{"@id":"https:\/\/rinol.com\/de\/#organization"},"potentialAction":[{"@type":"SearchAction","target":{"@type":"EntryPoint","urlTemplate":"https:\/\/rinol.com\/de\/?s={search_term_string}"},"query-input":{"@type":"PropertyValueSpecification","valueRequired":true,"valueName":"search_term_string"}}],"inLanguage":"de-DE"},{"@type":"Organization","@id":"https:\/\/rinol.com\/de\/#organization","name":"RINOL","url":"https:\/\/rinol.com\/de\/","logo":{"@type":"ImageObject","inLanguage":"de-DE","@id":"https:\/\/rinol.com\/de\/#\/schema\/logo\/image\/","url":"https:\/\/rinol.com\/wp-content\/uploads\/2021\/02\/cropped-RINOL-logo-300-dpi_trans-1.png","contentUrl":"https:\/\/rinol.com\/wp-content\/uploads\/2021\/02\/cropped-RINOL-logo-300-dpi_trans-1.png","width":1950,"height":793,"caption":"RINOL"},"image":{"@id":"https:\/\/rinol.com\/de\/#\/schema\/logo\/image\/"}}]}},"_links":{"self":[{"href":"https:\/\/rinol.com\/de\/wp-json\/wp\/v2\/pages\/7069","targetHints":{"allow":["GET"]}}],"collection":[{"href":"https:\/\/rinol.com\/de\/wp-json\/wp\/v2\/pages"}],"about":[{"href":"https:\/\/rinol.com\/de\/wp-json\/wp\/v2\/types\/page"}],"author":[{"embeddable":true,"href":"https:\/\/rinol.com\/de\/wp-json\/wp\/v2\/users\/2"}],"replies":[{"embeddable":true,"href":"https:\/\/rinol.com\/de\/wp-json\/wp\/v2\/comments?post=7069"}],"version-history":[{"count":7,"href":"https:\/\/rinol.com\/de\/wp-json\/wp\/v2\/pages\/7069\/revisions"}],"predecessor-version":[{"id":25933,"href":"https:\/\/rinol.com\/de\/wp-json\/wp\/v2\/pages\/7069\/revisions\/25933"}],"wp:attachment":[{"href":"https:\/\/rinol.com\/de\/wp-json\/wp\/v2\/media?parent=7069"}],"curies":[{"name":"wp","href":"https:\/\/api.w.org\/{rel}","templated":true}]}}