{"id":5108,"date":"2021-02-19T08:24:05","date_gmt":"2021-02-19T07:24:05","guid":{"rendered":"https:\/\/rinol.it\/cookis-policy\/"},"modified":"2024-12-11T16:18:27","modified_gmt":"2024-12-11T15:18:27","slug":"politica-de-cookies","status":"publish","type":"page","link":"https:\/\/rinol.com\/es\/politica-de-cookies\/","title":{"rendered":"Cookie policy"},"content":{"rendered":"\t\t<div data-elementor-type=\"wp-page\" data-elementor-id=\"5108\" class=\"elementor elementor-5108 elementor-849\" data-elementor-post-type=\"page\">\n\t\t\t\t\t\t<section class=\"elementor-section elementor-top-section elementor-element elementor-element-e275550 elementor-section-boxed elementor-section-height-default elementor-section-height-default\" data-id=\"e275550\" data-element_type=\"section\" data-e-type=\"section\">\n\t\t\t\t\t\t<div class=\"elementor-container elementor-column-gap-default\">\n\t\t\t\t\t<div class=\"elementor-column elementor-col-100 elementor-top-column elementor-element elementor-element-bc2636c\" data-id=\"bc2636c\" data-element_type=\"column\" data-e-type=\"column\">\n\t\t\t<div class=\"elementor-widget-wrap elementor-element-populated\">\n\t\t\t\t\t\t<div class=\"elementor-element elementor-element-fb58bd4 elementor-widget elementor-widget-heading\" data-id=\"fb58bd4\" data-element_type=\"widget\" data-e-type=\"widget\" data-widget_type=\"heading.default\">\n\t\t\t\t<div class=\"elementor-widget-container\">\n\t\t\t\t\t<h1 class=\"elementor-heading-title elementor-size-default\">T\u00e9rminos y condiciones del sitio web<\/h1>\t\t\t\t<\/div>\n\t\t\t\t<\/div>\n\t\t\t\t<div class=\"elementor-element elementor-element-9dee63b elementor-widget elementor-widget-text-editor\" data-id=\"9dee63b\" data-element_type=\"widget\" data-e-type=\"widget\" data-widget_type=\"text-editor.default\">\n\t\t\t\t<div class=\"elementor-widget-container\">\n\t\t\t\t\t\t\t\t\tEstas son las condiciones de uso de este sitio web. Si utiliza el sitio, se considera que los acepta.\n<h2 class=\"titolo-cookie\">Uso de este sitio web<\/h2>\nLa informaci\u00f3n contenida en este sitio es s\u00f3lo para fines de informaci\u00f3n general y no es un anuncio.\u00a0 No aceptamos ninguna responsabilidad por cualquier p\u00e9rdida que pueda surgir del acceso o la confianza en la informaci\u00f3n contenida en este sitio.\n<h2 class=\"titolo-cookie\">Enlaces<\/h2>\nNo nos hacemos responsables del contenido de los sitios de Internet externos que tengan enlaces con este sitio.\u00a0 Este sitio proporciona enlaces a algunos sitios web externos que est\u00e1n fuera del control de RCR Industrial Flooring o de las empresas de su Grupo, y RCR no es responsable del contenido de estos sitios.\n<h2 class=\"titolo-cookie\">Copyright<\/h2>\nEl contenido de esta p\u00e1gina web est\u00e1 protegido por los derechos de autor seg\u00fan las convenciones internacionales. A menos que se indique lo contrario, todos los materiales de este sitio web, incluidos el dise\u00f1o, el texto, los gr\u00e1ficos y las fotograf\u00edas, son propiedad de RCR Industrial Flooring S.L.U. o de las empresas de su grupo.\n\nSe le permite leer el contenido y hacer copias para su uso personal. Tambi\u00e9n puede entregar copias (en papel o en formato electr\u00f3nico) de extractos razonables de forma ocasional y gratuita a colegas y clientes para su uso personal, siempre y cuando: &#8211; se\nnos reconozca como fuente;\n&#8211; no se altere el texto de ninguna manera;\n&#8211; se llame la atenci\u00f3n de los destinatarios sobre esto\n\nSe proh\u00edbe cualquier otro uso y copia de cualquiera de los contenidos de este sitio, ya sea directamente o por medio de un enlace de hipertexto, a menos que se haya obtenido el consentimiento previo por escrito de RCR Industrial Flooring.\n<h2 class=\"titolo-cookie\">Restricciones<\/h2>\nCuando el acceso a partes restringidas de este sitio est\u00e9 sujeto a condiciones m\u00e1s espec\u00edficas, se aplicar\u00e1n dichas condiciones. La copia de sitios web de terceros est\u00e1 sujeta a los requisitos aplicables a dichos sitios. Todos los enlaces electr\u00f3nicos a cualquier parte de este sitio requieren nuestro consentimiento. Env\u00ede sus solicitudes por correo electr\u00f3nico a info@rcrindustrialflooring.com.\n<h2 class=\"titolo-cookie\">Protecci\u00f3n antivirus<\/h2>\nNo podemos garantizar que este sitio y su sistema de entrega de documentos funcionen de acuerdo con sus expectativas o que est\u00e9n libres de errores y de virus. Aunque se han tomado medidas para garantizar que este sitio est\u00e9 libre de virus, usted debe procurarse su propia protecci\u00f3n contra virus.\n<h2 class=\"titolo-cookie\">Errores del sitio<\/h2>\nSi tiene conocimiento de alg\u00fan error en este sitio web, p\u00f3ngase en contacto con nosotros por correo electr\u00f3nico en info@rcrindustrialflooring.com y nos esforzaremos por corregirlo.\n<h2 class=\"titolo-cookie\">Actualizaciones del sitio<\/h2>\nNos reservamos el derecho de actualizar, modificar o cerrar este sitio en cualquier momento y de variar o enmendar estos t\u00e9rminos y condiciones de vez en cuando. Cualquier cambio entrar\u00e1 en vigor en el momento de su publicaci\u00f3n en este sitio.\n<h2 class=\"titolo-cookie\">Sitios web de terceros<\/h2>\nEl sitio web contiene enlaces a otros sitios web. No somos responsables del contenido de estos sitios web, ni de las pol\u00edticas o pr\u00e1cticas de privacidad de los sitios web de terceros.\n<h2 class=\"titolo-cookie\">Derecho aplicable<\/h2>\nToda la informaci\u00f3n contenida en este sitio se basa en la legislaci\u00f3n inglesa, que es la que rige este sitio.\n<h2 class=\"titolo-cookie\">Confidencialidad<\/h2>\nTodos los correos electr\u00f3nicos se env\u00edan de forma confidencial y s\u00f3lo para su(s) destinatario(s). Queda estrictamente prohibido el uso, la difusi\u00f3n, la distribuci\u00f3n, la publicaci\u00f3n o la copia no autorizada de la comunicaci\u00f3n por correo electr\u00f3nico.\n\nPuede solicitar una copia de nuestras condiciones comerciales.\nPara cualquier consulta, p\u00f3ngase en contacto con nuestra Directora de Comunicaci\u00f3n del Grupo, Valentina Gonz\u00e1les, en el correo electr\u00f3nico info@rcrindustrialflooring.com.\n<h2 class=\"titolo-cookie\">Galletas<\/h2>\nEste sitio web utiliza algunas cookies para mejorar su experiencia y para ayudarnos a conocer c\u00f3mo los visitantes utilizan nuestro sitio web.\u00a0 Una cookie es un peque\u00f1o fragmento de datos enviado desde nuestro sitio web y almacenado en su ordenador por su navegador.\u00a0 Las cookies son muy comunes e inofensivas.\u00a0 Las cookies permanecen en su ordenador despu\u00e9s de cerrar su navegador, pero s\u00f3lo para que podamos saber si vuelve a visitar nuestro sitio web.\n\nEstas son las cookies que utilizamos y por qu\u00e9.\n\n<h2 class=\"titolo-cookie\">Cookie de sesi\u00f3n PHP<\/h2>\nSe trata de una \u00fanica cookie que se crea cuando llegas a www.rcrindustrialflooring.com.\u00a0 No registra ninguna informaci\u00f3n sobre usted, su ordenador o su navegador, por lo que permanece completamente an\u00f3nimo.\u00a0 La cookie ayuda a que su visita se desarrolle sin problemas, por ejemplo, recordando las p\u00e1ginas que ha visto recientemente para que pueda volver a ellas.\u00a0 Esta cookie no se utiliza para nada m\u00e1s, y en cuanto usted cierra su navegador web, la cookie se destruye inmediatamente.\n\n<h2 class=\"titolo-cookie\">Cookies de Google Analytics<\/h2>\nEste sitio web utiliza cookies relacionadas con Google Analytics (denominadas _ga y _gid). Google Analytics nos ayuda a supervisar el uso de nuestro sitio web, de modo que podamos mejorar continuamente y a\u00f1adir contenidos que interesen a nuestros visitantes.\u00a0 Las cookies de Google Analytics no almacenan ninguna informaci\u00f3n personal identificable.\u00a0 Registran su direcci\u00f3n IP, que indica su ubicaci\u00f3n, pero no podemos acceder a esta informaci\u00f3n a trav\u00e9s de Google Analytics, ya que se combina con otros datos y se anonimiza.\u00a0 Puede obtener m\u00e1s informaci\u00f3n sobre Google Analytics y estas cookies siguiendo este enlace al sitio web de Google Developers: <a href=\"https:\/\/developers.google.com\/analytics\/devguides\/collection\/gtagjs\/cookie-usage\">https:<\/a>\/\/developers.google.com\/analytics\/devguides\/collection\/gtagjs\/cookie-usage. Puede obtener\nm\u00e1s informaci\u00f3n sobre las cookies visitando www.allaboutcookies.org.\n\nSi desea eliminar las cookies utilizadas por nuestro sitio web, puede hacerlo.\u00a0 En las herramientas de su navegador web, deber\u00eda haber una secci\u00f3n relativa a las cookies.\u00a0 Deber\u00eda poder desactivar todas las cookies de todos los sitios web, o espec\u00edficamente las cookies del sitio web de RCR Industrial Flooring.\n\nPor favor, p\u00f3ngase en contacto con nosotros si tiene alguna pregunta o duda.\nSi tiene alguna duda o pregunta, p\u00f3ngase en contacto con el administrador de nuestro sitio web por correo electr\u00f3nico en info@rcrindustrialflooring.com.\n<h2 class=\"titolo-cookie\">Aviso de privacidad<\/h2>\n<h2 class=\"titolo-cookie\">Este aviso de privacidad explica los datos personales que recogemos de usted y lo que hacemos con ellos.<\/h2>\n<h2 class=\"titolo-cookie\">\u00bfQui\u00e9n recoge los datos?<\/h2>\nLos datos personales que usted proporciona son recogidos por RCR Industrial Flooring S.L.U., Calle Mirasierra, 5 2\u00baA, 28220, Majadahonda, Madrid, Espa\u00f1a.\n<h2 class=\"titolo-cookie\">\u00bfQu\u00e9 datos se recogen?<\/h2>\nCuando se pone en contacto con nosotros, le pedimos que nos facilite su nombre, nombre de la empresa, direcci\u00f3n, direcci\u00f3n de correo electr\u00f3nico y n\u00famero de tel\u00e9fono de la empresa.\u00a0 Tambi\u00e9n puede optar por proporcionar m\u00e1s informaci\u00f3n (por ejemplo, el cargo, el perfil en las redes sociales), en cuyo caso tambi\u00e9n recogeremos y almacenaremos esta informaci\u00f3n.\n<h2 class=\"titolo-cookie\">\u00bfCu\u00e1ndo y c\u00f3mo se recogen los datos?<\/h2>\nRecogemos informaci\u00f3n cuando usted rellena un formulario en este sitio web, nos env\u00eda una consulta por correo electr\u00f3nico, nos llama por tel\u00e9fono o nos escribe.\u00a0 Tambi\u00e9n recogemos datos de las tarjetas de visita que nos dan.\n<h2 class=\"titolo-cookie\">\u00bfC\u00f3mo se utilizar\u00e1 la informaci\u00f3n?<\/h2>\nTrataremos sus datos en primer lugar para responder a su consulta.\u00a0 Podemos utilizar los datos para personalizar su visita al sitio web.\u00a0 Tambi\u00e9n le enviaremos futuras comunicaciones comerciales ocasionales por correo electr\u00f3nico.\u00a0 Si nos facilita su n\u00famero de tel\u00e9fono y su direcci\u00f3n postal, tambi\u00e9n podremos utilizarlos para mantenernos en contacto con usted.\n\nSi tenemos previsto utilizar sus datos personales para una nueva finalidad, le comunicaremos los cambios antes de iniciar cualquier nuevo tratamiento.\n<h2 class=\"titolo-cookie\">La base jur\u00eddica para el tratamiento de sus datos<\/h2>\nAl enviar sus datos a trav\u00e9s de nuestro sitio web, o por correo electr\u00f3nico, por tel\u00e9fono o por correo postal, est\u00e1 confirmando con su acci\u00f3n que da su consentimiento para que procesemos los datos que nos proporciona para que podamos responder a su consulta.\n<h2 class=\"titolo-cookie\"><em>Tambi\u00e9n utilizaremos sus datos para enviarle en el futuro nuestras noticias ocasionales por correo electr\u00f3nico.\u00a0 <\/em><\/h2>\nLa base legal para ello es el \u00abinter\u00e9s leg\u00edtimo\u00bb.\u00a0 Esto significa que, dado que ha preguntado por nuestros servicios y nos ha dado su direcci\u00f3n de correo electr\u00f3nico, creemos que es razonable que espere recibir noticias nuestras en el futuro sobre productos y servicios relacionados.\u00a0 S\u00f3lo enviamos correos electr\u00f3nicos unas pocas veces al a\u00f1o, y s\u00f3lo lo hacemos a direcciones de correo electr\u00f3nico con un dominio comercial.\u00a0 Podr\u00e1 darse de baja f\u00e1cilmente de estos correos electr\u00f3nicos en cualquier momento.\u00a0 Si prefiere que no le enviemos nuestro bolet\u00edn, ind\u00edquelo en su mensaje al solicitarlo.\n\nSi desea realizar una consulta sin proporcionar datos personales, ll\u00e1menos por tel\u00e9fono, pero es posible que no podamos responder plenamente a su consulta.\n\nSi nos da una tarjeta de visita en un evento, le pediremos su consentimiento para a\u00f1adirle a nuestra lista de correo del bolet\u00edn.\n<h2 class=\"titolo-cookie\">Seguridad de los datos<\/h2>\nEste sitio web tiene un certificado SSL (https:\/\/), lo que significa que los datos que usted env\u00eda a trav\u00e9s de este sitio web est\u00e1n encriptados para la protecci\u00f3n de la seguridad.\u00a0 P\u00f3ngase en contacto con nosotros si tiene alguna duda sobre nuestra seguridad inform\u00e1tica.\nComo somos un grupo internacional, tenga en cuenta que sus datos pueden ser transmitidos fuera de la UE y tratados en centros de datos extracomunitarios.\n<h2 class=\"titolo-cookie\">Compartir datos<\/h2>\nRCR Industrial Flooring S.L.U. es propietaria de una serie de empresas especializadas en suelos industriales en todo el mundo.\u00a0 \u00c9stas operan como entidades legales independientes, pero est\u00e1n bajo el control de la alta direcci\u00f3n de RCR Industrial Flooring S.L.U. Puede encontrar una lista completa de las empresas del grupo RCR en nuestro sitio web: <a href=\"https:\/\/www.rcrindustrialflooring.com\/companies\">https:<\/a>\/\/www.rcrindustrialflooring.com\/companies.\u00a0 Con el fin de proporcionar un buen servicio, podemos transmitir sus datos a cualquiera de las empresas de nuestro grupo, por ejemplo, para que la persona con los conocimientos t\u00e9cnicos adecuados pueda responderle; o para que alguien pueda responderle en su propio idioma.\n\nNunca transmitiremos sus datos a una organizaci\u00f3n ajena al grupo de empresas de RCR Industrial Flooring, a menos que:\na) los hayamos designado como subcontratistas, agentes, distribuidores o proveedores y necesiten sus datos para procesar su consulta o pedido;\nb) los hayamos designado como procesadores de datos para que lleven a cabo un trabajo en nuestro nombre (por ejemplo, una empresa de TI, una empresa de marketing o una agencia de comprobaci\u00f3n de cr\u00e9ditos); o c\n) alguna vez nos veamos obligados a hacerlo por ley; en relaci\u00f3n con procedimientos legales; o para establecer, defender o ejercer nuestros derechos legales.\n<h2 class=\"titolo-cookie\">\u00bfCu\u00e1nto tiempo se almacenar\u00e1n sus datos?<\/h2>\nAlmacenamos todos los datos durante dos a\u00f1os a partir de la fecha de la \u00faltima relaci\u00f3n con nosotros.\u00a0 Esto significa, por ejemplo, que si en el transcurso de dos a\u00f1os la empresa para la que trabaja no nos compra, y usted como individuo no se pone en contacto con nosotros ni abre uno de nuestros boletines electr\u00f3nicos, eliminaremos sus datos personales de nuestros sistemas y le daremos de baja de nuestro bolet\u00edn electr\u00f3nico.\u00a0 Intentaremos ponernos en contacto con usted antes de que transcurra el periodo de dos a\u00f1os para pedirle su consentimiento para seguir en contacto.\n<h2 class=\"titolo-cookie\">Precisi\u00f3n de los datos<\/h2>\nQueremos asegurarnos de que los datos que tenemos sobre usted est\u00e1n actualizados.\u00a0 Si sus datos cambian, le rogamos que nos lo comunique.\n<h2 class=\"titolo-cookie\">Sus derechos<\/h2>\nComo individuo, puede ser eliminado completamente de nuestros registros en cualquier momento, si as\u00ed lo solicita.\u00a0 Tambi\u00e9n tiene derecho a saber qu\u00e9 informaci\u00f3n personal tenemos sobre usted.\u00a0 Tiene derecho a darse de baja de cualquiera de nuestras comunicaciones de marketing, incluso si previamente ha dado su consentimiento para recibirlas.\n\nSi tiene alguna duda o queja sobre c\u00f3mo utilizamos sus datos, p\u00f3ngase en contacto con nuestra Directora de Comunicaci\u00f3n del Grupo, Valentina Gonz\u00e1les &#8211; correo electr\u00f3nico info@rcrindustrialflooring.com.\n\nNos reservamos el derecho de actualizar esta declaraci\u00f3n en cualquier momento, sin previo aviso.\n\n&nbsp;\t\t\t\t\t\t\t\t<\/div>\n\t\t\t\t<\/div>\n\t\t\t\t\t<\/div>\n\t\t<\/div>\n\t\t\t\t\t<\/div>\n\t\t<\/section>\n\t\t\t\t<\/div>\n\t\t","protected":false},"excerpt":{"rendered":"<p>T\u00e9rminos y condiciones del sitio web Estas son las condiciones de uso de este sitio web. Si utiliza el sitio, se considera que los acepta. Uso de este sitio web La informaci\u00f3n contenida en este sitio es s\u00f3lo para fines de informaci\u00f3n general y no es un anuncio.\u00a0 No aceptamos ninguna responsabilidad por cualquier p\u00e9rdida [&hellip;]<\/p>\n","protected":false},"author":2,"featured_media":0,"parent":0,"menu_order":0,"comment_status":"closed","ping_status":"closed","template":"","meta":{"footnotes":""},"class_list":["post-5108","page","type-page","status-publish","hentry"],"yoast_head":"<!-- This site is optimized with the Yoast SEO plugin v27.3 - https:\/\/yoast.com\/product\/yoast-seo-wordpress\/ -->\n<title>Cookie policy - RINOL<\/title>\n<meta name=\"robots\" content=\"index, follow, max-snippet:-1, max-image-preview:large, max-video-preview:-1\" \/>\n<link rel=\"canonical\" href=\"https:\/\/rinol.com\/es\/politica-de-cookies\/\" \/>\n<meta property=\"og:locale\" content=\"es_ES\" \/>\n<meta property=\"og:type\" content=\"article\" \/>\n<meta property=\"og:title\" content=\"Cookie policy - RINOL\" \/>\n<meta property=\"og:description\" content=\"T\u00e9rminos y condiciones del sitio web Estas son las condiciones de uso de este sitio web. Si utiliza el sitio, se considera que los acepta. Uso de este sitio web La informaci\u00f3n contenida en este sitio es s\u00f3lo para fines de informaci\u00f3n general y no es un anuncio.\u00a0 No aceptamos ninguna responsabilidad por cualquier p\u00e9rdida [&hellip;]\" \/>\n<meta property=\"og:url\" content=\"https:\/\/rinol.com\/es\/politica-de-cookies\/\" \/>\n<meta property=\"og:site_name\" content=\"RINOL\" \/>\n<meta property=\"article:modified_time\" content=\"2024-12-11T15:18:27+00:00\" \/>\n<meta name=\"twitter:card\" content=\"summary_large_image\" \/>\n<meta name=\"twitter:label1\" content=\"Tiempo de lectura\" \/>\n\t<meta name=\"twitter:data1\" content=\"9 minutos\" \/>\n<script type=\"application\/ld+json\" class=\"yoast-schema-graph\">{\"@context\":\"https:\\\/\\\/schema.org\",\"@graph\":[{\"@type\":\"WebPage\",\"@id\":\"https:\\\/\\\/rinol.com\\\/es\\\/politica-de-cookies\\\/\",\"url\":\"https:\\\/\\\/rinol.com\\\/es\\\/politica-de-cookies\\\/\",\"name\":\"Cookie policy - RINOL\",\"isPartOf\":{\"@id\":\"https:\\\/\\\/rinol.com\\\/es\\\/#website\"},\"datePublished\":\"2021-02-19T07:24:05+00:00\",\"dateModified\":\"2024-12-11T15:18:27+00:00\",\"breadcrumb\":{\"@id\":\"https:\\\/\\\/rinol.com\\\/es\\\/politica-de-cookies\\\/#breadcrumb\"},\"inLanguage\":\"es\",\"potentialAction\":[{\"@type\":\"ReadAction\",\"target\":[\"https:\\\/\\\/rinol.com\\\/es\\\/politica-de-cookies\\\/\"]}]},{\"@type\":\"BreadcrumbList\",\"@id\":\"https:\\\/\\\/rinol.com\\\/es\\\/politica-de-cookies\\\/#breadcrumb\",\"itemListElement\":[{\"@type\":\"ListItem\",\"position\":1,\"name\":\"Home\",\"item\":\"https:\\\/\\\/rinol.com\\\/es\\\/\"},{\"@type\":\"ListItem\",\"position\":2,\"name\":\"Cookie policy\"}]},{\"@type\":\"WebSite\",\"@id\":\"https:\\\/\\\/rinol.com\\\/es\\\/#website\",\"url\":\"https:\\\/\\\/rinol.com\\\/es\\\/\",\"name\":\"RINOL\",\"description\":\"Industrial flooring solutions\",\"publisher\":{\"@id\":\"https:\\\/\\\/rinol.com\\\/es\\\/#organization\"},\"potentialAction\":[{\"@type\":\"SearchAction\",\"target\":{\"@type\":\"EntryPoint\",\"urlTemplate\":\"https:\\\/\\\/rinol.com\\\/es\\\/?s={search_term_string}\"},\"query-input\":{\"@type\":\"PropertyValueSpecification\",\"valueRequired\":true,\"valueName\":\"search_term_string\"}}],\"inLanguage\":\"es\"},{\"@type\":\"Organization\",\"@id\":\"https:\\\/\\\/rinol.com\\\/es\\\/#organization\",\"name\":\"RINOL\",\"url\":\"https:\\\/\\\/rinol.com\\\/es\\\/\",\"logo\":{\"@type\":\"ImageObject\",\"inLanguage\":\"es\",\"@id\":\"https:\\\/\\\/rinol.com\\\/es\\\/#\\\/schema\\\/logo\\\/image\\\/\",\"url\":\"https:\\\/\\\/rinol.com\\\/wp-content\\\/uploads\\\/2021\\\/02\\\/cropped-RINOL-logo-300-dpi_trans-1.png\",\"contentUrl\":\"https:\\\/\\\/rinol.com\\\/wp-content\\\/uploads\\\/2021\\\/02\\\/cropped-RINOL-logo-300-dpi_trans-1.png\",\"width\":1950,\"height\":793,\"caption\":\"RINOL\"},\"image\":{\"@id\":\"https:\\\/\\\/rinol.com\\\/es\\\/#\\\/schema\\\/logo\\\/image\\\/\"}}]}<\/script>\n<!-- \/ Yoast SEO plugin. -->","yoast_head_json":{"title":"Cookie policy - RINOL","robots":{"index":"index","follow":"follow","max-snippet":"max-snippet:-1","max-image-preview":"max-image-preview:large","max-video-preview":"max-video-preview:-1"},"canonical":"https:\/\/rinol.com\/es\/politica-de-cookies\/","og_locale":"es_ES","og_type":"article","og_title":"Cookie policy - RINOL","og_description":"T\u00e9rminos y condiciones del sitio web Estas son las condiciones de uso de este sitio web. Si utiliza el sitio, se considera que los acepta. Uso de este sitio web La informaci\u00f3n contenida en este sitio es s\u00f3lo para fines de informaci\u00f3n general y no es un anuncio.\u00a0 No aceptamos ninguna responsabilidad por cualquier p\u00e9rdida [&hellip;]","og_url":"https:\/\/rinol.com\/es\/politica-de-cookies\/","og_site_name":"RINOL","article_modified_time":"2024-12-11T15:18:27+00:00","twitter_card":"summary_large_image","twitter_misc":{"Tiempo de lectura":"9 minutos"},"schema":{"@context":"https:\/\/schema.org","@graph":[{"@type":"WebPage","@id":"https:\/\/rinol.com\/es\/politica-de-cookies\/","url":"https:\/\/rinol.com\/es\/politica-de-cookies\/","name":"Cookie policy - RINOL","isPartOf":{"@id":"https:\/\/rinol.com\/es\/#website"},"datePublished":"2021-02-19T07:24:05+00:00","dateModified":"2024-12-11T15:18:27+00:00","breadcrumb":{"@id":"https:\/\/rinol.com\/es\/politica-de-cookies\/#breadcrumb"},"inLanguage":"es","potentialAction":[{"@type":"ReadAction","target":["https:\/\/rinol.com\/es\/politica-de-cookies\/"]}]},{"@type":"BreadcrumbList","@id":"https:\/\/rinol.com\/es\/politica-de-cookies\/#breadcrumb","itemListElement":[{"@type":"ListItem","position":1,"name":"Home","item":"https:\/\/rinol.com\/es\/"},{"@type":"ListItem","position":2,"name":"Cookie policy"}]},{"@type":"WebSite","@id":"https:\/\/rinol.com\/es\/#website","url":"https:\/\/rinol.com\/es\/","name":"RINOL","description":"Industrial flooring solutions","publisher":{"@id":"https:\/\/rinol.com\/es\/#organization"},"potentialAction":[{"@type":"SearchAction","target":{"@type":"EntryPoint","urlTemplate":"https:\/\/rinol.com\/es\/?s={search_term_string}"},"query-input":{"@type":"PropertyValueSpecification","valueRequired":true,"valueName":"search_term_string"}}],"inLanguage":"es"},{"@type":"Organization","@id":"https:\/\/rinol.com\/es\/#organization","name":"RINOL","url":"https:\/\/rinol.com\/es\/","logo":{"@type":"ImageObject","inLanguage":"es","@id":"https:\/\/rinol.com\/es\/#\/schema\/logo\/image\/","url":"https:\/\/rinol.com\/wp-content\/uploads\/2021\/02\/cropped-RINOL-logo-300-dpi_trans-1.png","contentUrl":"https:\/\/rinol.com\/wp-content\/uploads\/2021\/02\/cropped-RINOL-logo-300-dpi_trans-1.png","width":1950,"height":793,"caption":"RINOL"},"image":{"@id":"https:\/\/rinol.com\/es\/#\/schema\/logo\/image\/"}}]}},"_links":{"self":[{"href":"https:\/\/rinol.com\/es\/wp-json\/wp\/v2\/pages\/5108","targetHints":{"allow":["GET"]}}],"collection":[{"href":"https:\/\/rinol.com\/es\/wp-json\/wp\/v2\/pages"}],"about":[{"href":"https:\/\/rinol.com\/es\/wp-json\/wp\/v2\/types\/page"}],"author":[{"embeddable":true,"href":"https:\/\/rinol.com\/es\/wp-json\/wp\/v2\/users\/2"}],"replies":[{"embeddable":true,"href":"https:\/\/rinol.com\/es\/wp-json\/wp\/v2\/comments?post=5108"}],"version-history":[{"count":8,"href":"https:\/\/rinol.com\/es\/wp-json\/wp\/v2\/pages\/5108\/revisions"}],"predecessor-version":[{"id":21794,"href":"https:\/\/rinol.com\/es\/wp-json\/wp\/v2\/pages\/5108\/revisions\/21794"}],"wp:attachment":[{"href":"https:\/\/rinol.com\/es\/wp-json\/wp\/v2\/media?parent=5108"}],"curies":[{"name":"wp","href":"https:\/\/api.w.org\/{rel}","templated":true}]}}