{"id":5114,"date":"2021-02-19T08:32:10","date_gmt":"2021-02-19T07:32:10","guid":{"rendered":"https:\/\/rinol.it\/green-building\/"},"modified":"2025-03-14T11:03:07","modified_gmt":"2025-03-14T10:03:07","slug":"green-building","status":"publish","type":"page","link":"https:\/\/rinol.com\/es\/green-building\/","title":{"rendered":"Construcci\u00f3n ecol\u00f3gica"},"content":{"rendered":"\t\t<div data-elementor-type=\"wp-page\" data-elementor-id=\"5114\" class=\"elementor elementor-5114 elementor-1458\" data-elementor-post-type=\"page\">\n\t\t\t\t\t\t<section class=\"elementor-section elementor-top-section elementor-element elementor-element-a49b7f7 elementor-section-boxed elementor-section-height-default elementor-section-height-default\" data-id=\"a49b7f7\" data-element_type=\"section\" data-e-type=\"section\">\n\t\t\t\t\t\t<div class=\"elementor-container elementor-column-gap-default\">\n\t\t\t\t\t<div class=\"elementor-column elementor-col-100 elementor-top-column elementor-element elementor-element-cd605fd\" data-id=\"cd605fd\" data-element_type=\"column\" data-e-type=\"column\" data-settings=\"{&quot;motion_fx_motion_fx_scrolling&quot;:&quot;yes&quot;,&quot;motion_fx_devices&quot;:[&quot;desktop&quot;,&quot;tablet&quot;,&quot;mobile&quot;]}\">\n\t\t\t<div class=\"elementor-widget-wrap elementor-element-populated\">\n\t\t\t\t\t\t<div class=\"elementor-element elementor-element-b5f5c63 elementor-widget elementor-widget-heading\" data-id=\"b5f5c63\" data-element_type=\"widget\" data-e-type=\"widget\" data-widget_type=\"heading.default\">\n\t\t\t\t<div class=\"elementor-widget-container\">\n\t\t\t\t\t<h1 class=\"elementor-heading-title elementor-size-small\">Construcci\u00f3n ecol\u00f3gica EN RINOL,\n<br><b>DURADERO, EFICIENTE, EST\u00c9TICO Y RESPETUOSO CON EL MEDIO AMBIENTE <\/b> <\/h1>\t\t\t\t<\/div>\n\t\t\t\t<\/div>\n\t\t\t\t<div class=\"elementor-element elementor-element-05e4aca elementor-widget elementor-widget-shortcode\" data-id=\"05e4aca\" data-element_type=\"widget\" data-e-type=\"widget\" data-widget_type=\"shortcode.default\">\n\t\t\t\t<div class=\"elementor-widget-container\">\n\t\t\t\t\t\t\t<div class=\"elementor-shortcode\"><p id=\"breadcrumbs\"><span><span><a href=\"https:\/\/rinol.com\/es\/\">Home<\/a><\/span><\/span><\/p><\/div>\n\t\t\t\t\t\t<\/div>\n\t\t\t\t<\/div>\n\t\t\t\t\t<\/div>\n\t\t<\/div>\n\t\t\t\t\t<\/div>\n\t\t<\/section>\n\t\t\t\t<section class=\"elementor-section elementor-top-section elementor-element elementor-element-54961075 elementor-section-full_width elementor-section-height-min-height elementor-section-items-stretch elementor-section-content-middle elementor-reverse-mobile elementor-reverse-tablet elementor-section-height-default\" data-id=\"54961075\" data-element_type=\"section\" data-e-type=\"section\">\n\t\t\t\t\t\t<div class=\"elementor-container elementor-column-gap-no\">\n\t\t\t\t\t<div class=\"elementor-column elementor-col-50 elementor-top-column elementor-element elementor-element-6c978043\" data-id=\"6c978043\" data-element_type=\"column\" data-e-type=\"column\">\n\t\t\t<div class=\"elementor-widget-wrap elementor-element-populated\">\n\t\t\t\t\t\t<div class=\"elementor-element elementor-element-2d07441 elementor-invisible elementor-widget elementor-widget-text-editor\" data-id=\"2d07441\" data-element_type=\"widget\" data-e-type=\"widget\" data-settings=\"{&quot;_animation&quot;:&quot;fadeIn&quot;}\" data-widget_type=\"text-editor.default\">\n\t\t\t\t<div class=\"elementor-widget-container\">\n\t\t\t\t\t\t\t\t\t<p>La construcci\u00f3n sostenible ha cobrado cada vez m\u00e1s importancia en todo el mundo en los \u00faltimos a\u00f1os. Hoy en d\u00eda, son necesarios una gran variedad de requisitos y certificaciones espec\u00edficos de cada pa\u00eds. Sin embargo, todos los pa\u00edses y sistemas de certificaci\u00f3n tienen algo en com\u00fan: quieren crear m\u00e1s sostenibilidad ecol\u00f3gica en el sector de la construcci\u00f3n.<\/p>\n<p>Nuestro departamento de investigaci\u00f3n y desarrollo trabaja de forma permanente y coherente en el desarrollo de nuevos productos. El objetivo al que aspira RINOL es ofrecer a nuestros clientes y socios productos y soluciones de sistemas innovadores y sostenibles que se diferencien de otros productos por su durabilidad, eficacia, ecolog\u00eda y est\u00e9tica y generen valor a\u00f1adido.<\/p>\n<p>La salud y el bienestar de las personas que trabajan en espacios cerrados en una amplia gama de industrias no s\u00f3lo est\u00e1n determinados por las condiciones clim\u00e1ticas y las impurezas del aire. Los productos sostenibles y compatibles con el medio ambiente, con un bajo nivel de emisiones, no s\u00f3lo favorecen el medio ambiente, sino que tambi\u00e9n garantizan un clima interior saludable.<\/p>\n<p>El hecho de que los productos y sistemas RINOL cumplen muchos criterios y son compatibles con el medio ambiente lo demuestran las pruebas seg\u00fan AGBB, Eurofins, ISEGA y LEED.<\/p>\n\t\t\t\t\t\t\t\t<\/div>\n\t\t\t\t<\/div>\n\t\t\t\t<div class=\"elementor-element elementor-element-9d65cee elementor-widget elementor-widget-image\" data-id=\"9d65cee\" data-element_type=\"widget\" data-e-type=\"widget\" data-widget_type=\"image.default\">\n\t\t\t\t<div class=\"elementor-widget-container\">\n\t\t\t\t\t\t\t\t\t\t\t\t\t\t\t<img fetchpriority=\"high\" decoding=\"async\" width=\"800\" height=\"225\" src=\"https:\/\/rinol.com\/wp-content\/uploads\/2021\/02\/rinol_stamps_going_green-1024x288.png\" class=\"attachment-large size-large wp-image-4294\" alt=\"\" srcset=\"https:\/\/rinol.com\/wp-content\/uploads\/2021\/02\/rinol_stamps_going_green-1024x288.png 1024w, https:\/\/rinol.com\/wp-content\/uploads\/2021\/02\/rinol_stamps_going_green-600x168.webp 600w, https:\/\/rinol.com\/wp-content\/uploads\/2021\/02\/rinol_stamps_going_green-300x84.png 300w, https:\/\/rinol.com\/wp-content\/uploads\/2021\/02\/rinol_stamps_going_green-768x216.png 768w, https:\/\/rinol.com\/wp-content\/uploads\/2021\/02\/rinol_stamps_going_green-1536x431.png 1536w, https:\/\/rinol.com\/wp-content\/uploads\/2021\/02\/rinol_stamps_going_green-2048x575.png 2048w, https:\/\/rinol.com\/wp-content\/uploads\/2021\/02\/rinol_stamps_going_green.webp 1920w\" sizes=\"(max-width: 800px) 100vw, 800px\" \/>\t\t\t\t\t\t\t\t\t\t\t\t\t\t\t<\/div>\n\t\t\t\t<\/div>\n\t\t\t\t\t<\/div>\n\t\t<\/div>\n\t\t\t\t<div class=\"elementor-column elementor-col-50 elementor-top-column elementor-element elementor-element-3bb650c2\" data-id=\"3bb650c2\" data-element_type=\"column\" data-e-type=\"column\" data-settings=\"{&quot;background_background&quot;:&quot;classic&quot;}\">\n\t\t\t<div class=\"elementor-widget-wrap elementor-element-populated\">\n\t\t\t\t\t\t<div class=\"elementor-element elementor-element-b03fec6 elementor-widget elementor-widget-spacer\" data-id=\"b03fec6\" data-element_type=\"widget\" data-e-type=\"widget\" data-widget_type=\"spacer.default\">\n\t\t\t\t<div class=\"elementor-widget-container\">\n\t\t\t\t\t\t\t<div class=\"elementor-spacer\">\n\t\t\t<div class=\"elementor-spacer-inner\"><\/div>\n\t\t<\/div>\n\t\t\t\t\t\t<\/div>\n\t\t\t\t<\/div>\n\t\t\t\t\t<\/div>\n\t\t<\/div>\n\t\t\t\t\t<\/div>\n\t\t<\/section>\n\t\t<div class=\"elementor-element elementor-element-56806c17 e-flex e-con-boxed e-con e-parent\" data-id=\"56806c17\" data-element_type=\"container\" data-e-type=\"container\" data-settings=\"{&quot;background_background&quot;:&quot;classic&quot;}\">\n\t\t\t\t\t<div class=\"e-con-inner\">\n\t\t<div class=\"elementor-element elementor-element-67794a0 e-con-full e-flex e-con e-child\" data-id=\"67794a0\" data-element_type=\"container\" data-e-type=\"container\">\n\t\t\t\t<div class=\"elementor-element elementor-element-761eaee2 elementor-widget elementor-widget-heading\" data-id=\"761eaee2\" data-element_type=\"widget\" data-e-type=\"widget\" data-widget_type=\"heading.default\">\n\t\t\t\t<div class=\"elementor-widget-container\">\n\t\t\t\t\t<h2 class=\"elementor-heading-title elementor-size-default\">Descubre el nuevo RINOL<b><i>Capa Verde<\/i><\/b> de RINOL: Sostenibilidad sin compromisos<\/h2>\t\t\t\t<\/div>\n\t\t\t\t<\/div>\n\t\t\t\t<div class=\"elementor-element elementor-element-264614bb elementor-widget elementor-widget-text-editor\" data-id=\"264614bb\" data-element_type=\"widget\" data-e-type=\"widget\" data-widget_type=\"text-editor.default\">\n\t\t\t\t<div class=\"elementor-widget-container\">\n\t\t\t\t\t\t\t\t\t<p class=\"p1\">El RINOL<strong><b><i>GreenCoat<\/i><\/b><\/strong> redefine los recubrimientos industriales, combinando altas prestaciones con sostenibilidad. Con hasta un 23% de contenido de base biol\u00f3gica y sin sustancias nocivas, estos productos est\u00e1n dise\u00f1ados para sectores que priorizan la durabilidad y la seguridad medioambiental. Certificados en todo el mundo, protegen tanto a las personas como al planeta.<\/p>\t\t\t\t\t\t\t\t<\/div>\n\t\t\t\t<\/div>\n\t\t\t\t<div class=\"elementor-element elementor-element-62ff3e4f elementor-widget-mobile__width-inherit elementor-align-center elementor-invisible elementor-widget elementor-widget-button\" data-id=\"62ff3e4f\" data-element_type=\"widget\" data-e-type=\"widget\" data-settings=\"{&quot;_animation&quot;:&quot;fadeInDown&quot;}\" data-widget_type=\"button.default\">\n\t\t\t\t<div class=\"elementor-widget-container\">\n\t\t\t\t\t\t\t\t\t<div class=\"elementor-button-wrapper\">\n\t\t\t\t\t<a class=\"elementor-button elementor-button-link elementor-size-sm\" href=\"https:\/\/rinol.com\/es\/folletos-del-sistema-por-sector\/\" target=\"_blank\">\n\t\t\t\t\t\t<span class=\"elementor-button-content-wrapper\">\n\t\t\t\t\t\t\t\t\t<span class=\"elementor-button-text\">Descargar el folleto completo<\/span>\n\t\t\t\t\t<\/span>\n\t\t\t\t\t<\/a>\n\t\t\t\t<\/div>\n\t\t\t\t\t\t\t\t<\/div>\n\t\t\t\t<\/div>\n\t\t\t\t<\/div>\n\t\t<div class=\"elementor-element elementor-element-3c7c36a4 e-con-full e-flex e-con e-child\" data-id=\"3c7c36a4\" data-element_type=\"container\" data-e-type=\"container\">\n\t\t\t\t<div class=\"elementor-element elementor-element-04f94c6 elementor-widget elementor-widget-image\" data-id=\"04f94c6\" data-element_type=\"widget\" data-e-type=\"widget\" data-settings=\"{&quot;motion_fx_motion_fx_scrolling&quot;:&quot;yes&quot;,&quot;motion_fx_scale_effect&quot;:&quot;yes&quot;,&quot;motion_fx_scale_range&quot;:{&quot;unit&quot;:&quot;%&quot;,&quot;size&quot;:&quot;&quot;,&quot;sizes&quot;:{&quot;start&quot;:51,&quot;end&quot;:100}},&quot;motion_fx_scale_direction&quot;:&quot;out-in&quot;,&quot;motion_fx_scale_speed&quot;:{&quot;unit&quot;:&quot;px&quot;,&quot;size&quot;:4,&quot;sizes&quot;:[]},&quot;motion_fx_devices&quot;:[&quot;desktop&quot;,&quot;tablet&quot;,&quot;mobile&quot;]}\" data-widget_type=\"image.default\">\n\t\t\t\t<div class=\"elementor-widget-container\">\n\t\t\t\t\t\t\t\t\t\t\t\t\t\t\t<img decoding=\"async\" width=\"724\" height=\"1024\" src=\"https:\/\/rinol.com\/wp-content\/uploads\/2024\/10\/caratula-de-folleto-724x1024.jpg\" class=\"attachment-large size-large wp-image-19521\" alt=\"\" srcset=\"https:\/\/rinol.com\/wp-content\/uploads\/2024\/10\/caratula-de-folleto-724x1024.jpg 724w, https:\/\/rinol.com\/wp-content\/uploads\/2024\/10\/caratula-de-folleto-600x849.jpg 600w, https:\/\/rinol.com\/wp-content\/uploads\/2024\/10\/caratula-de-folleto-212x300.jpg 212w, https:\/\/rinol.com\/wp-content\/uploads\/2024\/10\/caratula-de-folleto-768x1086.jpg 768w, https:\/\/rinol.com\/wp-content\/uploads\/2024\/10\/caratula-de-folleto-1086x1536.jpg 1086w, https:\/\/rinol.com\/wp-content\/uploads\/2024\/10\/caratula-de-folleto.jpg 1190w\" sizes=\"(max-width: 724px) 100vw, 724px\" \/>\t\t\t\t\t\t\t\t\t\t\t\t\t\t\t<\/div>\n\t\t\t\t<\/div>\n\t\t\t\t<\/div>\n\t\t\t\t\t<\/div>\n\t\t\t\t<\/div>\n\t\t\t\t<\/div>\n\t\t","protected":false},"excerpt":{"rendered":"<p>Construcci\u00f3n ecol\u00f3gica EN RINOL, DURADERO, EFICIENTE, EST\u00c9TICO Y RESPETUOSO CON EL MEDIO AMBIENTE La construcci\u00f3n sostenible ha cobrado cada vez m\u00e1s importancia en todo el mundo en los \u00faltimos a\u00f1os. Hoy en d\u00eda, son necesarios una gran variedad de requisitos y certificaciones espec\u00edficos de cada pa\u00eds. Sin embargo, todos los pa\u00edses y sistemas de certificaci\u00f3n [&hellip;]<\/p>\n","protected":false},"author":2,"featured_media":0,"parent":0,"menu_order":0,"comment_status":"closed","ping_status":"closed","template":"","meta":{"footnotes":""},"class_list":["post-5114","page","type-page","status-publish","hentry"],"yoast_head":"<!-- This site is optimized with the Yoast SEO plugin v27.4 - https:\/\/yoast.com\/product\/yoast-seo-wordpress\/ -->\n<title>Construcci\u00f3n ecol\u00f3gica - RINOL<\/title>\n<meta name=\"robots\" content=\"index, follow, max-snippet:-1, max-image-preview:large, max-video-preview:-1\" \/>\n<link rel=\"canonical\" href=\"https:\/\/rinol.com\/es\/green-building\/\" \/>\n<meta property=\"og:locale\" content=\"es_ES\" \/>\n<meta property=\"og:type\" content=\"article\" \/>\n<meta property=\"og:title\" content=\"Construcci\u00f3n ecol\u00f3gica - RINOL\" \/>\n<meta property=\"og:description\" content=\"Construcci\u00f3n ecol\u00f3gica EN RINOL, DURADERO, EFICIENTE, EST\u00c9TICO Y RESPETUOSO CON EL MEDIO AMBIENTE La construcci\u00f3n sostenible ha cobrado cada vez m\u00e1s importancia en todo el mundo en los \u00faltimos a\u00f1os. Hoy en d\u00eda, son necesarios una gran variedad de requisitos y certificaciones espec\u00edficos de cada pa\u00eds. Sin embargo, todos los pa\u00edses y sistemas de certificaci\u00f3n [&hellip;]\" \/>\n<meta property=\"og:url\" content=\"https:\/\/rinol.com\/es\/green-building\/\" \/>\n<meta property=\"og:site_name\" content=\"RINOL\" \/>\n<meta property=\"article:modified_time\" content=\"2025-03-14T10:03:07+00:00\" \/>\n<meta property=\"og:image\" content=\"https:\/\/rinol.com\/wp-content\/uploads\/2021\/02\/rinol_stamps_going_green.webp\" \/>\n\t<meta property=\"og:image:width\" content=\"1920\" \/>\n\t<meta property=\"og:image:height\" content=\"539\" \/>\n\t<meta property=\"og:image:type\" content=\"image\/png\" \/>\n<meta name=\"twitter:card\" content=\"summary_large_image\" \/>\n<meta name=\"twitter:label1\" content=\"Tiempo de lectura\" \/>\n\t<meta name=\"twitter:data1\" content=\"2 minutos\" \/>\n<script type=\"application\/ld+json\" class=\"yoast-schema-graph\">{\"@context\":\"https:\\\/\\\/schema.org\",\"@graph\":[{\"@type\":\"WebPage\",\"@id\":\"https:\\\/\\\/rinol.com\\\/es\\\/green-building\\\/\",\"url\":\"https:\\\/\\\/rinol.com\\\/es\\\/green-building\\\/\",\"name\":\"Construcci\u00f3n ecol\u00f3gica - RINOL\",\"isPartOf\":{\"@id\":\"https:\\\/\\\/rinol.com\\\/es\\\/#website\"},\"primaryImageOfPage\":{\"@id\":\"https:\\\/\\\/rinol.com\\\/es\\\/green-building\\\/#primaryimage\"},\"image\":{\"@id\":\"https:\\\/\\\/rinol.com\\\/es\\\/green-building\\\/#primaryimage\"},\"thumbnailUrl\":\"https:\\\/\\\/rinol.com\\\/wp-content\\\/uploads\\\/2021\\\/02\\\/rinol_stamps_going_green-1024x288.png\",\"datePublished\":\"2021-02-19T07:32:10+00:00\",\"dateModified\":\"2025-03-14T10:03:07+00:00\",\"breadcrumb\":{\"@id\":\"https:\\\/\\\/rinol.com\\\/es\\\/green-building\\\/#breadcrumb\"},\"inLanguage\":\"es\",\"potentialAction\":[{\"@type\":\"ReadAction\",\"target\":[\"https:\\\/\\\/rinol.com\\\/es\\\/green-building\\\/\"]}]},{\"@type\":\"ImageObject\",\"inLanguage\":\"es\",\"@id\":\"https:\\\/\\\/rinol.com\\\/es\\\/green-building\\\/#primaryimage\",\"url\":\"https:\\\/\\\/rinol.com\\\/wp-content\\\/uploads\\\/2021\\\/02\\\/rinol_stamps_going_green-1024x288.png\",\"contentUrl\":\"https:\\\/\\\/rinol.com\\\/wp-content\\\/uploads\\\/2021\\\/02\\\/rinol_stamps_going_green-1024x288.png\"},{\"@type\":\"BreadcrumbList\",\"@id\":\"https:\\\/\\\/rinol.com\\\/es\\\/green-building\\\/#breadcrumb\",\"itemListElement\":[{\"@type\":\"ListItem\",\"position\":1,\"name\":\"Home\",\"item\":\"https:\\\/\\\/rinol.com\\\/es\\\/\"},{\"@type\":\"ListItem\",\"position\":2,\"name\":\"Construcci\u00f3n ecol\u00f3gica\"}]},{\"@type\":\"WebSite\",\"@id\":\"https:\\\/\\\/rinol.com\\\/es\\\/#website\",\"url\":\"https:\\\/\\\/rinol.com\\\/es\\\/\",\"name\":\"RINOL\",\"description\":\"Industrial flooring solutions\",\"publisher\":{\"@id\":\"https:\\\/\\\/rinol.com\\\/es\\\/#organization\"},\"potentialAction\":[{\"@type\":\"SearchAction\",\"target\":{\"@type\":\"EntryPoint\",\"urlTemplate\":\"https:\\\/\\\/rinol.com\\\/es\\\/?s={search_term_string}\"},\"query-input\":{\"@type\":\"PropertyValueSpecification\",\"valueRequired\":true,\"valueName\":\"search_term_string\"}}],\"inLanguage\":\"es\"},{\"@type\":\"Organization\",\"@id\":\"https:\\\/\\\/rinol.com\\\/es\\\/#organization\",\"name\":\"RINOL\",\"url\":\"https:\\\/\\\/rinol.com\\\/es\\\/\",\"logo\":{\"@type\":\"ImageObject\",\"inLanguage\":\"es\",\"@id\":\"https:\\\/\\\/rinol.com\\\/es\\\/#\\\/schema\\\/logo\\\/image\\\/\",\"url\":\"https:\\\/\\\/rinol.com\\\/wp-content\\\/uploads\\\/2021\\\/02\\\/cropped-RINOL-logo-300-dpi_trans-1.png\",\"contentUrl\":\"https:\\\/\\\/rinol.com\\\/wp-content\\\/uploads\\\/2021\\\/02\\\/cropped-RINOL-logo-300-dpi_trans-1.png\",\"width\":1950,\"height\":793,\"caption\":\"RINOL\"},\"image\":{\"@id\":\"https:\\\/\\\/rinol.com\\\/es\\\/#\\\/schema\\\/logo\\\/image\\\/\"}}]}<\/script>\n<!-- \/ Yoast SEO plugin. -->","yoast_head_json":{"title":"Construcci\u00f3n ecol\u00f3gica - RINOL","robots":{"index":"index","follow":"follow","max-snippet":"max-snippet:-1","max-image-preview":"max-image-preview:large","max-video-preview":"max-video-preview:-1"},"canonical":"https:\/\/rinol.com\/es\/green-building\/","og_locale":"es_ES","og_type":"article","og_title":"Construcci\u00f3n ecol\u00f3gica - RINOL","og_description":"Construcci\u00f3n ecol\u00f3gica EN RINOL, DURADERO, EFICIENTE, EST\u00c9TICO Y RESPETUOSO CON EL MEDIO AMBIENTE La construcci\u00f3n sostenible ha cobrado cada vez m\u00e1s importancia en todo el mundo en los \u00faltimos a\u00f1os. Hoy en d\u00eda, son necesarios una gran variedad de requisitos y certificaciones espec\u00edficos de cada pa\u00eds. Sin embargo, todos los pa\u00edses y sistemas de certificaci\u00f3n [&hellip;]","og_url":"https:\/\/rinol.com\/es\/green-building\/","og_site_name":"RINOL","article_modified_time":"2025-03-14T10:03:07+00:00","og_image":[{"width":1920,"height":539,"url":"https:\/\/rinol.com\/wp-content\/uploads\/2021\/02\/rinol_stamps_going_green.webp","type":"image\/png"}],"twitter_card":"summary_large_image","twitter_misc":{"Tiempo de lectura":"2 minutos"},"schema":{"@context":"https:\/\/schema.org","@graph":[{"@type":"WebPage","@id":"https:\/\/rinol.com\/es\/green-building\/","url":"https:\/\/rinol.com\/es\/green-building\/","name":"Construcci\u00f3n ecol\u00f3gica - RINOL","isPartOf":{"@id":"https:\/\/rinol.com\/es\/#website"},"primaryImageOfPage":{"@id":"https:\/\/rinol.com\/es\/green-building\/#primaryimage"},"image":{"@id":"https:\/\/rinol.com\/es\/green-building\/#primaryimage"},"thumbnailUrl":"https:\/\/rinol.com\/wp-content\/uploads\/2021\/02\/rinol_stamps_going_green-1024x288.png","datePublished":"2021-02-19T07:32:10+00:00","dateModified":"2025-03-14T10:03:07+00:00","breadcrumb":{"@id":"https:\/\/rinol.com\/es\/green-building\/#breadcrumb"},"inLanguage":"es","potentialAction":[{"@type":"ReadAction","target":["https:\/\/rinol.com\/es\/green-building\/"]}]},{"@type":"ImageObject","inLanguage":"es","@id":"https:\/\/rinol.com\/es\/green-building\/#primaryimage","url":"https:\/\/rinol.com\/wp-content\/uploads\/2021\/02\/rinol_stamps_going_green-1024x288.png","contentUrl":"https:\/\/rinol.com\/wp-content\/uploads\/2021\/02\/rinol_stamps_going_green-1024x288.png"},{"@type":"BreadcrumbList","@id":"https:\/\/rinol.com\/es\/green-building\/#breadcrumb","itemListElement":[{"@type":"ListItem","position":1,"name":"Home","item":"https:\/\/rinol.com\/es\/"},{"@type":"ListItem","position":2,"name":"Construcci\u00f3n ecol\u00f3gica"}]},{"@type":"WebSite","@id":"https:\/\/rinol.com\/es\/#website","url":"https:\/\/rinol.com\/es\/","name":"RINOL","description":"Industrial flooring solutions","publisher":{"@id":"https:\/\/rinol.com\/es\/#organization"},"potentialAction":[{"@type":"SearchAction","target":{"@type":"EntryPoint","urlTemplate":"https:\/\/rinol.com\/es\/?s={search_term_string}"},"query-input":{"@type":"PropertyValueSpecification","valueRequired":true,"valueName":"search_term_string"}}],"inLanguage":"es"},{"@type":"Organization","@id":"https:\/\/rinol.com\/es\/#organization","name":"RINOL","url":"https:\/\/rinol.com\/es\/","logo":{"@type":"ImageObject","inLanguage":"es","@id":"https:\/\/rinol.com\/es\/#\/schema\/logo\/image\/","url":"https:\/\/rinol.com\/wp-content\/uploads\/2021\/02\/cropped-RINOL-logo-300-dpi_trans-1.png","contentUrl":"https:\/\/rinol.com\/wp-content\/uploads\/2021\/02\/cropped-RINOL-logo-300-dpi_trans-1.png","width":1950,"height":793,"caption":"RINOL"},"image":{"@id":"https:\/\/rinol.com\/es\/#\/schema\/logo\/image\/"}}]}},"_links":{"self":[{"href":"https:\/\/rinol.com\/es\/wp-json\/wp\/v2\/pages\/5114","targetHints":{"allow":["GET"]}}],"collection":[{"href":"https:\/\/rinol.com\/es\/wp-json\/wp\/v2\/pages"}],"about":[{"href":"https:\/\/rinol.com\/es\/wp-json\/wp\/v2\/types\/page"}],"author":[{"embeddable":true,"href":"https:\/\/rinol.com\/es\/wp-json\/wp\/v2\/users\/2"}],"replies":[{"embeddable":true,"href":"https:\/\/rinol.com\/es\/wp-json\/wp\/v2\/comments?post=5114"}],"version-history":[{"count":12,"href":"https:\/\/rinol.com\/es\/wp-json\/wp\/v2\/pages\/5114\/revisions"}],"predecessor-version":[{"id":23186,"href":"https:\/\/rinol.com\/es\/wp-json\/wp\/v2\/pages\/5114\/revisions\/23186"}],"wp:attachment":[{"href":"https:\/\/rinol.com\/es\/wp-json\/wp\/v2\/media?parent=5114"}],"curies":[{"name":"wp","href":"https:\/\/api.w.org\/{rel}","templated":true}]}}