{"id":7073,"date":"2021-06-21T15:52:36","date_gmt":"2021-06-21T13:52:36","guid":{"rendered":"https:\/\/rinol.it\/inicio-2\/"},"modified":"2025-09-19T16:34:10","modified_gmt":"2025-09-19T14:34:10","slug":"inicio-2","status":"publish","type":"page","link":"https:\/\/rinol.com\/es\/","title":{"rendered":"Inicio"},"content":{"rendered":"\t\t<div data-elementor-type=\"wp-page\" data-elementor-id=\"7073\" class=\"elementor elementor-7073 elementor-6587\" data-elementor-post-type=\"page\">\n\t\t\t\t\t\t<section class=\"elementor-section elementor-top-section elementor-element elementor-element-79f2df84 elementor-section-full_width elementor-section-height-min-height elementor-section-items-stretch elementor-section-content-middle elementor-reverse-mobile elementor-reverse-tablet elementor-section-height-default\" data-id=\"79f2df84\" data-element_type=\"section\" data-e-type=\"section\" data-settings=\"{&quot;background_background&quot;:&quot;video&quot;,&quot;background_video_link&quot;:&quot;https:\\\/\\\/youtu.be\\\/EnuWFNokME0&quot;}\">\n\t\t\t\t\t\t\t\t<div class=\"elementor-background-video-container elementor-hidden-mobile\">\n\t\t\t\t\t\t\t\t\t\t\t\t\t<div class=\"elementor-background-video-embed\" role=\"presentation\"><\/div>\n\t\t\t\t\t\t\t\t\t\t\t\t<\/div>\n\t\t\t\t\t\t\t\t<div class=\"elementor-container elementor-column-gap-no\">\n\t\t\t\t\t<div class=\"elementor-column elementor-col-50 elementor-top-column elementor-element elementor-element-7c1edd24\" data-id=\"7c1edd24\" data-element_type=\"column\" data-e-type=\"column\" data-settings=\"{&quot;background_background&quot;:&quot;gradient&quot;}\">\n\t\t\t<div class=\"elementor-widget-wrap elementor-element-populated\">\n\t\t\t\t\t\t<div class=\"elementor-element elementor-element-6925195b animated-fast elementor-invisible elementor-widget elementor-widget-heading\" data-id=\"6925195b\" data-element_type=\"widget\" data-e-type=\"widget\" data-settings=\"{&quot;_animation&quot;:&quot;fadeIn&quot;}\" data-widget_type=\"heading.default\">\n\t\t\t\t<div class=\"elementor-widget-container\">\n\t\t\t\t\t<h1 class=\"elementor-heading-title elementor-size-default\">SOMOS L\u00cdDERES DEL MERCADO EN <b>PAVIMENTOS INDUSTRIALES Y REVESTIMIENTOS EST\u00c9TICOS<\/b><\/h1>\t\t\t\t<\/div>\n\t\t\t\t<\/div>\n\t\t\t\t<div class=\"elementor-element elementor-element-1b07fd11 elementor-align-center elementor-invisible elementor-widget elementor-widget-button\" data-id=\"1b07fd11\" data-element_type=\"widget\" data-e-type=\"widget\" data-settings=\"{&quot;_animation_delay&quot;:&quot;200&quot;,&quot;_animation&quot;:&quot;fadeIn&quot;}\" data-widget_type=\"button.default\">\n\t\t\t\t<div class=\"elementor-widget-container\">\n\t\t\t\t\t\t\t\t\t<div class=\"elementor-button-wrapper\">\n\t\t\t\t\t<a class=\"elementor-button elementor-button-link elementor-size-sm\" href=\"https:\/\/rinol.com\/es\/sistemas-por-sectores\/\">\n\t\t\t\t\t\t<span class=\"elementor-button-content-wrapper\">\n\t\t\t\t\t\t\t\t\t<span class=\"elementor-button-text\">SISTEMAS RINOL<\/span>\n\t\t\t\t\t<\/span>\n\t\t\t\t\t<\/a>\n\t\t\t\t<\/div>\n\t\t\t\t\t\t\t\t<\/div>\n\t\t\t\t<\/div>\n\t\t\t\t\t<\/div>\n\t\t<\/div>\n\t\t\t\t<div class=\"elementor-column elementor-col-50 elementor-top-column elementor-element elementor-element-190003f8 elementor-hidden-tablet elementor-hidden-phone\" data-id=\"190003f8\" data-element_type=\"column\" data-e-type=\"column\" data-settings=\"{&quot;background_background&quot;:&quot;slideshow&quot;,&quot;background_slideshow_gallery&quot;:[],&quot;background_slideshow_loop&quot;:&quot;yes&quot;,&quot;background_slideshow_slide_duration&quot;:5000,&quot;background_slideshow_slide_transition&quot;:&quot;fade&quot;,&quot;background_slideshow_transition_duration&quot;:500}\">\n\t\t\t<div class=\"elementor-widget-wrap\">\n\t\t\t\t\t\t\t<\/div>\n\t\t<\/div>\n\t\t\t\t\t<\/div>\n\t\t<\/section>\n\t\t\t\t<section class=\"elementor-section elementor-top-section elementor-element elementor-element-65065f5f elementor-section-full_width elementor-section-height-min-height elementor-section-items-stretch elementor-section-content-middle elementor-section-height-default\" data-id=\"65065f5f\" data-element_type=\"section\" data-e-type=\"section\" id=\"about\">\n\t\t\t\t\t\t<div class=\"elementor-container elementor-column-gap-no\">\n\t\t\t\t\t<div class=\"elementor-column elementor-col-50 elementor-top-column elementor-element elementor-element-468b3700 elementor-invisible\" data-id=\"468b3700\" data-element_type=\"column\" data-e-type=\"column\" data-settings=\"{&quot;background_background&quot;:&quot;classic&quot;,&quot;animation&quot;:&quot;fadeInLeft&quot;}\">\n\t\t\t<div class=\"elementor-widget-wrap\">\n\t\t\t\t\t\t\t<\/div>\n\t\t<\/div>\n\t\t\t\t<div class=\"elementor-column elementor-col-50 elementor-top-column elementor-element elementor-element-3891b78\" data-id=\"3891b78\" data-element_type=\"column\" data-e-type=\"column\" data-settings=\"{&quot;background_background&quot;:&quot;classic&quot;}\">\n\t\t\t<div class=\"elementor-widget-wrap elementor-element-populated\">\n\t\t\t\t\t\t<div class=\"elementor-element elementor-element-7310d08 elementor-invisible elementor-widget elementor-widget-heading\" data-id=\"7310d08\" data-element_type=\"widget\" data-e-type=\"widget\" data-settings=\"{&quot;_animation_mobile&quot;:&quot;none&quot;,&quot;_animation&quot;:&quot;fadeInUp&quot;}\" data-widget_type=\"heading.default\">\n\t\t\t\t<div class=\"elementor-widget-container\">\n\t\t\t\t\t<h2 class=\"elementor-heading-title elementor-size-default\">RESOLVER LOS PROBLEMAS <br><b>ANTES DE QUE SURJAN<\/b><\/h2>\t\t\t\t<\/div>\n\t\t\t\t<\/div>\n\t\t\t\t<div class=\"elementor-element elementor-element-be94e7e elementor-invisible elementor-widget elementor-widget-text-editor\" data-id=\"be94e7e\" data-element_type=\"widget\" data-e-type=\"widget\" data-settings=\"{&quot;_animation&quot;:&quot;fadeIn&quot;}\" data-widget_type=\"text-editor.default\">\n\t\t\t\t<div class=\"elementor-widget-container\">\n\t\t\t\t\t\t\t\t\t<p>Ya sea en la creaci\u00f3n de nuevas superficies de suelo, en la adaptaci\u00f3n de las existentes a las necesidades cambiantes de los usuarios o en el caso de reformas, disponemos de amplios conocimientos para el dise\u00f1o y la construcci\u00f3n de sistemas de revestimiento y suelos industriales RINOL.<\/p><p>Estamos encantados de proporcionar estas habilidades a nuestros clientes en una fase temprana.<\/p>\t\t\t\t\t\t\t\t<\/div>\n\t\t\t\t<\/div>\n\t\t\t\t\t<\/div>\n\t\t<\/div>\n\t\t\t\t\t<\/div>\n\t\t<\/section>\n\t\t\t\t<section class=\"elementor-section elementor-top-section elementor-element elementor-element-b18a957 elementor-section-full_width elementor-section-height-min-height elementor-section-items-stretch elementor-section-content-middle elementor-section-height-default\" data-id=\"b18a957\" data-element_type=\"section\" data-e-type=\"section\">\n\t\t\t\t\t\t<div class=\"elementor-container elementor-column-gap-no\">\n\t\t\t\t\t<div class=\"elementor-column elementor-col-50 elementor-top-column elementor-element elementor-element-89c089b\" data-id=\"89c089b\" data-element_type=\"column\" data-e-type=\"column\" data-settings=\"{&quot;background_background&quot;:&quot;classic&quot;}\">\n\t\t\t<div class=\"elementor-widget-wrap elementor-element-populated\">\n\t\t\t\t\t\t<div class=\"elementor-element elementor-element-1a3f6be elementor-invisible elementor-widget elementor-widget-heading\" data-id=\"1a3f6be\" data-element_type=\"widget\" data-e-type=\"widget\" data-settings=\"{&quot;_animation&quot;:&quot;fadeInUp&quot;,&quot;_animation_mobile&quot;:&quot;none&quot;}\" data-widget_type=\"heading.default\">\n\t\t\t\t<div class=\"elementor-widget-container\">\n\t\t\t\t\t<h2 class=\"elementor-heading-title elementor-size-default\">COMO FABRICANTES<br><b> GARANTIZAMOS LA CALIDAD DE NUESTROS SISTEMAS<\/b><\/h2>\t\t\t\t<\/div>\n\t\t\t\t<\/div>\n\t\t\t\t<div class=\"elementor-element elementor-element-30cda74 elementor-invisible elementor-widget elementor-widget-text-editor\" data-id=\"30cda74\" data-element_type=\"widget\" data-e-type=\"widget\" data-settings=\"{&quot;_animation&quot;:&quot;fadeIn&quot;}\" data-widget_type=\"text-editor.default\">\n\t\t\t\t<div class=\"elementor-widget-container\">\n\t\t\t\t\t\t\t\t\t<p>Todos los componentes y piezas de nuestros sistemas de recubrimiento RINOL son desarrollados, fabricados y probados por nosotros. Esto garantiza la m\u00e1xima calidad, la disponibilidad m\u00e1s r\u00e1pida y las propiedades \u00f3ptimas de nuestros productos.<\/p><p>Esto garantiza la m\u00e1xima calidad, la disponibilidad m\u00e1s r\u00e1pida y las propiedades \u00f3ptimas de nuestros sistemas de recubrimiento a base de resinas epoxi, poliuretano, \u00e9ster vin\u00edlico o poli\u00e9ster.<\/p>\t\t\t\t\t\t\t\t<\/div>\n\t\t\t\t<\/div>\n\t\t\t\t\t<\/div>\n\t\t<\/div>\n\t\t\t\t<div class=\"elementor-column elementor-col-50 elementor-top-column elementor-element elementor-element-c3cdfa9 elementor-invisible\" data-id=\"c3cdfa9\" data-element_type=\"column\" data-e-type=\"column\" data-settings=\"{&quot;background_background&quot;:&quot;classic&quot;,&quot;animation&quot;:&quot;fadeInRight&quot;}\">\n\t\t\t<div class=\"elementor-widget-wrap\">\n\t\t\t\t\t\t\t<\/div>\n\t\t<\/div>\n\t\t\t\t\t<\/div>\n\t\t<\/section>\n\t\t\t\t<\/div>\n\t\t","protected":false},"excerpt":{"rendered":"<p>SOMOS L\u00cdDERES DEL MERCADO EN PAVIMENTOS INDUSTRIALES Y REVESTIMIENTOS EST\u00c9TICOS SISTEMAS RINOL RESOLVER LOS PROBLEMAS ANTES DE QUE SURJAN Ya sea en la creaci\u00f3n de nuevas superficies de suelo, en la adaptaci\u00f3n de las existentes a las necesidades cambiantes de los usuarios o en el caso de reformas, disponemos de amplios conocimientos para el dise\u00f1o [&hellip;]<\/p>\n","protected":false},"author":2,"featured_media":0,"parent":0,"menu_order":0,"comment_status":"closed","ping_status":"closed","template":"","meta":{"footnotes":""},"class_list":["post-7073","page","type-page","status-publish","hentry"],"yoast_head":"<!-- This site is optimized with the Yoast SEO plugin v27.3 - https:\/\/yoast.com\/product\/yoast-seo-wordpress\/ -->\n<title>Inicio - RINOL<\/title>\n<meta name=\"robots\" content=\"index, follow, max-snippet:-1, max-image-preview:large, max-video-preview:-1\" \/>\n<link rel=\"canonical\" href=\"https:\/\/rinol.com\/es\/\" \/>\n<meta property=\"og:locale\" content=\"es_ES\" \/>\n<meta property=\"og:type\" content=\"article\" \/>\n<meta property=\"og:title\" content=\"Inicio - RINOL\" \/>\n<meta property=\"og:description\" content=\"SOMOS L\u00cdDERES DEL MERCADO EN PAVIMENTOS INDUSTRIALES Y REVESTIMIENTOS EST\u00c9TICOS SISTEMAS RINOL RESOLVER LOS PROBLEMAS ANTES DE QUE SURJAN Ya sea en la creaci\u00f3n de nuevas superficies de suelo, en la adaptaci\u00f3n de las existentes a las necesidades cambiantes de los usuarios o en el caso de reformas, disponemos de amplios conocimientos para el dise\u00f1o [&hellip;]\" \/>\n<meta property=\"og:url\" content=\"https:\/\/rinol.com\/es\/\" \/>\n<meta property=\"og:site_name\" content=\"RINOL\" \/>\n<meta property=\"article:modified_time\" content=\"2025-09-19T14:34:10+00:00\" \/>\n<meta name=\"twitter:card\" content=\"summary_large_image\" \/>\n<meta name=\"twitter:label1\" content=\"Tiempo de lectura\" \/>\n\t<meta name=\"twitter:data1\" content=\"1 minuto\" \/>\n<script type=\"application\/ld+json\" class=\"yoast-schema-graph\">{\"@context\":\"https:\\\/\\\/schema.org\",\"@graph\":[{\"@type\":\"WebPage\",\"@id\":\"https:\\\/\\\/rinol.com\\\/es\\\/\",\"url\":\"https:\\\/\\\/rinol.com\\\/es\\\/\",\"name\":\"Inicio - RINOL\",\"isPartOf\":{\"@id\":\"https:\\\/\\\/rinol.com\\\/es\\\/#website\"},\"datePublished\":\"2021-06-21T13:52:36+00:00\",\"dateModified\":\"2025-09-19T14:34:10+00:00\",\"breadcrumb\":{\"@id\":\"https:\\\/\\\/rinol.com\\\/es\\\/#breadcrumb\"},\"inLanguage\":\"es\",\"potentialAction\":[{\"@type\":\"ReadAction\",\"target\":[\"https:\\\/\\\/rinol.com\\\/es\\\/\"]}]},{\"@type\":\"BreadcrumbList\",\"@id\":\"https:\\\/\\\/rinol.com\\\/es\\\/#breadcrumb\",\"itemListElement\":[{\"@type\":\"ListItem\",\"position\":1,\"name\":\"Home\",\"item\":\"https:\\\/\\\/rinol.com\\\/es\\\/\"},{\"@type\":\"ListItem\",\"position\":2,\"name\":\"Inicio\"}]},{\"@type\":\"WebSite\",\"@id\":\"https:\\\/\\\/rinol.com\\\/es\\\/#website\",\"url\":\"https:\\\/\\\/rinol.com\\\/es\\\/\",\"name\":\"RINOL\",\"description\":\"Industrial flooring solutions\",\"publisher\":{\"@id\":\"https:\\\/\\\/rinol.com\\\/es\\\/#organization\"},\"potentialAction\":[{\"@type\":\"SearchAction\",\"target\":{\"@type\":\"EntryPoint\",\"urlTemplate\":\"https:\\\/\\\/rinol.com\\\/es\\\/?s={search_term_string}\"},\"query-input\":{\"@type\":\"PropertyValueSpecification\",\"valueRequired\":true,\"valueName\":\"search_term_string\"}}],\"inLanguage\":\"es\"},{\"@type\":\"Organization\",\"@id\":\"https:\\\/\\\/rinol.com\\\/es\\\/#organization\",\"name\":\"RINOL\",\"url\":\"https:\\\/\\\/rinol.com\\\/es\\\/\",\"logo\":{\"@type\":\"ImageObject\",\"inLanguage\":\"es\",\"@id\":\"https:\\\/\\\/rinol.com\\\/es\\\/#\\\/schema\\\/logo\\\/image\\\/\",\"url\":\"https:\\\/\\\/rinol.com\\\/wp-content\\\/uploads\\\/2021\\\/02\\\/cropped-RINOL-logo-300-dpi_trans-1.png\",\"contentUrl\":\"https:\\\/\\\/rinol.com\\\/wp-content\\\/uploads\\\/2021\\\/02\\\/cropped-RINOL-logo-300-dpi_trans-1.png\",\"width\":1950,\"height\":793,\"caption\":\"RINOL\"},\"image\":{\"@id\":\"https:\\\/\\\/rinol.com\\\/es\\\/#\\\/schema\\\/logo\\\/image\\\/\"}}]}<\/script>\n<!-- \/ Yoast SEO plugin. -->","yoast_head_json":{"title":"Inicio - RINOL","robots":{"index":"index","follow":"follow","max-snippet":"max-snippet:-1","max-image-preview":"max-image-preview:large","max-video-preview":"max-video-preview:-1"},"canonical":"https:\/\/rinol.com\/es\/","og_locale":"es_ES","og_type":"article","og_title":"Inicio - RINOL","og_description":"SOMOS L\u00cdDERES DEL MERCADO EN PAVIMENTOS INDUSTRIALES Y REVESTIMIENTOS EST\u00c9TICOS SISTEMAS RINOL RESOLVER LOS PROBLEMAS ANTES DE QUE SURJAN Ya sea en la creaci\u00f3n de nuevas superficies de suelo, en la adaptaci\u00f3n de las existentes a las necesidades cambiantes de los usuarios o en el caso de reformas, disponemos de amplios conocimientos para el dise\u00f1o [&hellip;]","og_url":"https:\/\/rinol.com\/es\/","og_site_name":"RINOL","article_modified_time":"2025-09-19T14:34:10+00:00","twitter_card":"summary_large_image","twitter_misc":{"Tiempo de lectura":"1 minuto"},"schema":{"@context":"https:\/\/schema.org","@graph":[{"@type":"WebPage","@id":"https:\/\/rinol.com\/es\/","url":"https:\/\/rinol.com\/es\/","name":"Inicio - RINOL","isPartOf":{"@id":"https:\/\/rinol.com\/es\/#website"},"datePublished":"2021-06-21T13:52:36+00:00","dateModified":"2025-09-19T14:34:10+00:00","breadcrumb":{"@id":"https:\/\/rinol.com\/es\/#breadcrumb"},"inLanguage":"es","potentialAction":[{"@type":"ReadAction","target":["https:\/\/rinol.com\/es\/"]}]},{"@type":"BreadcrumbList","@id":"https:\/\/rinol.com\/es\/#breadcrumb","itemListElement":[{"@type":"ListItem","position":1,"name":"Home","item":"https:\/\/rinol.com\/es\/"},{"@type":"ListItem","position":2,"name":"Inicio"}]},{"@type":"WebSite","@id":"https:\/\/rinol.com\/es\/#website","url":"https:\/\/rinol.com\/es\/","name":"RINOL","description":"Industrial flooring solutions","publisher":{"@id":"https:\/\/rinol.com\/es\/#organization"},"potentialAction":[{"@type":"SearchAction","target":{"@type":"EntryPoint","urlTemplate":"https:\/\/rinol.com\/es\/?s={search_term_string}"},"query-input":{"@type":"PropertyValueSpecification","valueRequired":true,"valueName":"search_term_string"}}],"inLanguage":"es"},{"@type":"Organization","@id":"https:\/\/rinol.com\/es\/#organization","name":"RINOL","url":"https:\/\/rinol.com\/es\/","logo":{"@type":"ImageObject","inLanguage":"es","@id":"https:\/\/rinol.com\/es\/#\/schema\/logo\/image\/","url":"https:\/\/rinol.com\/wp-content\/uploads\/2021\/02\/cropped-RINOL-logo-300-dpi_trans-1.png","contentUrl":"https:\/\/rinol.com\/wp-content\/uploads\/2021\/02\/cropped-RINOL-logo-300-dpi_trans-1.png","width":1950,"height":793,"caption":"RINOL"},"image":{"@id":"https:\/\/rinol.com\/es\/#\/schema\/logo\/image\/"}}]}},"_links":{"self":[{"href":"https:\/\/rinol.com\/es\/wp-json\/wp\/v2\/pages\/7073","targetHints":{"allow":["GET"]}}],"collection":[{"href":"https:\/\/rinol.com\/es\/wp-json\/wp\/v2\/pages"}],"about":[{"href":"https:\/\/rinol.com\/es\/wp-json\/wp\/v2\/types\/page"}],"author":[{"embeddable":true,"href":"https:\/\/rinol.com\/es\/wp-json\/wp\/v2\/users\/2"}],"replies":[{"embeddable":true,"href":"https:\/\/rinol.com\/es\/wp-json\/wp\/v2\/comments?post=7073"}],"version-history":[{"count":4,"href":"https:\/\/rinol.com\/es\/wp-json\/wp\/v2\/pages\/7073\/revisions"}],"predecessor-version":[{"id":25935,"href":"https:\/\/rinol.com\/es\/wp-json\/wp\/v2\/pages\/7073\/revisions\/25935"}],"wp:attachment":[{"href":"https:\/\/rinol.com\/es\/wp-json\/wp\/v2\/media?parent=7073"}],"curies":[{"name":"wp","href":"https:\/\/api.w.org\/{rel}","templated":true}]}}