{"id":5024,"date":"2021-02-18T14:04:06","date_gmt":"2021-02-18T13:04:06","guid":{"rendered":"https:\/\/rinol.it\/cookis-policy\/"},"modified":"2025-02-14T08:33:50","modified_gmt":"2025-02-14T07:33:50","slug":"politique-des-cookies","status":"publish","type":"page","link":"https:\/\/rinol.com\/fr\/politique-des-cookies\/","title":{"rendered":"Politique en mati\u00e8re de cookies"},"content":{"rendered":"\t\t<div data-elementor-type=\"wp-page\" data-elementor-id=\"5024\" class=\"elementor elementor-5024 elementor-849\" data-elementor-post-type=\"page\">\n\t\t\t\t\t\t<section class=\"elementor-section elementor-top-section elementor-element elementor-element-e275550 elementor-section-boxed elementor-section-height-default elementor-section-height-default\" data-id=\"e275550\" data-element_type=\"section\" data-e-type=\"section\">\n\t\t\t\t\t\t<div class=\"elementor-container elementor-column-gap-default\">\n\t\t\t\t\t<div class=\"elementor-column elementor-col-100 elementor-top-column elementor-element elementor-element-bc2636c\" data-id=\"bc2636c\" data-element_type=\"column\" data-e-type=\"column\">\n\t\t\t<div class=\"elementor-widget-wrap elementor-element-populated\">\n\t\t\t\t\t\t<div class=\"elementor-element elementor-element-fb58bd4 elementor-widget elementor-widget-heading\" data-id=\"fb58bd4\" data-element_type=\"widget\" data-e-type=\"widget\" data-widget_type=\"heading.default\">\n\t\t\t\t<div class=\"elementor-widget-container\">\n\t\t\t\t\t<h1 class=\"elementor-heading-title elementor-size-default\">Conditions g\u00e9n\u00e9rales d'utilisation du site web<\/h1>\t\t\t\t<\/div>\n\t\t\t\t<\/div>\n\t\t\t\t<div class=\"elementor-element elementor-element-9dee63b elementor-widget elementor-widget-text-editor\" data-id=\"9dee63b\" data-element_type=\"widget\" data-e-type=\"widget\" data-widget_type=\"text-editor.default\">\n\t\t\t\t<div class=\"elementor-widget-container\">\n\t\t\t\t\t\t\t\t\t\n\n\n\n\n<p>Voici les conditions d&rsquo;utilisation de ce site web. Si vous utilisez le site, vous \u00eates r\u00e9put\u00e9 les avoir accept\u00e9es. <\/p>\n<h2 class=\"titolo-cookie\">Utilisation de ce site web<\/h2>\n<p>Les informations contenues dans ce site sont fournies \u00e0 titre d&rsquo;information g\u00e9n\u00e9rale uniquement et ne constituent pas une publicit\u00e9. Nous n&rsquo;acceptons aucune responsabilit\u00e9 pour toute perte qui pourrait r\u00e9sulter de l&rsquo;acc\u00e8s ou de la confiance accord\u00e9e aux informations contenues dans ce site. <\/p>\n<h2 class=\"titolo-cookie\">Liens<\/h2>\n<p>Nous ne sommes pas responsables du contenu des sites Internet externes qui renvoient \u00e0 ce site. Ce site propose des liens vers des sites Internet externes qui \u00e9chappent au contr\u00f4le de RCR Industrial Flooring ou des soci\u00e9t\u00e9s de son groupe, et RCR n&rsquo;est pas responsable du contenu de ces sites. <\/p>\n<h2 class=\"titolo-cookie\">Droit d&rsquo;auteur<\/h2>\n<p>Le contenu de ce site est prot\u00e9g\u00e9 par le droit d&rsquo;auteur en vertu des conventions internationales. Sauf indication contraire, tous les \u00e9l\u00e9ments de ce site, y compris la conception, le texte, les graphiques et les photographies, sont prot\u00e9g\u00e9s par le droit d&rsquo;auteur de RCR Industrial Flooring S.L.U. ou des soci\u00e9t\u00e9s de son groupe. <\/p>\n\n<p>Vous \u00eates autoris\u00e9 \u00e0 en lire le contenu et \u00e0 en faire des copies pour votre usage personnel. Vous pouvez \u00e9galement remettre occasionnellement des copies (sur papier ou sous forme \u00e9lectronique) d&rsquo;extraits raisonnables, gratuitement, \u00e0 vos coll\u00e8gues et clients pour leur usage personnel, \u00e0 condition que\n&#8211; nous soyons cit\u00e9s comme source ;\n&#8211; le texte ne soit modifi\u00e9 en aucune fa\u00e7on ;\n&#8211; l&rsquo;attention des destinataires soit attir\u00e9e sur le fait que le texte n&rsquo;a pas \u00e9t\u00e9 modifi\u00e9 ; &#8211; le texte ne soit pas modifi\u00e9. \n<\/p>\n<p>\nToute autre utilisation ou copie du contenu de ce site, que ce soit directement ou par le biais d&rsquo;un lien hypertexte, est interdite sans l&rsquo;accord \u00e9crit pr\u00e9alable de RCR Industrial Flooring.<\/p>\n<h2 class=\"titolo-cookie\">Restrictions<\/h2>\n<p>Lorsque l&rsquo;acc\u00e8s \u00e0 des parties restreintes de ce site est soumis \u00e0 des conditions plus sp\u00e9cifiques, ce sont ces derni\u00e8res qui s&rsquo;appliquent. La copie de sites web de tiers est soumise \u00e0 toutes les exigences applicables \u00e0 ces sites. Tous les liens \u00e9lectroniques vers une partie quelconque de ce site n\u00e9cessitent notre accord. Veuillez envoyer vos demandes par courrier \u00e9lectronique \u00e0 <a>info@rcrindustrialflooring.com.<\/a>   <\/p>\n<h2 class=\"titolo-cookie\">Protection contre les virus<\/h2>\n<p>Nous ne pouvons pas garantir que ce site et son syst\u00e8me de distribution de documents fonctionneront conform\u00e9ment \u00e0 vos attentes ou qu&rsquo;ils seront exempts d&rsquo;erreurs et de virus. Bien que des mesures aient \u00e9t\u00e9 prises pour garantir que ce site est exempt de virus, vous devez vous procurer votre propre protection contre les virus. <\/p>\n<h2 class=\"titolo-cookie\">Erreurs de site<\/h2>\n<p>Si vous constatez des erreurs sur ce site, veuillez nous contacter par courrier \u00e9lectronique \u00e0 l&rsquo;adresse <a>info@rcrindustrialflooring.com<\/a> et nous nous efforcerons de les corriger.<\/p>\n<h2 class=\"titolo-cookie\">Mises \u00e0 jour du site<\/h2>\n<p>Nous nous r\u00e9servons le droit de mettre \u00e0 jour, de modifier ou de fermer ce site \u00e0 tout moment et de changer ou d&rsquo;amender ces termes et conditions de temps \u00e0 autre. Toute modification prend effet d\u00e8s sa publication sur ce site. <\/p>\n<h2 class=\"titolo-cookie\">Sites web de tiers<\/h2>\n<p>Le site web contient des liens vers d&rsquo;autres sites web. Nous ne sommes pas responsables du contenu de ces sites web, ni des politiques de confidentialit\u00e9 ou des pratiques des sites web de tiers. <\/p>\n<h2 class=\"titolo-cookie\">Droit applicable<\/h2>\n<p>Toute information contenue sur ce site est bas\u00e9e sur le droit anglais, qui est le droit r\u00e9gissant ce site.<\/p>\n<h2 class=\"titolo-cookie\">Confidentialit\u00e9<\/h2>\n<p>Tous les courriels sont envoy\u00e9s de mani\u00e8re confidentielle et ne sont destin\u00e9s qu&rsquo;\u00e0 leur(s) destinataire(s). L&rsquo;utilisation, la diffusion, la distribution, la publication ou la copie non autoris\u00e9es des communications par courrier \u00e9lectronique sont strictement interdites. <\/p>\n\n<p>Une copie de nos conditions g\u00e9n\u00e9rales de vente est disponible sur demande.\nPour toute question, veuillez contacter notre responsable de la communication du groupe, Valentina Gonz\u00e1les, \u00e0 l&rsquo;adresse <a>info@rcrindustrialflooring.com<\/a>.<\/p>\n<h2>Cookies<\/h2>\n<p>\nCe site web utilise des cookies pour am\u00e9liorer votre exp\u00e9rience et pour nous aider \u00e0 comprendre comment les visiteurs utilisent notre site web. Un cookie est un petit \u00e9l\u00e9ment de donn\u00e9es envoy\u00e9 par notre site web et stock\u00e9 sur votre ordinateur par votre navigateur web. Les cookies sont tr\u00e8s courants et inoffensifs. Les cookies restent sur votre ordinateur apr\u00e8s la fermeture de votre navigateur web, mais uniquement pour que nous puissions savoir si vous visitez \u00e0 nouveau notre site web.   <\/p>\n<p>\nVoici les cookies que nous utilisons et pourquoi.<\/p>\n\n<h2 class=\"titolo-cookie\">Cookie de session PHP<\/h2>\n<p>\nIl s&rsquo;agit d&rsquo;un cookie unique qui est cr\u00e9\u00e9 lorsque vous arrivez sur le site www.rcrindustrialflooring.com. Il n&rsquo;enregistre aucune information sur vous, votre ordinateur ou votre navigateur web, de sorte que vous restez totalement anonyme. Le cookie contribue au bon d\u00e9roulement de votre visite, par exemple en m\u00e9morisant les pages que vous avez r\u00e9cemment consult\u00e9es afin que vous puissiez y revenir. Ce cookie ne sert \u00e0 rien d&rsquo;autre, et d\u00e8s que vous fermez votre navigateur web, le cookie est imm\u00e9diatement d\u00e9truit.   \n<\/p>\n\n<h2 class=\"titolo-cookie\">Cookies de Google Analytics<\/h2>\n<p>\nCe site utilise des cookies li\u00e9s \u00e0 Google Analytics (appel\u00e9s _ga et _gid). Google Analytics nous aide \u00e0 surveiller l&rsquo;utilisation de notre site, afin que nous puissions continuellement l&rsquo;am\u00e9liorer et y ajouter du contenu qui int\u00e9ressera nos visiteurs. Les cookies de Google Analytics ne stockent aucune information personnelle identifiable. Ils enregistrent votre adresse IP, qui indique votre emplacement, mais nous ne pouvons pas acc\u00e9der \u00e0 ces informations par l&rsquo;interm\u00e9diaire de Google Analytics, car elles sont combin\u00e9es \u00e0 d&rsquo;autres donn\u00e9es et rendues anonymes. Vous pouvez en savoir plus sur Google Analytics et ces cookies en suivant ce lien vers le site des d\u00e9veloppeurs de Google <a href=\"https:\/\/developers.google.com\/analytics\/devguides\/collection\/gtagjs\/cookie-usage\" target=\"_blank\" rel=\"noopener\">: https:\/\/developers.google.com\/analytics\/devguides\/collection\/gtagjs\/cookie-usage.<\/a>\nVous pouvez obtenir plus d&rsquo;informations sur les cookies en visitant <a href=\"http:\/\/www.allaboutcookies.org\/\" target=\"_blank\" rel=\"noopener\">www.allaboutcookies.org.<\/a>    \n<\/p>\n<p>\nSi vous souhaitez supprimer les cookies utilis\u00e9s par notre site web, vous pouvez le faire. Dans les outils de votre navigateur web, il devrait y avoir une section relative aux cookies. Vous devriez pouvoir d\u00e9sactiver tous les cookies de tous les sites web, ou sp\u00e9cifiquement les cookies du site web de RCR Industrial Flooring.  \n<\/p>\n<p>\nN&rsquo;h\u00e9sitez pas \u00e0 nous contacter si vous avez des questions ou des pr\u00e9occupations.\nSi vous avez des pr\u00e9occupations ou des questions, veuillez contacter l&rsquo;administrateur de notre site web par courrier \u00e9lectronique \u00e0 l&rsquo;adresse <a>info@rcrindustrialflooring.com<\/a>.<\/p>\n<h2>Avis de confidentialit\u00e9<\/h2>\n<h2 class=\"titolo-cookie\">Cet avis de confidentialit\u00e9 explique les donn\u00e9es personnelles que nous collectons aupr\u00e8s de vous et ce que nous en faisons.<\/h2>\n<h2 class=\"titolo-cookie\">Qui collecte les donn\u00e9es ?<\/h2>\n<p>Les donn\u00e9es personnelles que vous fournissez sont collect\u00e9es par RCR Industrial Flooring S.L.U., Calle Mirasierra, 5 2\u00baA, 28220, Majadahonda, Madrid, Espagne.<\/p>\n<h2 class=\"titolo-cookie\">Quelles sont les donn\u00e9es collect\u00e9es ?<\/h2>\n<p>Lorsque vous nous contactez, nous vous demandons de fournir votre nom, le nom de votre entreprise, votre adresse, votre adresse \u00e9lectronique et votre num\u00e9ro de t\u00e9l\u00e9phone professionnel. Vous pouvez \u00e9galement choisir de fournir d&rsquo;autres informations (par exemple, votre fonction, votre profil sur les r\u00e9seaux sociaux), auquel cas nous collecterons et conserverons \u00e9galement ces informations. <\/p>\n<h2 class=\"titolo-cookie\">Quand et comment les donn\u00e9es sont-elles collect\u00e9es ?<\/h2>\n<p>Nous recueillons des informations lorsque vous remplissez un formulaire sur ce site web, lorsque vous nous envoyez une demande par courrier \u00e9lectronique, lorsque vous nous t\u00e9l\u00e9phonez ou lorsque vous nous \u00e9crivez. Nous recueillons \u00e9galement des donn\u00e9es sur les cartes de visite qui nous sont remises. <\/p>\n<h2 class=\"titolo-cookie\">Comment les informations seront-elles utilis\u00e9es ?<\/h2>\n<p>Nous traiterons vos informations en premier lieu pour r\u00e9pondre \u00e0 votre demande. Nous pouvons utiliser les donn\u00e9es pour personnaliser votre visite sur le site web. Nous vous enverrons \u00e9galement des communications marketing occasionnelles par courrier \u00e9lectronique. Si vous nous communiquez votre num\u00e9ro de t\u00e9l\u00e9phone et votre adresse postale, nous pourrons \u00e9galement les utiliser pour rester en contact avec vous.   <\/p>\n<p>\nSi nous pr\u00e9voyons d&rsquo;utiliser vos donn\u00e9es \u00e0 caract\u00e8re personnel pour une nouvelle finalit\u00e9, nous vous communiquerons les changements avant de commencer tout nouveau traitement.<\/p>\n<h2 class=\"titolo-cookie\">La base juridique du traitement de vos donn\u00e9es<\/h2>\n<p>En soumettant vos donn\u00e9es par l&rsquo;interm\u00e9diaire de notre site web, par courrier \u00e9lectronique, par t\u00e9l\u00e9phone ou par la poste, vous confirmez par votre action que vous consentez \u00e0 ce que nous traitions les donn\u00e9es que vous fournissez afin que nous puissions r\u00e9pondre \u00e0 votre demande.<\/p>\n<p>\n<strong><em>Nous utiliserons \u00e9galement vos donn\u00e9es pour vous envoyer nos nouvelles occasionnelles par e-mail \u00e0 l&rsquo;avenir.  <\/em><\/strong>La base juridique sur laquelle nous nous appuyons pour ce faire est l'\u00a0\u00bbint\u00e9r\u00eat l\u00e9gitime\u00a0\u00bb. Cela signifie qu&rsquo;\u00e9tant donn\u00e9 que vous vous \u00eates renseign\u00e9 sur nos services et que vous nous avez communiqu\u00e9 votre adresse \u00e9lectronique, nous pensons que vous vous attendez raisonnablement \u00e0 ce que nous vous informions \u00e0 l&rsquo;avenir sur des produits et services connexes. Nous n&rsquo;envoyons des courriels que quelques fois par an et uniquement \u00e0 des adresses \u00e9lectroniques ayant un domaine professionnel. Vous pourrez vous d\u00e9sabonner facilement de ces courriels \u00e0 tout moment. Si vous pr\u00e9f\u00e9rez que nous ne vous envoyions pas notre lettre d&rsquo;information, veuillez l&rsquo;indiquer dans votre message lorsque vous vous renseignez.    \n<\/p>\n<p>\nSi vous souhaitez obtenir des informations sans fournir de donn\u00e9es personnelles, veuillez nous t\u00e9l\u00e9phoner, mais il se peut que nous ne soyons pas en mesure de r\u00e9pondre pleinement \u00e0 votre demande.\n<\/p>\n<p>Si vous nous donnez une carte de visite lors d&rsquo;un \u00e9v\u00e9nement, nous vous demanderons votre accord pour vous ajouter \u00e0 la liste de diffusion de notre lettre d&rsquo;information.<\/p>\n<h2 class=\"titolo-cookie\">S\u00e9curit\u00e9 des donn\u00e9es<\/h2>\n<p>Ce site web dispose d&rsquo;un certificat SSL (https:\/\/), ce qui signifie que les donn\u00e9es que vous soumettez par l&rsquo;interm\u00e9diaire de ce site web sont crypt\u00e9es pour des raisons de s\u00e9curit\u00e9. N&rsquo;h\u00e9sitez pas \u00e0 nous contacter si vous avez des questions concernant notre s\u00e9curit\u00e9 informatique. <\/p>\n<p>Comme nous sommes un groupe international, sachez que vos donn\u00e9es peuvent \u00eatre transmises en dehors de l&rsquo;UE et trait\u00e9es dans des centres de donn\u00e9es situ\u00e9s en dehors de l&rsquo;UE.<\/p>\n<h2 class=\"titolo-cookie\">Partage des donn\u00e9es<\/h2>\n<p>RCR Industrial Flooring S.L.U. poss\u00e8de un certain nombre de soci\u00e9t\u00e9s sp\u00e9cialis\u00e9es dans les rev\u00eatements de sol industriels dans le monde entier. Celles-ci op\u00e8rent en tant qu&rsquo;entit\u00e9s juridiques distinctes mais sont plac\u00e9es sous le contr\u00f4le de la direction g\u00e9n\u00e9rale de RCR Industrial Flooring S.L.U. Vous trouverez une liste compl\u00e8te des soci\u00e9t\u00e9s du groupe RCR sur notre site web <a href=\"https:\/\/www.rcrindustrialflooring.com\/companies\">: https:\/\/www.rcrindustrialflooring.com\/companies.<\/a> Afin de fournir un service de qualit\u00e9, nous pouvons transmettre vos donn\u00e9es \u00e0 l&rsquo;une des soci\u00e9t\u00e9s de notre groupe &#8211; par exemple, pour que la personne ayant les connaissances techniques appropri\u00e9es puisse vous r\u00e9pondre ; ou pour que quelqu&rsquo;un puisse vous r\u00e9pondre dans votre propre langue.  <\/p>\n<p>\nNous ne transmettrons jamais vos donn\u00e9es \u00e0 une organisation ext\u00e9rieure au groupe de soci\u00e9t\u00e9s RCR Industrial Flooring, sauf :\na) si nous les avons d\u00e9sign\u00e9s comme sous-traitants, agents, distributeurs ou fournisseurs et qu&rsquo;ils ont besoin de vos donn\u00e9es pour traiter votre demande ou votre commande ;\nb) si nous les avons d\u00e9sign\u00e9s comme responsables du traitement des donn\u00e9es pour effectuer un travail en notre nom (par exemple, une soci\u00e9t\u00e9 informatique, une soci\u00e9t\u00e9 de marketing ou une agence de v\u00e9rification de cr\u00e9dit) ; ou\nc) si nous sommes tenus de le faire par la loi, dans le cadre d&rsquo;une proc\u00e9dure judiciaire ou pour \u00e9tablir, d\u00e9fendre ou exercer nos droits l\u00e9gaux.<\/p>\n<h2 class=\"titolo-cookie\">Combien de temps vos donn\u00e9es seront-elles conserv\u00e9es ?<\/h2>\n<p>Nous conservons toutes les donn\u00e9es pendant deux ans \u00e0 compter de la date du dernier engagement avec nous. Cela signifie, par exemple, que si, au cours de ces deux ann\u00e9es, l&rsquo;entreprise pour laquelle vous travaillez n&rsquo;ach\u00e8te pas de produits chez nous et que vous, en tant qu&rsquo;individu, ne nous contactez pas ou n&rsquo;ouvrez pas l&rsquo;une de nos lettres d&rsquo;information \u00e9lectroniques, nous supprimerons vos donn\u00e9es personnelles de nos syst\u00e8mes et vous d\u00e9sabonnerons de notre lettre d&rsquo;information \u00e9lectronique. Nous nous efforcerons de vous contacter avant la fin de la p\u00e9riode de deux ans pour vous demander votre accord afin de rester en contact.  <\/p>\n<h2 class=\"titolo-cookie\">Pr\u00e9cision des donn\u00e9es<\/h2>\n<p>Nous voulons nous assurer que les donn\u00e9es que nous d\u00e9tenons \u00e0 votre sujet sont \u00e0 jour. Si vos coordonn\u00e9es changent, veuillez nous en informer. <\/p>\n<h2 class=\"titolo-cookie\">Vos droits<\/h2>\n<p>En tant qu&rsquo;individu, vous pouvez \u00eatre compl\u00e8tement supprim\u00e9 de nos dossiers \u00e0 tout moment, \u00e0 votre demande. Vous avez \u00e9galement le droit de savoir quelles sont les informations personnelles que nous d\u00e9tenons \u00e0 votre sujet. Vous avez le droit de vous d\u00e9sabonner de toutes nos communications marketing, m\u00eame si vous avez pr\u00e9c\u00e9demment consenti \u00e0 les recevoir.  <\/p>\n<p>\nSi vous avez des questions ou des r\u00e9clamations sur la mani\u00e8re dont nous utilisons vos donn\u00e9es, veuillez contacter notre responsable de la communication du groupe, Valentina Gonz\u00e1les &#8211; e-mail <a>info@rcrindustrialflooring.com<\/a>.<\/p>\n<p>\nNous nous r\u00e9servons le droit de mettre \u00e0 jour cette d\u00e9claration \u00e0 tout moment, sans pr\u00e9avis.<\/p>\t\t\t\t\t\t\t\t<\/div>\n\t\t\t\t<\/div>\n\t\t\t\t\t<\/div>\n\t\t<\/div>\n\t\t\t\t\t<\/div>\n\t\t<\/section>\n\t\t\t\t<\/div>\n\t\t","protected":false},"excerpt":{"rendered":"<p>Conditions g\u00e9n\u00e9rales d&rsquo;utilisation du site web Voici les conditions d&rsquo;utilisation de ce site web. Si vous utilisez le site, vous \u00eates r\u00e9put\u00e9 les avoir accept\u00e9es. Utilisation de ce site web Les informations contenues dans ce site sont fournies \u00e0 titre d&rsquo;information g\u00e9n\u00e9rale uniquement et ne constituent pas une publicit\u00e9. Nous n&rsquo;acceptons aucune responsabilit\u00e9 pour toute [&hellip;]<\/p>\n","protected":false},"author":2,"featured_media":0,"parent":0,"menu_order":0,"comment_status":"closed","ping_status":"closed","template":"","meta":{"footnotes":""},"class_list":["post-5024","page","type-page","status-publish","hentry"],"yoast_head":"<!-- This site is optimized with the Yoast SEO plugin v27.3 - https:\/\/yoast.com\/product\/yoast-seo-wordpress\/ -->\n<title>Politique en mati\u00e8re de cookies - RINOL<\/title>\n<meta name=\"robots\" content=\"index, follow, max-snippet:-1, max-image-preview:large, max-video-preview:-1\" \/>\n<link rel=\"canonical\" href=\"https:\/\/rinol.com\/fr\/politique-des-cookies\/\" \/>\n<meta property=\"og:locale\" content=\"fr_FR\" \/>\n<meta property=\"og:type\" content=\"article\" \/>\n<meta property=\"og:title\" content=\"Politique en mati\u00e8re de cookies - RINOL\" \/>\n<meta property=\"og:description\" content=\"Conditions g\u00e9n\u00e9rales d&rsquo;utilisation du site web Voici les conditions d&rsquo;utilisation de ce site web. Si vous utilisez le site, vous \u00eates r\u00e9put\u00e9 les avoir accept\u00e9es. Utilisation de ce site web Les informations contenues dans ce site sont fournies \u00e0 titre d&rsquo;information g\u00e9n\u00e9rale uniquement et ne constituent pas une publicit\u00e9. Nous n&rsquo;acceptons aucune responsabilit\u00e9 pour toute [&hellip;]\" \/>\n<meta property=\"og:url\" content=\"https:\/\/rinol.com\/fr\/politique-des-cookies\/\" \/>\n<meta property=\"og:site_name\" content=\"RINOL\" \/>\n<meta property=\"article:modified_time\" content=\"2025-02-14T07:33:50+00:00\" \/>\n<meta name=\"twitter:card\" content=\"summary_large_image\" \/>\n<meta name=\"twitter:label1\" content=\"Dur\u00e9e de lecture estim\u00e9e\" \/>\n\t<meta name=\"twitter:data1\" content=\"11 minutes\" \/>\n<script type=\"application\/ld+json\" class=\"yoast-schema-graph\">{\"@context\":\"https:\\\/\\\/schema.org\",\"@graph\":[{\"@type\":\"WebPage\",\"@id\":\"https:\\\/\\\/rinol.com\\\/fr\\\/politique-des-cookies\\\/\",\"url\":\"https:\\\/\\\/rinol.com\\\/fr\\\/politique-des-cookies\\\/\",\"name\":\"Politique en mati\u00e8re de cookies - RINOL\",\"isPartOf\":{\"@id\":\"https:\\\/\\\/rinol.com\\\/fr\\\/#website\"},\"datePublished\":\"2021-02-18T13:04:06+00:00\",\"dateModified\":\"2025-02-14T07:33:50+00:00\",\"breadcrumb\":{\"@id\":\"https:\\\/\\\/rinol.com\\\/fr\\\/politique-des-cookies\\\/#breadcrumb\"},\"inLanguage\":\"fr-FR\",\"potentialAction\":[{\"@type\":\"ReadAction\",\"target\":[\"https:\\\/\\\/rinol.com\\\/fr\\\/politique-des-cookies\\\/\"]}]},{\"@type\":\"BreadcrumbList\",\"@id\":\"https:\\\/\\\/rinol.com\\\/fr\\\/politique-des-cookies\\\/#breadcrumb\",\"itemListElement\":[{\"@type\":\"ListItem\",\"position\":1,\"name\":\"Home\",\"item\":\"https:\\\/\\\/rinol.com\\\/fr\\\/\"},{\"@type\":\"ListItem\",\"position\":2,\"name\":\"Politique en mati\u00e8re de cookies\"}]},{\"@type\":\"WebSite\",\"@id\":\"https:\\\/\\\/rinol.com\\\/fr\\\/#website\",\"url\":\"https:\\\/\\\/rinol.com\\\/fr\\\/\",\"name\":\"RINOL\",\"description\":\"Industrial flooring solutions\",\"publisher\":{\"@id\":\"https:\\\/\\\/rinol.com\\\/fr\\\/#organization\"},\"potentialAction\":[{\"@type\":\"SearchAction\",\"target\":{\"@type\":\"EntryPoint\",\"urlTemplate\":\"https:\\\/\\\/rinol.com\\\/fr\\\/?s={search_term_string}\"},\"query-input\":{\"@type\":\"PropertyValueSpecification\",\"valueRequired\":true,\"valueName\":\"search_term_string\"}}],\"inLanguage\":\"fr-FR\"},{\"@type\":\"Organization\",\"@id\":\"https:\\\/\\\/rinol.com\\\/fr\\\/#organization\",\"name\":\"RINOL\",\"url\":\"https:\\\/\\\/rinol.com\\\/fr\\\/\",\"logo\":{\"@type\":\"ImageObject\",\"inLanguage\":\"fr-FR\",\"@id\":\"https:\\\/\\\/rinol.com\\\/fr\\\/#\\\/schema\\\/logo\\\/image\\\/\",\"url\":\"https:\\\/\\\/rinol.com\\\/wp-content\\\/uploads\\\/2021\\\/02\\\/cropped-RINOL-logo-300-dpi_trans-1.png\",\"contentUrl\":\"https:\\\/\\\/rinol.com\\\/wp-content\\\/uploads\\\/2021\\\/02\\\/cropped-RINOL-logo-300-dpi_trans-1.png\",\"width\":1950,\"height\":793,\"caption\":\"RINOL\"},\"image\":{\"@id\":\"https:\\\/\\\/rinol.com\\\/fr\\\/#\\\/schema\\\/logo\\\/image\\\/\"}}]}<\/script>\n<!-- \/ Yoast SEO plugin. -->","yoast_head_json":{"title":"Politique en mati\u00e8re de cookies - RINOL","robots":{"index":"index","follow":"follow","max-snippet":"max-snippet:-1","max-image-preview":"max-image-preview:large","max-video-preview":"max-video-preview:-1"},"canonical":"https:\/\/rinol.com\/fr\/politique-des-cookies\/","og_locale":"fr_FR","og_type":"article","og_title":"Politique en mati\u00e8re de cookies - RINOL","og_description":"Conditions g\u00e9n\u00e9rales d&rsquo;utilisation du site web Voici les conditions d&rsquo;utilisation de ce site web. Si vous utilisez le site, vous \u00eates r\u00e9put\u00e9 les avoir accept\u00e9es. Utilisation de ce site web Les informations contenues dans ce site sont fournies \u00e0 titre d&rsquo;information g\u00e9n\u00e9rale uniquement et ne constituent pas une publicit\u00e9. Nous n&rsquo;acceptons aucune responsabilit\u00e9 pour toute [&hellip;]","og_url":"https:\/\/rinol.com\/fr\/politique-des-cookies\/","og_site_name":"RINOL","article_modified_time":"2025-02-14T07:33:50+00:00","twitter_card":"summary_large_image","twitter_misc":{"Dur\u00e9e de lecture estim\u00e9e":"11 minutes"},"schema":{"@context":"https:\/\/schema.org","@graph":[{"@type":"WebPage","@id":"https:\/\/rinol.com\/fr\/politique-des-cookies\/","url":"https:\/\/rinol.com\/fr\/politique-des-cookies\/","name":"Politique en mati\u00e8re de cookies - RINOL","isPartOf":{"@id":"https:\/\/rinol.com\/fr\/#website"},"datePublished":"2021-02-18T13:04:06+00:00","dateModified":"2025-02-14T07:33:50+00:00","breadcrumb":{"@id":"https:\/\/rinol.com\/fr\/politique-des-cookies\/#breadcrumb"},"inLanguage":"fr-FR","potentialAction":[{"@type":"ReadAction","target":["https:\/\/rinol.com\/fr\/politique-des-cookies\/"]}]},{"@type":"BreadcrumbList","@id":"https:\/\/rinol.com\/fr\/politique-des-cookies\/#breadcrumb","itemListElement":[{"@type":"ListItem","position":1,"name":"Home","item":"https:\/\/rinol.com\/fr\/"},{"@type":"ListItem","position":2,"name":"Politique en mati\u00e8re de cookies"}]},{"@type":"WebSite","@id":"https:\/\/rinol.com\/fr\/#website","url":"https:\/\/rinol.com\/fr\/","name":"RINOL","description":"Industrial flooring solutions","publisher":{"@id":"https:\/\/rinol.com\/fr\/#organization"},"potentialAction":[{"@type":"SearchAction","target":{"@type":"EntryPoint","urlTemplate":"https:\/\/rinol.com\/fr\/?s={search_term_string}"},"query-input":{"@type":"PropertyValueSpecification","valueRequired":true,"valueName":"search_term_string"}}],"inLanguage":"fr-FR"},{"@type":"Organization","@id":"https:\/\/rinol.com\/fr\/#organization","name":"RINOL","url":"https:\/\/rinol.com\/fr\/","logo":{"@type":"ImageObject","inLanguage":"fr-FR","@id":"https:\/\/rinol.com\/fr\/#\/schema\/logo\/image\/","url":"https:\/\/rinol.com\/wp-content\/uploads\/2021\/02\/cropped-RINOL-logo-300-dpi_trans-1.png","contentUrl":"https:\/\/rinol.com\/wp-content\/uploads\/2021\/02\/cropped-RINOL-logo-300-dpi_trans-1.png","width":1950,"height":793,"caption":"RINOL"},"image":{"@id":"https:\/\/rinol.com\/fr\/#\/schema\/logo\/image\/"}}]}},"_links":{"self":[{"href":"https:\/\/rinol.com\/fr\/wp-json\/wp\/v2\/pages\/5024","targetHints":{"allow":["GET"]}}],"collection":[{"href":"https:\/\/rinol.com\/fr\/wp-json\/wp\/v2\/pages"}],"about":[{"href":"https:\/\/rinol.com\/fr\/wp-json\/wp\/v2\/types\/page"}],"author":[{"embeddable":true,"href":"https:\/\/rinol.com\/fr\/wp-json\/wp\/v2\/users\/2"}],"replies":[{"embeddable":true,"href":"https:\/\/rinol.com\/fr\/wp-json\/wp\/v2\/comments?post=5024"}],"version-history":[{"count":10,"href":"https:\/\/rinol.com\/fr\/wp-json\/wp\/v2\/pages\/5024\/revisions"}],"predecessor-version":[{"id":23071,"href":"https:\/\/rinol.com\/fr\/wp-json\/wp\/v2\/pages\/5024\/revisions\/23071"}],"wp:attachment":[{"href":"https:\/\/rinol.com\/fr\/wp-json\/wp\/v2\/media?parent=5024"}],"curies":[{"name":"wp","href":"https:\/\/api.w.org\/{rel}","templated":true}]}}