{"id":5032,"date":"2021-02-18T20:19:12","date_gmt":"2021-02-18T19:19:12","guid":{"rendered":"https:\/\/rinol.it\/green-building\/"},"modified":"2025-02-14T08:33:50","modified_gmt":"2025-02-14T07:33:50","slug":"green-building","status":"publish","type":"page","link":"https:\/\/rinol.com\/fr\/green-building\/","title":{"rendered":"B\u00e2timent \u00e9cologique"},"content":{"rendered":"\t\t<div data-elementor-type=\"wp-page\" data-elementor-id=\"5032\" class=\"elementor elementor-5032 elementor-1458\" data-elementor-post-type=\"page\">\n\t\t\t\t\t\t<section class=\"elementor-section elementor-top-section elementor-element elementor-element-a49b7f7 elementor-section-boxed elementor-section-height-default elementor-section-height-default\" data-id=\"a49b7f7\" data-element_type=\"section\" data-e-type=\"section\">\n\t\t\t\t\t\t<div class=\"elementor-container elementor-column-gap-default\">\n\t\t\t\t\t<div class=\"elementor-column elementor-col-100 elementor-top-column elementor-element elementor-element-cd605fd\" data-id=\"cd605fd\" data-element_type=\"column\" data-e-type=\"column\" data-settings=\"{&quot;motion_fx_motion_fx_scrolling&quot;:&quot;yes&quot;,&quot;motion_fx_devices&quot;:[&quot;desktop&quot;,&quot;tablet&quot;,&quot;mobile&quot;]}\">\n\t\t\t<div class=\"elementor-widget-wrap elementor-element-populated\">\n\t\t\t\t\t\t<div class=\"elementor-element elementor-element-b5f5c63 elementor-widget elementor-widget-heading\" data-id=\"b5f5c63\" data-element_type=\"widget\" data-e-type=\"widget\" data-widget_type=\"heading.default\">\n\t\t\t\t<div class=\"elementor-widget-container\">\n\t\t\t\t\t<h1 class=\"elementor-heading-title elementor-size-small\">CONSTRUCTION \u00c9COLOGIQUE \u00c0 RINOL,\n<br><b>DURABLE, EFFICACE, ESTH\u00c9TIQUE ET RESPECTUEUSE DE L'ENVIRONNEMENT <\/b> <\/h1>\t\t\t\t<\/div>\n\t\t\t\t<\/div>\n\t\t\t\t<div class=\"elementor-element elementor-element-05e4aca elementor-widget elementor-widget-shortcode\" data-id=\"05e4aca\" data-element_type=\"widget\" data-e-type=\"widget\" data-widget_type=\"shortcode.default\">\n\t\t\t\t<div class=\"elementor-widget-container\">\n\t\t\t\t\t\t\t<div class=\"elementor-shortcode\"><p id=\"breadcrumbs\"><span><span><a href=\"https:\/\/rinol.com\/fr\/\">Home<\/a><\/span><\/span><\/p><\/div>\n\t\t\t\t\t\t<\/div>\n\t\t\t\t<\/div>\n\t\t\t\t\t<\/div>\n\t\t<\/div>\n\t\t\t\t\t<\/div>\n\t\t<\/section>\n\t\t\t\t<section class=\"elementor-section elementor-top-section elementor-element elementor-element-54961075 elementor-section-full_width elementor-section-height-min-height elementor-section-items-stretch elementor-section-content-middle elementor-reverse-mobile elementor-reverse-tablet elementor-section-height-default\" data-id=\"54961075\" data-element_type=\"section\" data-e-type=\"section\">\n\t\t\t\t\t\t<div class=\"elementor-container elementor-column-gap-no\">\n\t\t\t\t\t<div class=\"elementor-column elementor-col-50 elementor-top-column elementor-element elementor-element-6c978043\" data-id=\"6c978043\" data-element_type=\"column\" data-e-type=\"column\">\n\t\t\t<div class=\"elementor-widget-wrap elementor-element-populated\">\n\t\t\t\t\t\t<div class=\"elementor-element elementor-element-2d07441 elementor-invisible elementor-widget elementor-widget-text-editor\" data-id=\"2d07441\" data-element_type=\"widget\" data-e-type=\"widget\" data-settings=\"{&quot;_animation&quot;:&quot;fadeIn&quot;}\" data-widget_type=\"text-editor.default\">\n\t\t\t\t<div class=\"elementor-widget-container\">\n\t\t\t\t\t\t\t\t\t<p>La construction durable est devenue de plus en plus importante dans le monde entier ces derni\u00e8res ann\u00e9es. Aujourd&rsquo;hui, un grand nombre d&rsquo;exigences et de certifications sp\u00e9cifiques \u00e0 chaque pays sont n\u00e9cessaires. Cependant, tous les pays et syst\u00e8mes de certification ont une chose en commun : ils veulent cr\u00e9er une plus grande durabilit\u00e9 \u00e9cologique dans l&rsquo;industrie de la construction.<\/p>\n<p>Notre d\u00e9partement de recherche et de d\u00e9veloppement travaille en permanence et de mani\u00e8re coh\u00e9rente \u00e0 l&rsquo;\u00e9laboration de nouveaux produits et \u00e0 leur perfectionnement. L&rsquo;objectif de RINOL est d&rsquo;offrir \u00e0 ses clients et partenaires des produits et des solutions innovantes et durables qui se distinguent des autres produits en termes de durabilit\u00e9, d&rsquo;efficacit\u00e9, d&rsquo;\u00e9cologie et d&rsquo;esth\u00e9tique et qui g\u00e9n\u00e8rent une valeur ajout\u00e9e.<\/p>\n<p>La sant\u00e9 et le bien-\u00eatre des personnes travaillant \u00e0 l&rsquo;int\u00e9rieur des b\u00e2timents dans un large \u00e9ventail d&rsquo;industries ne sont pas seulement d\u00e9termin\u00e9s par les conditions climatiques et les impuret\u00e9s pr\u00e9sentes dans l&rsquo;air. Les produits durables et compatibles avec l&rsquo;environnement, \u00e0 faible taux d&rsquo;\u00e9mission, ne sont pas seulement favorables \u00e0 l&rsquo;environnement, ils garantissent \u00e9galement un climat int\u00e9rieur sain.<\/p>\n<p>Les tests effectu\u00e9s par AGBB, Eurofins, ISEGA et LEED montrent que les produits et syst\u00e8mes RINOL r\u00e9pondent \u00e0 de nombreux crit\u00e8res et sont compatibles avec l&rsquo;environnement.<\/p>\n\t\t\t\t\t\t\t\t<\/div>\n\t\t\t\t<\/div>\n\t\t\t\t<div class=\"elementor-element elementor-element-9d65cee elementor-widget elementor-widget-image\" data-id=\"9d65cee\" data-element_type=\"widget\" data-e-type=\"widget\" data-widget_type=\"image.default\">\n\t\t\t\t<div class=\"elementor-widget-container\">\n\t\t\t\t\t\t\t\t\t\t\t\t\t\t\t<img fetchpriority=\"high\" decoding=\"async\" width=\"800\" height=\"225\" src=\"https:\/\/rinol.com\/wp-content\/uploads\/2021\/02\/rinol_stamps_going_green-1024x288.png\" class=\"attachment-large size-large wp-image-4291\" alt=\"\" srcset=\"https:\/\/rinol.com\/wp-content\/uploads\/2021\/02\/rinol_stamps_going_green-1024x288.png 1024w, https:\/\/rinol.com\/wp-content\/uploads\/2021\/02\/rinol_stamps_going_green-600x168.webp 600w, https:\/\/rinol.com\/wp-content\/uploads\/2021\/02\/rinol_stamps_going_green-300x84.png 300w, https:\/\/rinol.com\/wp-content\/uploads\/2021\/02\/rinol_stamps_going_green-768x216.png 768w, https:\/\/rinol.com\/wp-content\/uploads\/2021\/02\/rinol_stamps_going_green-1536x431.png 1536w, https:\/\/rinol.com\/wp-content\/uploads\/2021\/02\/rinol_stamps_going_green-2048x575.png 2048w, https:\/\/rinol.com\/wp-content\/uploads\/2021\/02\/rinol_stamps_going_green.webp 1920w\" sizes=\"(max-width: 800px) 100vw, 800px\" \/>\t\t\t\t\t\t\t\t\t\t\t\t\t\t\t<\/div>\n\t\t\t\t<\/div>\n\t\t\t\t\t<\/div>\n\t\t<\/div>\n\t\t\t\t<div class=\"elementor-column elementor-col-50 elementor-top-column elementor-element elementor-element-3bb650c2\" data-id=\"3bb650c2\" data-element_type=\"column\" data-e-type=\"column\" data-settings=\"{&quot;background_background&quot;:&quot;classic&quot;}\">\n\t\t\t<div class=\"elementor-widget-wrap elementor-element-populated\">\n\t\t\t\t\t\t<div class=\"elementor-element elementor-element-b03fec6 elementor-widget elementor-widget-spacer\" data-id=\"b03fec6\" data-element_type=\"widget\" data-e-type=\"widget\" data-widget_type=\"spacer.default\">\n\t\t\t\t<div class=\"elementor-widget-container\">\n\t\t\t\t\t\t\t<div class=\"elementor-spacer\">\n\t\t\t<div class=\"elementor-spacer-inner\"><\/div>\n\t\t<\/div>\n\t\t\t\t\t\t<\/div>\n\t\t\t\t<\/div>\n\t\t\t\t\t<\/div>\n\t\t<\/div>\n\t\t\t\t\t<\/div>\n\t\t<\/section>\n\t\t<div class=\"elementor-element elementor-element-56806c17 e-flex e-con-boxed e-con e-parent\" data-id=\"56806c17\" data-element_type=\"container\" data-e-type=\"container\" data-settings=\"{&quot;background_background&quot;:&quot;classic&quot;}\">\n\t\t\t\t\t<div class=\"e-con-inner\">\n\t\t<div class=\"elementor-element elementor-element-67794a0 e-con-full e-flex e-con e-child\" data-id=\"67794a0\" data-element_type=\"container\" data-e-type=\"container\">\n\t\t\t\t<div class=\"elementor-element elementor-element-761eaee2 elementor-widget elementor-widget-heading\" data-id=\"761eaee2\" data-element_type=\"widget\" data-e-type=\"widget\" data-widget_type=\"heading.default\">\n\t\t\t\t<div class=\"elementor-widget-container\">\n\t\t\t\t\t<h2 class=\"elementor-heading-title elementor-size-default\">D\u00e9couvrez le nouveau RINOL<b><i>Couche verte<\/i><\/b> RINOL GreenCoat : La durabilit\u00e9 sans compromis<\/h2>\t\t\t\t<\/div>\n\t\t\t\t<\/div>\n\t\t\t\t<div class=\"elementor-element elementor-element-264614bb elementor-widget elementor-widget-text-editor\" data-id=\"264614bb\" data-element_type=\"widget\" data-e-type=\"widget\" data-widget_type=\"text-editor.default\">\n\t\t\t\t<div class=\"elementor-widget-container\">\n\t\t\t\t\t\t\t\t\t<p class=\"p1\">Le RINOL<strong><b><i>GreenCoat<\/i><\/b><\/strong> red\u00e9finit les rev\u00eatements industriels en combinant haute performance et durabilit\u00e9. Avec jusqu&rsquo;\u00e0 23 % de contenu biosourc\u00e9 et sans substances nocives, ces produits sont con\u00e7us pour les secteurs qui privil\u00e9gient la durabilit\u00e9 et la s\u00e9curit\u00e9 environnementale. Certifi\u00e9s dans le monde entier, ils prot\u00e8gent \u00e0 la fois les personnes et la plan\u00e8te.<\/p>\n\t\t\t\t\t\t\t\t<\/div>\n\t\t\t\t<\/div>\n\t\t\t\t<div class=\"elementor-element elementor-element-62ff3e4f elementor-widget-mobile__width-inherit elementor-align-center elementor-invisible elementor-widget elementor-widget-button\" data-id=\"62ff3e4f\" data-element_type=\"widget\" data-e-type=\"widget\" data-settings=\"{&quot;_animation&quot;:&quot;fadeInDown&quot;}\" data-widget_type=\"button.default\">\n\t\t\t\t<div class=\"elementor-widget-container\">\n\t\t\t\t\t\t\t\t\t<div class=\"elementor-button-wrapper\">\n\t\t\t\t\t<a class=\"elementor-button elementor-button-link elementor-size-sm\" href=\"https:\/\/rinol.com\/fr\/brochures-systeme-par-secteur\/\" target=\"_blank\">\n\t\t\t\t\t\t<span class=\"elementor-button-content-wrapper\">\n\t\t\t\t\t\t\t\t\t<span class=\"elementor-button-text\">T\u00e9l\u00e9chargez la brochure compl\u00e8te<\/span>\n\t\t\t\t\t<\/span>\n\t\t\t\t\t<\/a>\n\t\t\t\t<\/div>\n\t\t\t\t\t\t\t\t<\/div>\n\t\t\t\t<\/div>\n\t\t\t\t<\/div>\n\t\t<div class=\"elementor-element elementor-element-3c7c36a4 e-con-full e-flex e-con e-child\" data-id=\"3c7c36a4\" data-element_type=\"container\" data-e-type=\"container\">\n\t\t\t\t<div class=\"elementor-element elementor-element-04f94c6 elementor-widget elementor-widget-image\" data-id=\"04f94c6\" data-element_type=\"widget\" data-e-type=\"widget\" data-settings=\"{&quot;motion_fx_motion_fx_scrolling&quot;:&quot;yes&quot;,&quot;motion_fx_scale_effect&quot;:&quot;yes&quot;,&quot;motion_fx_scale_range&quot;:{&quot;unit&quot;:&quot;%&quot;,&quot;size&quot;:&quot;&quot;,&quot;sizes&quot;:{&quot;start&quot;:51,&quot;end&quot;:100}},&quot;motion_fx_scale_direction&quot;:&quot;out-in&quot;,&quot;motion_fx_scale_speed&quot;:{&quot;unit&quot;:&quot;px&quot;,&quot;size&quot;:4,&quot;sizes&quot;:[]},&quot;motion_fx_devices&quot;:[&quot;desktop&quot;,&quot;tablet&quot;,&quot;mobile&quot;]}\" data-widget_type=\"image.default\">\n\t\t\t\t<div class=\"elementor-widget-container\">\n\t\t\t\t\t\t\t\t\t\t\t\t\t\t\t<img decoding=\"async\" width=\"724\" height=\"1024\" src=\"https:\/\/rinol.com\/wp-content\/uploads\/2024\/10\/caratula-de-folleto-724x1024.jpg\" class=\"attachment-large size-large wp-image-19518\" alt=\"\" srcset=\"https:\/\/rinol.com\/wp-content\/uploads\/2024\/10\/caratula-de-folleto-724x1024.jpg 724w, https:\/\/rinol.com\/wp-content\/uploads\/2024\/10\/caratula-de-folleto-600x849.jpg 600w, https:\/\/rinol.com\/wp-content\/uploads\/2024\/10\/caratula-de-folleto-212x300.jpg 212w, https:\/\/rinol.com\/wp-content\/uploads\/2024\/10\/caratula-de-folleto-768x1086.jpg 768w, https:\/\/rinol.com\/wp-content\/uploads\/2024\/10\/caratula-de-folleto-1086x1536.jpg 1086w, https:\/\/rinol.com\/wp-content\/uploads\/2024\/10\/caratula-de-folleto.jpg 1190w\" sizes=\"(max-width: 724px) 100vw, 724px\" \/>\t\t\t\t\t\t\t\t\t\t\t\t\t\t\t<\/div>\n\t\t\t\t<\/div>\n\t\t\t\t<\/div>\n\t\t\t\t\t<\/div>\n\t\t\t\t<\/div>\n\t\t\t\t<\/div>\n\t\t","protected":false},"excerpt":{"rendered":"<p>CONSTRUCTION \u00c9COLOGIQUE \u00c0 RINOL, DURABLE, EFFICACE, ESTH\u00c9TIQUE ET RESPECTUEUSE DE L&rsquo;ENVIRONNEMENT La construction durable est devenue de plus en plus importante dans le monde entier ces derni\u00e8res ann\u00e9es. Aujourd&rsquo;hui, un grand nombre d&rsquo;exigences et de certifications sp\u00e9cifiques \u00e0 chaque pays sont n\u00e9cessaires. Cependant, tous les pays et syst\u00e8mes de certification ont une chose en commun [&hellip;]<\/p>\n","protected":false},"author":2,"featured_media":0,"parent":0,"menu_order":0,"comment_status":"closed","ping_status":"closed","template":"","meta":{"footnotes":""},"class_list":["post-5032","page","type-page","status-publish","hentry"],"yoast_head":"<!-- This site is optimized with the Yoast SEO plugin v27.3 - https:\/\/yoast.com\/product\/yoast-seo-wordpress\/ -->\n<title>B\u00e2timent \u00e9cologique - RINOL<\/title>\n<meta name=\"robots\" content=\"index, follow, max-snippet:-1, max-image-preview:large, max-video-preview:-1\" \/>\n<link rel=\"canonical\" href=\"https:\/\/rinol.com\/fr\/green-building\/\" \/>\n<meta property=\"og:locale\" content=\"fr_FR\" \/>\n<meta property=\"og:type\" content=\"article\" \/>\n<meta property=\"og:title\" content=\"B\u00e2timent \u00e9cologique - RINOL\" \/>\n<meta property=\"og:description\" content=\"CONSTRUCTION \u00c9COLOGIQUE \u00c0 RINOL, DURABLE, EFFICACE, ESTH\u00c9TIQUE ET RESPECTUEUSE DE L&rsquo;ENVIRONNEMENT La construction durable est devenue de plus en plus importante dans le monde entier ces derni\u00e8res ann\u00e9es. Aujourd&rsquo;hui, un grand nombre d&rsquo;exigences et de certifications sp\u00e9cifiques \u00e0 chaque pays sont n\u00e9cessaires. Cependant, tous les pays et syst\u00e8mes de certification ont une chose en commun [&hellip;]\" \/>\n<meta property=\"og:url\" content=\"https:\/\/rinol.com\/fr\/green-building\/\" \/>\n<meta property=\"og:site_name\" content=\"RINOL\" \/>\n<meta property=\"article:modified_time\" content=\"2025-02-14T07:33:50+00:00\" \/>\n<meta property=\"og:image\" content=\"https:\/\/rinol.com\/wp-content\/uploads\/2021\/02\/rinol_stamps_going_green.webp\" \/>\n\t<meta property=\"og:image:width\" content=\"1920\" \/>\n\t<meta property=\"og:image:height\" content=\"539\" \/>\n\t<meta property=\"og:image:type\" content=\"image\/webp\" \/>\n<meta name=\"twitter:card\" content=\"summary_large_image\" \/>\n<meta name=\"twitter:label1\" content=\"Dur\u00e9e de lecture estim\u00e9e\" \/>\n\t<meta name=\"twitter:data1\" content=\"2 minutes\" \/>\n<script type=\"application\/ld+json\" class=\"yoast-schema-graph\">{\"@context\":\"https:\\\/\\\/schema.org\",\"@graph\":[{\"@type\":\"WebPage\",\"@id\":\"https:\\\/\\\/rinol.com\\\/fr\\\/green-building\\\/\",\"url\":\"https:\\\/\\\/rinol.com\\\/fr\\\/green-building\\\/\",\"name\":\"B\u00e2timent \u00e9cologique - RINOL\",\"isPartOf\":{\"@id\":\"https:\\\/\\\/rinol.com\\\/fr\\\/#website\"},\"primaryImageOfPage\":{\"@id\":\"https:\\\/\\\/rinol.com\\\/fr\\\/green-building\\\/#primaryimage\"},\"image\":{\"@id\":\"https:\\\/\\\/rinol.com\\\/fr\\\/green-building\\\/#primaryimage\"},\"thumbnailUrl\":\"https:\\\/\\\/rinol.com\\\/wp-content\\\/uploads\\\/2021\\\/02\\\/rinol_stamps_going_green-1024x288.webp\",\"datePublished\":\"2021-02-18T19:19:12+00:00\",\"dateModified\":\"2025-02-14T07:33:50+00:00\",\"breadcrumb\":{\"@id\":\"https:\\\/\\\/rinol.com\\\/fr\\\/green-building\\\/#breadcrumb\"},\"inLanguage\":\"fr-FR\",\"potentialAction\":[{\"@type\":\"ReadAction\",\"target\":[\"https:\\\/\\\/rinol.com\\\/fr\\\/green-building\\\/\"]}]},{\"@type\":\"ImageObject\",\"inLanguage\":\"fr-FR\",\"@id\":\"https:\\\/\\\/rinol.com\\\/fr\\\/green-building\\\/#primaryimage\",\"url\":\"https:\\\/\\\/rinol.com\\\/wp-content\\\/uploads\\\/2021\\\/02\\\/rinol_stamps_going_green-1024x288.webp\",\"contentUrl\":\"https:\\\/\\\/rinol.com\\\/wp-content\\\/uploads\\\/2021\\\/02\\\/rinol_stamps_going_green-1024x288.webp\"},{\"@type\":\"BreadcrumbList\",\"@id\":\"https:\\\/\\\/rinol.com\\\/fr\\\/green-building\\\/#breadcrumb\",\"itemListElement\":[{\"@type\":\"ListItem\",\"position\":1,\"name\":\"Home\",\"item\":\"https:\\\/\\\/rinol.com\\\/fr\\\/\"},{\"@type\":\"ListItem\",\"position\":2,\"name\":\"B\u00e2timent \u00e9cologique\"}]},{\"@type\":\"WebSite\",\"@id\":\"https:\\\/\\\/rinol.com\\\/fr\\\/#website\",\"url\":\"https:\\\/\\\/rinol.com\\\/fr\\\/\",\"name\":\"RINOL\",\"description\":\"Industrial flooring solutions\",\"publisher\":{\"@id\":\"https:\\\/\\\/rinol.com\\\/fr\\\/#organization\"},\"potentialAction\":[{\"@type\":\"SearchAction\",\"target\":{\"@type\":\"EntryPoint\",\"urlTemplate\":\"https:\\\/\\\/rinol.com\\\/fr\\\/?s={search_term_string}\"},\"query-input\":{\"@type\":\"PropertyValueSpecification\",\"valueRequired\":true,\"valueName\":\"search_term_string\"}}],\"inLanguage\":\"fr-FR\"},{\"@type\":\"Organization\",\"@id\":\"https:\\\/\\\/rinol.com\\\/fr\\\/#organization\",\"name\":\"RINOL\",\"url\":\"https:\\\/\\\/rinol.com\\\/fr\\\/\",\"logo\":{\"@type\":\"ImageObject\",\"inLanguage\":\"fr-FR\",\"@id\":\"https:\\\/\\\/rinol.com\\\/fr\\\/#\\\/schema\\\/logo\\\/image\\\/\",\"url\":\"https:\\\/\\\/rinol.com\\\/wp-content\\\/uploads\\\/2021\\\/02\\\/cropped-RINOL-logo-300-dpi_trans-1.png\",\"contentUrl\":\"https:\\\/\\\/rinol.com\\\/wp-content\\\/uploads\\\/2021\\\/02\\\/cropped-RINOL-logo-300-dpi_trans-1.png\",\"width\":1950,\"height\":793,\"caption\":\"RINOL\"},\"image\":{\"@id\":\"https:\\\/\\\/rinol.com\\\/fr\\\/#\\\/schema\\\/logo\\\/image\\\/\"}}]}<\/script>\n<!-- \/ Yoast SEO plugin. -->","yoast_head_json":{"title":"B\u00e2timent \u00e9cologique - RINOL","robots":{"index":"index","follow":"follow","max-snippet":"max-snippet:-1","max-image-preview":"max-image-preview:large","max-video-preview":"max-video-preview:-1"},"canonical":"https:\/\/rinol.com\/fr\/green-building\/","og_locale":"fr_FR","og_type":"article","og_title":"B\u00e2timent \u00e9cologique - RINOL","og_description":"CONSTRUCTION \u00c9COLOGIQUE \u00c0 RINOL, DURABLE, EFFICACE, ESTH\u00c9TIQUE ET RESPECTUEUSE DE L&rsquo;ENVIRONNEMENT La construction durable est devenue de plus en plus importante dans le monde entier ces derni\u00e8res ann\u00e9es. Aujourd&rsquo;hui, un grand nombre d&rsquo;exigences et de certifications sp\u00e9cifiques \u00e0 chaque pays sont n\u00e9cessaires. Cependant, tous les pays et syst\u00e8mes de certification ont une chose en commun [&hellip;]","og_url":"https:\/\/rinol.com\/fr\/green-building\/","og_site_name":"RINOL","article_modified_time":"2025-02-14T07:33:50+00:00","og_image":[{"width":1920,"height":539,"url":"https:\/\/rinol.com\/wp-content\/uploads\/2021\/02\/rinol_stamps_going_green.webp","type":"image\/webp"}],"twitter_card":"summary_large_image","twitter_misc":{"Dur\u00e9e de lecture estim\u00e9e":"2 minutes"},"schema":{"@context":"https:\/\/schema.org","@graph":[{"@type":"WebPage","@id":"https:\/\/rinol.com\/fr\/green-building\/","url":"https:\/\/rinol.com\/fr\/green-building\/","name":"B\u00e2timent \u00e9cologique - RINOL","isPartOf":{"@id":"https:\/\/rinol.com\/fr\/#website"},"primaryImageOfPage":{"@id":"https:\/\/rinol.com\/fr\/green-building\/#primaryimage"},"image":{"@id":"https:\/\/rinol.com\/fr\/green-building\/#primaryimage"},"thumbnailUrl":"https:\/\/rinol.com\/wp-content\/uploads\/2021\/02\/rinol_stamps_going_green-1024x288.webp","datePublished":"2021-02-18T19:19:12+00:00","dateModified":"2025-02-14T07:33:50+00:00","breadcrumb":{"@id":"https:\/\/rinol.com\/fr\/green-building\/#breadcrumb"},"inLanguage":"fr-FR","potentialAction":[{"@type":"ReadAction","target":["https:\/\/rinol.com\/fr\/green-building\/"]}]},{"@type":"ImageObject","inLanguage":"fr-FR","@id":"https:\/\/rinol.com\/fr\/green-building\/#primaryimage","url":"https:\/\/rinol.com\/wp-content\/uploads\/2021\/02\/rinol_stamps_going_green-1024x288.webp","contentUrl":"https:\/\/rinol.com\/wp-content\/uploads\/2021\/02\/rinol_stamps_going_green-1024x288.webp"},{"@type":"BreadcrumbList","@id":"https:\/\/rinol.com\/fr\/green-building\/#breadcrumb","itemListElement":[{"@type":"ListItem","position":1,"name":"Home","item":"https:\/\/rinol.com\/fr\/"},{"@type":"ListItem","position":2,"name":"B\u00e2timent \u00e9cologique"}]},{"@type":"WebSite","@id":"https:\/\/rinol.com\/fr\/#website","url":"https:\/\/rinol.com\/fr\/","name":"RINOL","description":"Industrial flooring solutions","publisher":{"@id":"https:\/\/rinol.com\/fr\/#organization"},"potentialAction":[{"@type":"SearchAction","target":{"@type":"EntryPoint","urlTemplate":"https:\/\/rinol.com\/fr\/?s={search_term_string}"},"query-input":{"@type":"PropertyValueSpecification","valueRequired":true,"valueName":"search_term_string"}}],"inLanguage":"fr-FR"},{"@type":"Organization","@id":"https:\/\/rinol.com\/fr\/#organization","name":"RINOL","url":"https:\/\/rinol.com\/fr\/","logo":{"@type":"ImageObject","inLanguage":"fr-FR","@id":"https:\/\/rinol.com\/fr\/#\/schema\/logo\/image\/","url":"https:\/\/rinol.com\/wp-content\/uploads\/2021\/02\/cropped-RINOL-logo-300-dpi_trans-1.png","contentUrl":"https:\/\/rinol.com\/wp-content\/uploads\/2021\/02\/cropped-RINOL-logo-300-dpi_trans-1.png","width":1950,"height":793,"caption":"RINOL"},"image":{"@id":"https:\/\/rinol.com\/fr\/#\/schema\/logo\/image\/"}}]}},"_links":{"self":[{"href":"https:\/\/rinol.com\/fr\/wp-json\/wp\/v2\/pages\/5032","targetHints":{"allow":["GET"]}}],"collection":[{"href":"https:\/\/rinol.com\/fr\/wp-json\/wp\/v2\/pages"}],"about":[{"href":"https:\/\/rinol.com\/fr\/wp-json\/wp\/v2\/types\/page"}],"author":[{"embeddable":true,"href":"https:\/\/rinol.com\/fr\/wp-json\/wp\/v2\/users\/2"}],"replies":[{"embeddable":true,"href":"https:\/\/rinol.com\/fr\/wp-json\/wp\/v2\/comments?post=5032"}],"version-history":[{"count":15,"href":"https:\/\/rinol.com\/fr\/wp-json\/wp\/v2\/pages\/5032\/revisions"}],"predecessor-version":[{"id":23073,"href":"https:\/\/rinol.com\/fr\/wp-json\/wp\/v2\/pages\/5032\/revisions\/23073"}],"wp:attachment":[{"href":"https:\/\/rinol.com\/fr\/wp-json\/wp\/v2\/media?parent=5032"}],"curies":[{"name":"wp","href":"https:\/\/api.w.org\/{rel}","templated":true}]}}