{"id":5064,"date":"2021-02-19T06:28:13","date_gmt":"2021-02-19T05:28:13","guid":{"rendered":"https:\/\/rinol.it\/cookis-policy\/"},"modified":"2025-01-24T16:00:14","modified_gmt":"2025-01-24T15:00:14","slug":"cookies-policy","status":"publish","type":"page","link":"https:\/\/rinol.com\/it\/cookies-policy\/","title":{"rendered":"Cookie policy"},"content":{"rendered":"\t\t<div data-elementor-type=\"wp-page\" data-elementor-id=\"5064\" class=\"elementor elementor-5064 elementor-849\" data-elementor-post-type=\"page\">\n\t\t\t\t\t\t<section class=\"elementor-section elementor-top-section elementor-element elementor-element-e275550 elementor-section-boxed elementor-section-height-default elementor-section-height-default\" data-id=\"e275550\" data-element_type=\"section\" data-e-type=\"section\">\n\t\t\t\t\t\t<div class=\"elementor-container elementor-column-gap-default\">\n\t\t\t\t\t<div class=\"elementor-column elementor-col-100 elementor-top-column elementor-element elementor-element-bc2636c\" data-id=\"bc2636c\" data-element_type=\"column\" data-e-type=\"column\">\n\t\t\t<div class=\"elementor-widget-wrap elementor-element-populated\">\n\t\t\t\t\t\t<div class=\"elementor-element elementor-element-fb58bd4 elementor-widget elementor-widget-heading\" data-id=\"fb58bd4\" data-element_type=\"widget\" data-e-type=\"widget\" data-widget_type=\"heading.default\">\n\t\t\t\t<div class=\"elementor-widget-container\">\n\t\t\t\t\t<h1 class=\"elementor-heading-title elementor-size-default\">Termini e condizioni del sito web<\/h1>\t\t\t\t<\/div>\n\t\t\t\t<\/div>\n\t\t\t\t<div class=\"elementor-element elementor-element-9dee63b elementor-widget elementor-widget-text-editor\" data-id=\"9dee63b\" data-element_type=\"widget\" data-e-type=\"widget\" data-widget_type=\"text-editor.default\">\n\t\t\t\t<div class=\"elementor-widget-container\">\n\t\t\t\t\t\t\t\t\t\n    Questi sono i termini e le condizioni per l&#8217;utilizzo di questo sito web. Se utilizzate il sito, si ritiene che li abbiate accettati.\n\n<h2 class=\"titolo-cookie\">Uso di questo sito web<\/h2>\n\nLe informazioni su questo sito sono solo a scopo informativo generale e non sono una pubblicit\u00e0.\u00a0 Non ci assumiamo alcuna responsabilit\u00e0 per qualsiasi perdita che possa derivare dall&#8217;accesso o dall&#8217;affidamento sulle informazioni contenute in questo sito.\n\n<h2 class=\"titolo-cookie\">Link<\/h2>\n\nNon siamo responsabili del contenuto dei siti internet esterni che si collegano a questo sito.\u00a0 Questo sito fornisce collegamenti ad alcuni siti esterni che sono al di fuori del controllo di RCR Industrial Flooring o delle societ\u00e0 del suo gruppo, e RCR non \u00e8 responsabile del contenuto di questi siti.\n\n<h2 class=\"titolo-cookie\">Copyright<\/h2>\n\nIl contenuto di questo sito \u00e8 protetto da copyright secondo le convenzioni internazionali. A meno che non sia indicato il contrario, tutti i materiali di questo sito web, incluso il design, il testo, la grafica e le fotografie, sono copyright di RCR Industrial Flooring S.L.U. o delle societ\u00e0 del suo gruppo.\n\nVi \u00e8 permesso di leggere i contenuti e fare copie per il vostro uso personale. Potete anche dare copie (in forma cartacea o elettronica) di estratti ragionevoli su base occasionale, gratuitamente a colleghi e clienti per il loro uso personale, a condizioni che &#8211;\nsiamo riconosciuti come fonte;\n&#8211; il testo non \u00e8 alterato in alcun modo; &#8211; l&#8217;\nattenzione dei destinatari \u00e8 richiamata su questo\n\nOgni altro uso e copia di qualsiasi contenuto di questo sito, sia direttamente che per mezzo di un collegamento ipertestuale, \u00e8 vietato a meno che non sia stato ottenuto il previo consenso scritto di RCR Industrial Flooring.\n\n<h2 class=\"titolo-cookie\">Restrizioni<\/h2>\n\nLaddove l&#8217;accesso a parti limitate di questo sito \u00e8 soggetto a termini pi\u00f9 specifici, si applicano invece tali termini. La copia da siti web di terzi \u00e8 soggetta a qualsiasi requisito applicabile a tali siti. Tutti i link elettronici a qualsiasi parte di questo sito richiedono il nostro consenso. Si prega di inviare le richieste via e-mail a info@rcrindustrialflooring.com.\n\n<h2 class=\"titolo-cookie\">Protezione dai virus<\/h2>\n\nNon possiamo garantire che questo sito e il suo sistema di consegna dei documenti funzionino secondo le vostre aspettative o che siano privi di errori e virus. Sebbene siano state prese misure per assicurare che questo sito sia privo di virus, dovreste procurarvi una vostra protezione antivirus.\n\n<h2 class=\"titolo-cookie\">Errori del sito<\/h2>\n\nSe siete a conoscenza di eventuali errori su questo sito web, vi preghiamo di contattarci via e-mail all&#8217;indirizzo info@rcrindustrialflooring.com e cercheremo di correggerli.\n\n<h2 class=\"titolo-cookie\">Aggiornamenti del sito<\/h2>\n\nCi riserviamo il diritto di aggiornare, modificare o chiudere questo sito in qualsiasi momento e di variare o modificare questi termini e condizioni di volta in volta. Qualsiasi modifica avr\u00e0 effetto dal momento della pubblicazione su questo sito.\n\n<h2 class=\"titolo-cookie\">Siti web di terze parti<\/h2>\n\nIl sito web contiene link ad altri siti web. Non siamo responsabili del contenuto di questi siti web, n\u00e9 delle politiche o pratiche sulla privacy dei siti web di terzi.\n\n<h2 class=\"titolo-cookie\">Legge applicabile<\/h2>\n\nQualsiasi informazione contenuta in questo sito \u00e8 basata sulla legge inglese, che \u00e8 la legge che governa questo sito.\n\n<h2 class=\"titolo-cookie\">Riservatezza<\/h2>\n\nTutte le e-mail sono inviate in modo confidenziale solo per il destinatario (o i destinatari). L&#8217;uso non autorizzato, la diffusione, la distribuzione, la pubblicazione o la copia della comunicazione via e-mail \u00e8 severamente vietata.\n\nUna copia dei nostri termini e condizioni commerciali \u00e8 disponibile su richiesta.\nIn caso di domande si prega di contattare il nostro Group Communications Manager, Valentina Gonz\u00e1les &#8211; email info@rcrindustrialflooring.com.\n\n<h2 class=\"titolo-cookie\">Cookie<\/h2>\n\nQuesto sito web utilizza alcuni cookie per migliorare la vostra esperienza, e per aiutarci a sapere come i visitatori utilizzano il nostro sito web.\u00a0 Un cookie \u00e8 un piccolo pezzo di dati inviato dal nostro sito web e memorizzato sul tuo computer dal tuo browser web.\u00a0 I cookie sono molto comuni e innocui.\u00a0 I cookie rimangono sul tuo computer dopo che hai chiuso il tuo browser web, ma solo per farci sapere se visiti di nuovo il nostro sito web.\n\nQuesti sono i cookie che utilizziamo e perch\u00e9.\n\n\n\n<h2 class=\"titolo-cookie\">Cookie di sessione PHP<\/h2>\n\nQuesto \u00e8 un singolo cookie che viene creato quando si arriva a www.rcrindustrialflooring.com.\u00a0 Non registra alcuna informazione su di te, sul tuo computer o sul tuo browser, quindi rimani completamente anonimo.\u00a0 Il cookie aiuta la tua visita ad andare avanti senza problemi &#8211; per esempio, ricordando quali pagine hai visto di recente in modo da potervi tornare.\u00a0 Questo cookie non viene utilizzato per nient&#8217;altro, e non appena chiudete il vostro browser web, il cookie viene immediatamente distrutto.\n\n\n\n<h2 class=\"titolo-cookie\">Cookie di Google Analytics<\/h2>\n\nQuesto sito web utilizza cookie relativi a Google Analytics (denominati _ga e _gid). Google Analytics ci aiuta a monitorare come il nostro sito viene utilizzato, in modo da poter continuamente apportare miglioramenti e aggiungere contenuti che interessano i nostri visitatori.\u00a0 I cookie di Google Analytics non memorizzano alcuna informazione personale identificabile.\u00a0 Registrano il tuo indirizzo IP che indica la tua posizione, ma queste informazioni non sono accessibili a noi attraverso Google Analytics, poich\u00e9 sono combinate con altri dati e rese anonime.\u00a0 Pu\u00f2 saperne di pi\u00f9 su Google Analytics e questi cookie seguendo questo link al sito di Google Developers: <a href=\"https:\/\/developers.google.com\/analytics\/devguides\/collection\/gtagjs\/cookie-usage\">https:<\/a>\/\/developers.google.com\/analytics\/devguides\/collection\/gtagjs\/cookie-usage.\nPu\u00f2 trovare maggiori informazioni sui cookie visitando www.allaboutcookies.org.\n\nSe desidera cancellare i cookie utilizzati dal nostro sito web, pu\u00f2 farlo.\u00a0 Negli strumenti del vostro browser, dovrebbe esserci una sezione relativa ai cookie.\u00a0 Dovreste essere in grado di disabilitare tutti i cookie da tutti i siti web, o specificamente i cookie per il sito web RCR Industrial Flooring.\n\nVi preghiamo di mettervi in contatto con noi se avete domande o dubbi.\nSe hai dubbi o domande, contatta il nostro amministratore del sito web via e-mail all&#8217;indirizzo info@rcrindustrialflooring.com.\n\n<h2 class=\"titolo-cookie\">Informativa sulla privacy<\/h2>\n\n<h2 class=\"titolo-cookie\">Questa informativa sulla privacy spiega i dati personali che raccogliamo da voi e cosa facciamo con essi.<\/h2>\n\n<h2 class=\"titolo-cookie\">Chi raccoglie i dati?<\/h2>\n\nI dati personali da lei forniti sono raccolti da RCR Industrial Flooring S.L.U., Calle Mirasierra, 5 2\u00baA, 28220, Majadahonda, Madrid, Spagna.\n\n<h2 class=\"titolo-cookie\">Quali dati vengono raccolti?<\/h2>\n\nQuando ci contattate, vi chiediamo di fornire il vostro nome, il nome della societ\u00e0, l&#8217;indirizzo, l&#8217;indirizzo e-mail e il numero di telefono aziendale.\u00a0 Potresti anche scegliere di fornire altre informazioni (ad esempio, titolo di lavoro, profilo sui social media) &#8211; nel qual caso raccoglieremo e memorizzeremo anche queste informazioni.\n\n<h2 class=\"titolo-cookie\">Quando e come vengono raccolti i dati?<\/h2>\n\nRaccogliamo informazioni quando compilate un modulo su questo sito web, ci inviate una richiesta via e-mail, ci telefonate o ci scrivete.\u00a0 Raccogliamo anche i dati dai biglietti da visita che ci vengono dati.\n\n<h2 class=\"titolo-cookie\">Come saranno utilizzate le informazioni?<\/h2>\n\nTratteremo le sue informazioni in primo luogo allo scopo di rispondere alla sua richiesta.\u00a0 Possiamo utilizzare i dati per personalizzare la sua visita al sito web.\u00a0 Vi invieremo anche future comunicazioni di marketing occasionali via e-mail.\u00a0 Se ci fornisci il tuo numero di telefono e l&#8217;indirizzo postale possiamo anche usarli per rimanere in contatto con te.\n\nSe abbiamo intenzione di utilizzare i suoi dati personali per un nuovo scopo, le comunicheremo i cambiamenti prima di iniziare qualsiasi nuovo trattamento.\n\n<h2 class=\"titolo-cookie\">La base legale per il trattamento dei suoi dati<\/h2>\n\nInviando i vostri dati attraverso il nostro sito web, o via e-mail, per telefono o per posta, state confermando con la vostra azione che acconsentite al trattamento dei dati che ci fornite in modo che possiamo rispondere alla vostra richiesta.\n\n<h2 class=\"titolo-cookie\"><em>Utilizzeremo i suoi dati anche per inviarle in futuro le nostre notizie occasionali via e-mail.\u00a0 <\/em><\/h2>La base legale per noi \u00e8 il &#8220;legittimo interesse&#8221;.\u00a0 Questo significa che, poich\u00e9 avete richiesto i nostri servizi e ci avete dato il vostro indirizzo e-mail, pensiamo che vi aspettiate ragionevolmente di ricevere in futuro notizie su prodotti e servizi correlati.\u00a0 Inviamo e-mail solo poche volte all&#8217;anno e solo a indirizzi e-mail con un dominio aziendale.\u00a0 Sarai in grado di cancellarti facilmente da queste email in qualsiasi momento.\u00a0 Se preferisci che non ti inviamo la nostra newsletter, mettilo nel tuo messaggio quando lo richiedi.\n\nSe desidera chiedere informazioni senza fornire dati personali, la preghiamo di telefonarci, ma potremmo non essere in grado di rispondere completamente alla sua richiesta.\n\nSe ci dai un biglietto da visita ad un evento, ti chiederemo il consenso per aggiungerti alla nostra mailing list della newsletter.\n\n<h2 class=\"titolo-cookie\">Sicurezza dei dati<\/h2>\n\nQuesto sito web ha un certificato SSL (https:\/\/), il che significa che i dati che invii attraverso questo sito sono criptati per la protezione della sicurezza.\u00a0 Vi preghiamo di contattarci se avete domande sulla nostra sicurezza informatica.\nPoich\u00e9 siamo un gruppo internazionale, la preghiamo di essere consapevole del fatto che i suoi dati possono essere trasmessi al di fuori dell&#8217;UE e gestiti in centri dati non UE.\n\n<h2 class=\"titolo-cookie\">Condivisione dei dati<\/h2>\n\nRCR Industrial Flooring S.L.U. possiede una serie di societ\u00e0 specializzate in pavimentazioni industriali in tutto il mondo.\u00a0 Queste operano come entit\u00e0 legali separate, ma sono sotto il controllo del senior management di RCR Industrial Flooring S.L.U. Un elenco completo delle societ\u00e0 del gruppo RCR pu\u00f2 essere trovato sul nostro sito web: <a href=\"https:\/\/www.rcrindustrialflooring.com\/companies\">https:<\/a>\/\/www.rcrindustrialflooring.com\/companies.\u00a0 Al fine di fornire un buon servizio, possiamo passare i suoi dati a una qualsiasi delle societ\u00e0 del nostro gruppo &#8211; per esempio, in modo che la persona con le giuste conoscenze tecniche possa risponderle; o in modo che qualcuno possa risponderle nella sua lingua.\n\nNon passeremo mai i suoi dati a un&#8217;organizzazione al di fuori del gruppo di aziende RCR Industrial Flooring,\na meno che:\na) li abbiamo nominati come subappaltatore, agente, distributore o fornitore e hanno bisogno dei suoi dati per elaborare la sua richiesta o il suo ordine;\nb) li abbiamo nominati come elaboratore di dati per svolgere un lavoro per nostro conto (per esempio, una societ\u00e0 informatica, una societ\u00e0 di marketing o un&#8217;agenzia di controllo del credito); o c)\nci sia richiesto di farlo per legge; in relazione a un procedimento legale; o per stabilire, difendere o esercitare i nostri diritti legali.\n\n<h2 class=\"titolo-cookie\">Per quanto tempo saranno conservati i suoi dati?<\/h2>\n\nConserviamo tutti i dati per due anni dalla data dell&#8217;ultimo impegno con noi.\u00a0 Questo significa, per esempio, che se nel corso di due anni l&#8217;azienda per cui lavori non acquista da noi, e tu come individuo non ci contatti o apri una delle nostre newsletter, rimuoveremo i tuoi dati personali dai nostri sistemi e ti cancelleremo dalla nostra newsletter.\u00a0 Cercheremo di contattarti prima dello scadere dei due anni per chiedere il tuo consenso a rimanere in contatto.\n\n<h2 class=\"titolo-cookie\">Accuratezza dei dati<\/h2>\n\nVogliamo assicurarci che i dati che abbiamo su di te siano aggiornati.\u00a0 Se i suoi dati cambiano, la preghiamo di farcelo sapere.\n\n<h2 class=\"titolo-cookie\">I vostri diritti<\/h2>\n\nCome individuo potete essere completamente rimosso dai nostri archivi in qualsiasi momento, su vostra richiesta.\u00a0 Avete anche il diritto di sapere quali informazioni personali abbiamo su di voi.\u00a0 Ha il diritto di annullare l&#8217;iscrizione a qualsiasi nostra comunicazione di marketing, anche se ha precedentemente dato il consenso a riceverla.\n\nSe hai domande o reclami su come utilizziamo i tuoi dati, contatta la nostra Group Communications Manager, Valentina Gonz\u00e1les &#8211; email info@rcrindustrialflooring.com.\n\nCi riserviamo il diritto di aggiornare questa dichiarazione in qualsiasi momento, senza preavviso.\n\n&nbsp;\t\t\t\t\t\t\t\t<\/div>\n\t\t\t\t<\/div>\n\t\t\t\t\t<\/div>\n\t\t<\/div>\n\t\t\t\t\t<\/div>\n\t\t<\/section>\n\t\t\t\t<\/div>\n\t\t","protected":false},"excerpt":{"rendered":"<p>Termini e condizioni del sito web Questi sono i termini e le condizioni per l&#8217;utilizzo di questo sito web. Se utilizzate il sito, si ritiene che li abbiate accettati. Uso di questo sito web Le informazioni su questo sito sono solo a scopo informativo generale e non sono una pubblicit\u00e0.\u00a0 Non ci assumiamo alcuna responsabilit\u00e0 [&hellip;]<\/p>\n","protected":false},"author":2,"featured_media":0,"parent":0,"menu_order":0,"comment_status":"closed","ping_status":"closed","template":"","meta":{"footnotes":""},"class_list":["post-5064","page","type-page","status-publish","hentry"],"yoast_head":"<!-- This site is optimized with the Yoast SEO plugin v27.3 - https:\/\/yoast.com\/product\/yoast-seo-wordpress\/ -->\n<title>Cookie policy - RINOL<\/title>\n<meta name=\"description\" content=\"Consulta la nostra Cookie Policy per scoprire come utilizziamo i dati e garantiamo la tua privacy durante la navigazione sul nostro sito. Maggiori info qui.\" \/>\n<meta name=\"robots\" content=\"index, follow, max-snippet:-1, max-image-preview:large, max-video-preview:-1\" \/>\n<link rel=\"canonical\" href=\"https:\/\/rinol.com\/it\/cookies-policy\/\" \/>\n<meta property=\"og:locale\" content=\"it_IT\" \/>\n<meta property=\"og:type\" content=\"article\" \/>\n<meta property=\"og:title\" content=\"Cookie policy - RINOL\" \/>\n<meta property=\"og:description\" content=\"Consulta la nostra Cookie Policy per scoprire come utilizziamo i dati e garantiamo la tua privacy durante la navigazione sul nostro sito. Maggiori info qui.\" \/>\n<meta property=\"og:url\" content=\"https:\/\/rinol.com\/it\/cookies-policy\/\" \/>\n<meta property=\"og:site_name\" content=\"RINOL\" \/>\n<meta property=\"article:modified_time\" content=\"2025-01-24T15:00:14+00:00\" \/>\n<meta name=\"twitter:card\" content=\"summary_large_image\" \/>\n<meta name=\"twitter:label1\" content=\"Tempo di lettura stimato\" \/>\n\t<meta name=\"twitter:data1\" content=\"10 minuti\" \/>\n<script type=\"application\/ld+json\" class=\"yoast-schema-graph\">{\"@context\":\"https:\\\/\\\/schema.org\",\"@graph\":[{\"@type\":\"WebPage\",\"@id\":\"https:\\\/\\\/rinol.com\\\/it\\\/cookies-policy\\\/\",\"url\":\"https:\\\/\\\/rinol.com\\\/it\\\/cookies-policy\\\/\",\"name\":\"Cookie policy - RINOL\",\"isPartOf\":{\"@id\":\"https:\\\/\\\/rinol.com\\\/it\\\/#website\"},\"datePublished\":\"2021-02-19T05:28:13+00:00\",\"dateModified\":\"2025-01-24T15:00:14+00:00\",\"description\":\"Consulta la nostra Cookie Policy per scoprire come utilizziamo i dati e garantiamo la tua privacy durante la navigazione sul nostro sito. Maggiori info qui.\",\"breadcrumb\":{\"@id\":\"https:\\\/\\\/rinol.com\\\/it\\\/cookies-policy\\\/#breadcrumb\"},\"inLanguage\":\"it-IT\",\"potentialAction\":[{\"@type\":\"ReadAction\",\"target\":[\"https:\\\/\\\/rinol.com\\\/it\\\/cookies-policy\\\/\"]}]},{\"@type\":\"BreadcrumbList\",\"@id\":\"https:\\\/\\\/rinol.com\\\/it\\\/cookies-policy\\\/#breadcrumb\",\"itemListElement\":[{\"@type\":\"ListItem\",\"position\":1,\"name\":\"Home\",\"item\":\"https:\\\/\\\/rinol.com\\\/it\\\/\"},{\"@type\":\"ListItem\",\"position\":2,\"name\":\"Cookie policy\"}]},{\"@type\":\"WebSite\",\"@id\":\"https:\\\/\\\/rinol.com\\\/it\\\/#website\",\"url\":\"https:\\\/\\\/rinol.com\\\/it\\\/\",\"name\":\"RINOL\",\"description\":\"Industrial flooring solutions\",\"publisher\":{\"@id\":\"https:\\\/\\\/rinol.com\\\/it\\\/#organization\"},\"potentialAction\":[{\"@type\":\"SearchAction\",\"target\":{\"@type\":\"EntryPoint\",\"urlTemplate\":\"https:\\\/\\\/rinol.com\\\/it\\\/?s={search_term_string}\"},\"query-input\":{\"@type\":\"PropertyValueSpecification\",\"valueRequired\":true,\"valueName\":\"search_term_string\"}}],\"inLanguage\":\"it-IT\"},{\"@type\":\"Organization\",\"@id\":\"https:\\\/\\\/rinol.com\\\/it\\\/#organization\",\"name\":\"RINOL\",\"url\":\"https:\\\/\\\/rinol.com\\\/it\\\/\",\"logo\":{\"@type\":\"ImageObject\",\"inLanguage\":\"it-IT\",\"@id\":\"https:\\\/\\\/rinol.com\\\/it\\\/#\\\/schema\\\/logo\\\/image\\\/\",\"url\":\"https:\\\/\\\/rinol.com\\\/wp-content\\\/uploads\\\/2021\\\/02\\\/cropped-RINOL-logo-300-dpi_trans-1.png\",\"contentUrl\":\"https:\\\/\\\/rinol.com\\\/wp-content\\\/uploads\\\/2021\\\/02\\\/cropped-RINOL-logo-300-dpi_trans-1.png\",\"width\":1950,\"height\":793,\"caption\":\"RINOL\"},\"image\":{\"@id\":\"https:\\\/\\\/rinol.com\\\/it\\\/#\\\/schema\\\/logo\\\/image\\\/\"}}]}<\/script>\n<!-- \/ Yoast SEO plugin. -->","yoast_head_json":{"title":"Cookie policy - RINOL","description":"Consulta la nostra Cookie Policy per scoprire come utilizziamo i dati e garantiamo la tua privacy durante la navigazione sul nostro sito. Maggiori info qui.","robots":{"index":"index","follow":"follow","max-snippet":"max-snippet:-1","max-image-preview":"max-image-preview:large","max-video-preview":"max-video-preview:-1"},"canonical":"https:\/\/rinol.com\/it\/cookies-policy\/","og_locale":"it_IT","og_type":"article","og_title":"Cookie policy - RINOL","og_description":"Consulta la nostra Cookie Policy per scoprire come utilizziamo i dati e garantiamo la tua privacy durante la navigazione sul nostro sito. Maggiori info qui.","og_url":"https:\/\/rinol.com\/it\/cookies-policy\/","og_site_name":"RINOL","article_modified_time":"2025-01-24T15:00:14+00:00","twitter_card":"summary_large_image","twitter_misc":{"Tempo di lettura stimato":"10 minuti"},"schema":{"@context":"https:\/\/schema.org","@graph":[{"@type":"WebPage","@id":"https:\/\/rinol.com\/it\/cookies-policy\/","url":"https:\/\/rinol.com\/it\/cookies-policy\/","name":"Cookie policy - RINOL","isPartOf":{"@id":"https:\/\/rinol.com\/it\/#website"},"datePublished":"2021-02-19T05:28:13+00:00","dateModified":"2025-01-24T15:00:14+00:00","description":"Consulta la nostra Cookie Policy per scoprire come utilizziamo i dati e garantiamo la tua privacy durante la navigazione sul nostro sito. Maggiori info qui.","breadcrumb":{"@id":"https:\/\/rinol.com\/it\/cookies-policy\/#breadcrumb"},"inLanguage":"it-IT","potentialAction":[{"@type":"ReadAction","target":["https:\/\/rinol.com\/it\/cookies-policy\/"]}]},{"@type":"BreadcrumbList","@id":"https:\/\/rinol.com\/it\/cookies-policy\/#breadcrumb","itemListElement":[{"@type":"ListItem","position":1,"name":"Home","item":"https:\/\/rinol.com\/it\/"},{"@type":"ListItem","position":2,"name":"Cookie policy"}]},{"@type":"WebSite","@id":"https:\/\/rinol.com\/it\/#website","url":"https:\/\/rinol.com\/it\/","name":"RINOL","description":"Industrial flooring solutions","publisher":{"@id":"https:\/\/rinol.com\/it\/#organization"},"potentialAction":[{"@type":"SearchAction","target":{"@type":"EntryPoint","urlTemplate":"https:\/\/rinol.com\/it\/?s={search_term_string}"},"query-input":{"@type":"PropertyValueSpecification","valueRequired":true,"valueName":"search_term_string"}}],"inLanguage":"it-IT"},{"@type":"Organization","@id":"https:\/\/rinol.com\/it\/#organization","name":"RINOL","url":"https:\/\/rinol.com\/it\/","logo":{"@type":"ImageObject","inLanguage":"it-IT","@id":"https:\/\/rinol.com\/it\/#\/schema\/logo\/image\/","url":"https:\/\/rinol.com\/wp-content\/uploads\/2021\/02\/cropped-RINOL-logo-300-dpi_trans-1.png","contentUrl":"https:\/\/rinol.com\/wp-content\/uploads\/2021\/02\/cropped-RINOL-logo-300-dpi_trans-1.png","width":1950,"height":793,"caption":"RINOL"},"image":{"@id":"https:\/\/rinol.com\/it\/#\/schema\/logo\/image\/"}}]}},"_links":{"self":[{"href":"https:\/\/rinol.com\/it\/wp-json\/wp\/v2\/pages\/5064","targetHints":{"allow":["GET"]}}],"collection":[{"href":"https:\/\/rinol.com\/it\/wp-json\/wp\/v2\/pages"}],"about":[{"href":"https:\/\/rinol.com\/it\/wp-json\/wp\/v2\/types\/page"}],"author":[{"embeddable":true,"href":"https:\/\/rinol.com\/it\/wp-json\/wp\/v2\/users\/2"}],"replies":[{"embeddable":true,"href":"https:\/\/rinol.com\/it\/wp-json\/wp\/v2\/comments?post=5064"}],"version-history":[{"count":10,"href":"https:\/\/rinol.com\/it\/wp-json\/wp\/v2\/pages\/5064\/revisions"}],"predecessor-version":[{"id":21800,"href":"https:\/\/rinol.com\/it\/wp-json\/wp\/v2\/pages\/5064\/revisions\/21800"}],"wp:attachment":[{"href":"https:\/\/rinol.com\/it\/wp-json\/wp\/v2\/media?parent=5064"}],"curies":[{"name":"wp","href":"https:\/\/api.w.org\/{rel}","templated":true}]}}