{"id":5074,"date":"2021-02-19T06:43:46","date_gmt":"2021-02-19T05:43:46","guid":{"rendered":"https:\/\/rinol.it\/green-building\/"},"modified":"2025-04-01T17:37:01","modified_gmt":"2025-04-01T15:37:01","slug":"green-building","status":"publish","type":"page","link":"https:\/\/rinol.com\/it\/green-building\/","title":{"rendered":"Edilizia verde"},"content":{"rendered":"\t\t<div data-elementor-type=\"wp-page\" data-elementor-id=\"5074\" class=\"elementor elementor-5074 elementor-1458\" data-elementor-post-type=\"page\">\n\t\t\t\t\t\t<section class=\"elementor-section elementor-top-section elementor-element elementor-element-a49b7f7 elementor-section-boxed elementor-section-height-default elementor-section-height-default\" data-id=\"a49b7f7\" data-element_type=\"section\" data-e-type=\"section\">\n\t\t\t\t\t\t<div class=\"elementor-container elementor-column-gap-default\">\n\t\t\t\t\t<div class=\"elementor-column elementor-col-100 elementor-top-column elementor-element elementor-element-cd605fd\" data-id=\"cd605fd\" data-element_type=\"column\" data-e-type=\"column\" data-settings=\"{&quot;motion_fx_motion_fx_scrolling&quot;:&quot;yes&quot;,&quot;motion_fx_devices&quot;:[&quot;desktop&quot;,&quot;tablet&quot;,&quot;mobile&quot;]}\">\n\t\t\t<div class=\"elementor-widget-wrap elementor-element-populated\">\n\t\t\t\t\t\t<div class=\"elementor-element elementor-element-b5f5c63 elementor-widget elementor-widget-heading\" data-id=\"b5f5c63\" data-element_type=\"widget\" data-e-type=\"widget\" data-widget_type=\"heading.default\">\n\t\t\t\t<div class=\"elementor-widget-container\">\n\t\t\t\t\t<h1 class=\"elementor-heading-title elementor-size-small\">BIOEDILIZIA A RINOL,\n<br><b>DUREVOLE, EFFICIENTE, ESTETICO E RISPETTOSO DELL'AMBIENTE <\/b> <\/h1>\t\t\t\t<\/div>\n\t\t\t\t<\/div>\n\t\t\t\t<div class=\"elementor-element elementor-element-05e4aca elementor-widget elementor-widget-shortcode\" data-id=\"05e4aca\" data-element_type=\"widget\" data-e-type=\"widget\" data-widget_type=\"shortcode.default\">\n\t\t\t\t<div class=\"elementor-widget-container\">\n\t\t\t\t\t\t\t<div class=\"elementor-shortcode\"><p id=\"breadcrumbs\"><span><span><a href=\"https:\/\/rinol.com\/it\/\">Home<\/a><\/span><\/span><\/p><\/div>\n\t\t\t\t\t\t<\/div>\n\t\t\t\t<\/div>\n\t\t\t\t\t<\/div>\n\t\t<\/div>\n\t\t\t\t\t<\/div>\n\t\t<\/section>\n\t\t\t\t<section class=\"elementor-section elementor-top-section elementor-element elementor-element-54961075 elementor-section-full_width elementor-section-height-min-height elementor-section-items-stretch elementor-section-content-middle elementor-reverse-mobile elementor-reverse-tablet elementor-section-height-default\" data-id=\"54961075\" data-element_type=\"section\" data-e-type=\"section\">\n\t\t\t\t\t\t<div class=\"elementor-container elementor-column-gap-no\">\n\t\t\t\t\t<div class=\"elementor-column elementor-col-50 elementor-top-column elementor-element elementor-element-6c978043\" data-id=\"6c978043\" data-element_type=\"column\" data-e-type=\"column\">\n\t\t\t<div class=\"elementor-widget-wrap elementor-element-populated\">\n\t\t\t\t\t\t<div class=\"elementor-element elementor-element-2d07441 elementor-invisible elementor-widget elementor-widget-text-editor\" data-id=\"2d07441\" data-element_type=\"widget\" data-e-type=\"widget\" data-settings=\"{&quot;_animation&quot;:&quot;fadeIn&quot;}\" data-widget_type=\"text-editor.default\">\n\t\t\t\t<div class=\"elementor-widget-container\">\n\t\t\t\t\t\t\t\t\t<p>Negli ultimi anni l&#8217;edilizia sostenibile \u00e8 diventata sempre pi\u00f9 importante in tutto il mondo. Oggi \u00e8 necessaria un&#8217;ampia variet\u00e0 di requisiti e certificazioni specifiche per ogni paese. Tuttavia, tutti i Paesi e i sistemi di certificazione hanno una cosa in comune: vogliono creare una maggiore sostenibilit\u00e0 ecologica nel settore edile.<\/p>\n<p>Il nostro reparto di ricerca e sviluppo lavora in modo costante e continuativo su nuovi e ulteriori sviluppi dei prodotti. L&#8217;obiettivo di RINOL \u00e8 quello di offrire a clienti e partner prodotti e soluzioni di sistema innovativi e sostenibili che si distinguano da altri prodotti in termini di durata, efficienza, ecologia ed estetica e che generino valore aggiunto.<\/p>\n<p>La salute e il benessere delle persone che lavorano in ambienti chiusi in un&#8217;ampia gamma di settori industriali non sono determinati solo dalle condizioni climatiche e dalle impurit\u00e0 presenti nell&#8217;aria. I prodotti sostenibili ed ecocompatibili a basse emissioni non solo favoriscono l&#8217;ambiente, ma garantiscono anche un clima interno sano.<\/p>\n<p>Il fatto che i prodotti e i sistemi RINOL soddisfino molti criteri e siano compatibili con l&#8217;ambiente \u00e8 dimostrato dai test effettuati secondo AGBB, Eurofins, ISEGA e LEED.<\/p>\n\t\t\t\t\t\t\t\t<\/div>\n\t\t\t\t<\/div>\n\t\t\t\t<div class=\"elementor-element elementor-element-9d65cee elementor-widget elementor-widget-image\" data-id=\"9d65cee\" data-element_type=\"widget\" data-e-type=\"widget\" data-widget_type=\"image.default\">\n\t\t\t\t<div class=\"elementor-widget-container\">\n\t\t\t\t\t\t\t\t\t\t\t\t\t\t\t<img fetchpriority=\"high\" decoding=\"async\" width=\"800\" height=\"225\" src=\"https:\/\/rinol.com\/wp-content\/uploads\/2021\/02\/rinol_stamps_going_green-1024x288.png\" class=\"attachment-large size-large wp-image-4293\" alt=\"\" srcset=\"https:\/\/rinol.com\/wp-content\/uploads\/2021\/02\/rinol_stamps_going_green-1024x288.png 1024w, https:\/\/rinol.com\/wp-content\/uploads\/2021\/02\/rinol_stamps_going_green-600x168.webp 600w, https:\/\/rinol.com\/wp-content\/uploads\/2021\/02\/rinol_stamps_going_green-300x84.png 300w, https:\/\/rinol.com\/wp-content\/uploads\/2021\/02\/rinol_stamps_going_green-768x216.png 768w, https:\/\/rinol.com\/wp-content\/uploads\/2021\/02\/rinol_stamps_going_green-1536x431.png 1536w, https:\/\/rinol.com\/wp-content\/uploads\/2021\/02\/rinol_stamps_going_green-2048x575.png 2048w, https:\/\/rinol.com\/wp-content\/uploads\/2021\/02\/rinol_stamps_going_green.webp 1920w\" sizes=\"(max-width: 800px) 100vw, 800px\" \/>\t\t\t\t\t\t\t\t\t\t\t\t\t\t\t<\/div>\n\t\t\t\t<\/div>\n\t\t\t\t\t<\/div>\n\t\t<\/div>\n\t\t\t\t<div class=\"elementor-column elementor-col-50 elementor-top-column elementor-element elementor-element-3bb650c2\" data-id=\"3bb650c2\" data-element_type=\"column\" data-e-type=\"column\" data-settings=\"{&quot;background_background&quot;:&quot;classic&quot;}\">\n\t\t\t<div class=\"elementor-widget-wrap elementor-element-populated\">\n\t\t\t\t\t\t<div class=\"elementor-element elementor-element-b03fec6 elementor-widget elementor-widget-spacer\" data-id=\"b03fec6\" data-element_type=\"widget\" data-e-type=\"widget\" data-widget_type=\"spacer.default\">\n\t\t\t\t<div class=\"elementor-widget-container\">\n\t\t\t\t\t\t\t<div class=\"elementor-spacer\">\n\t\t\t<div class=\"elementor-spacer-inner\"><\/div>\n\t\t<\/div>\n\t\t\t\t\t\t<\/div>\n\t\t\t\t<\/div>\n\t\t\t\t\t<\/div>\n\t\t<\/div>\n\t\t\t\t\t<\/div>\n\t\t<\/section>\n\t\t<div class=\"elementor-element elementor-element-56806c17 e-flex e-con-boxed e-con e-parent\" data-id=\"56806c17\" data-element_type=\"container\" data-e-type=\"container\" data-settings=\"{&quot;background_background&quot;:&quot;classic&quot;}\">\n\t\t\t\t\t<div class=\"e-con-inner\">\n\t\t<div class=\"elementor-element elementor-element-67794a0 e-con-full e-flex e-con e-child\" data-id=\"67794a0\" data-element_type=\"container\" data-e-type=\"container\">\n\t\t\t\t<div class=\"elementor-element elementor-element-761eaee2 elementor-widget elementor-widget-heading\" data-id=\"761eaee2\" data-element_type=\"widget\" data-e-type=\"widget\" data-widget_type=\"heading.default\">\n\t\t\t\t<div class=\"elementor-widget-container\">\n\t\t\t\t\t<h2 class=\"elementor-heading-title elementor-size-default\">Scopri il nuovo RINOL<b><i>GreenCoat<\/i><\/b> La linea RINOL GreenCoat: Sostenibilit\u00e0 senza compromessi<\/h2>\t\t\t\t<\/div>\n\t\t\t\t<\/div>\n\t\t\t\t<div class=\"elementor-element elementor-element-264614bb elementor-widget elementor-widget-text-editor\" data-id=\"264614bb\" data-element_type=\"widget\" data-e-type=\"widget\" data-widget_type=\"text-editor.default\">\n\t\t\t\t<div class=\"elementor-widget-container\">\n\t\t\t\t\t\t\t\t\t<p class=\"p1\">Il RINOL<strong><b><i>GreenCoat<\/i><\/b><\/strong> ridefinisce i rivestimenti industriali, combinando alte prestazioni e sostenibilit\u00e0. Con un contenuto di biobased fino al 23% e privi di sostanze nocive, questi prodotti sono progettati per i settori che danno priorit\u00e0 alla durata e alla sicurezza ambientale. Certificati in tutto il mondo, proteggono sia le persone che il pianeta.<\/p>\n\t\t\t\t\t\t\t\t<\/div>\n\t\t\t\t<\/div>\n\t\t\t\t<div class=\"elementor-element elementor-element-62ff3e4f elementor-widget-mobile__width-inherit elementor-align-center elementor-invisible elementor-widget elementor-widget-button\" data-id=\"62ff3e4f\" data-element_type=\"widget\" data-e-type=\"widget\" data-settings=\"{&quot;_animation&quot;:&quot;fadeInDown&quot;}\" data-widget_type=\"button.default\">\n\t\t\t\t<div class=\"elementor-widget-container\">\n\t\t\t\t\t\t\t\t\t<div class=\"elementor-button-wrapper\">\n\t\t\t\t\t<a class=\"elementor-button elementor-button-link elementor-size-sm\" href=\"https:\/\/rinol.com\/it\/brochure-di-sistema-per-settore\/\" target=\"_blank\">\n\t\t\t\t\t\t<span class=\"elementor-button-content-wrapper\">\n\t\t\t\t\t\t\t\t\t<span class=\"elementor-button-text\">Scarica l'opuscolo completo<\/span>\n\t\t\t\t\t<\/span>\n\t\t\t\t\t<\/a>\n\t\t\t\t<\/div>\n\t\t\t\t\t\t\t\t<\/div>\n\t\t\t\t<\/div>\n\t\t\t\t<\/div>\n\t\t<div class=\"elementor-element elementor-element-3c7c36a4 e-con-full e-flex e-con e-child\" data-id=\"3c7c36a4\" data-element_type=\"container\" data-e-type=\"container\">\n\t\t\t\t<div class=\"elementor-element elementor-element-04f94c6 elementor-widget elementor-widget-image\" data-id=\"04f94c6\" data-element_type=\"widget\" data-e-type=\"widget\" data-settings=\"{&quot;motion_fx_motion_fx_scrolling&quot;:&quot;yes&quot;,&quot;motion_fx_scale_effect&quot;:&quot;yes&quot;,&quot;motion_fx_scale_range&quot;:{&quot;unit&quot;:&quot;%&quot;,&quot;size&quot;:&quot;&quot;,&quot;sizes&quot;:{&quot;start&quot;:51,&quot;end&quot;:100}},&quot;motion_fx_scale_direction&quot;:&quot;out-in&quot;,&quot;motion_fx_scale_speed&quot;:{&quot;unit&quot;:&quot;px&quot;,&quot;size&quot;:4,&quot;sizes&quot;:[]},&quot;motion_fx_devices&quot;:[&quot;desktop&quot;,&quot;tablet&quot;,&quot;mobile&quot;]}\" data-widget_type=\"image.default\">\n\t\t\t\t<div class=\"elementor-widget-container\">\n\t\t\t\t\t\t\t\t\t\t\t\t\t\t\t<img decoding=\"async\" width=\"724\" height=\"1024\" src=\"https:\/\/rinol.com\/wp-content\/uploads\/2024\/10\/caratula-de-folleto-724x1024.jpg\" class=\"attachment-large size-large wp-image-19520\" alt=\"\" srcset=\"https:\/\/rinol.com\/wp-content\/uploads\/2024\/10\/caratula-de-folleto-724x1024.jpg 724w, https:\/\/rinol.com\/wp-content\/uploads\/2024\/10\/caratula-de-folleto-600x849.jpg 600w, https:\/\/rinol.com\/wp-content\/uploads\/2024\/10\/caratula-de-folleto-212x300.jpg 212w, https:\/\/rinol.com\/wp-content\/uploads\/2024\/10\/caratula-de-folleto-768x1086.jpg 768w, https:\/\/rinol.com\/wp-content\/uploads\/2024\/10\/caratula-de-folleto-1086x1536.jpg 1086w, https:\/\/rinol.com\/wp-content\/uploads\/2024\/10\/caratula-de-folleto.jpg 1190w\" sizes=\"(max-width: 724px) 100vw, 724px\" \/>\t\t\t\t\t\t\t\t\t\t\t\t\t\t\t<\/div>\n\t\t\t\t<\/div>\n\t\t\t\t<\/div>\n\t\t\t\t\t<\/div>\n\t\t\t\t<\/div>\n\t\t\t\t<\/div>\n\t\t","protected":false},"excerpt":{"rendered":"<p>BIOEDILIZIA A RINOL, DUREVOLE, EFFICIENTE, ESTETICO E RISPETTOSO DELL&#8217;AMBIENTE Negli ultimi anni l&#8217;edilizia sostenibile \u00e8 diventata sempre pi\u00f9 importante in tutto il mondo. Oggi \u00e8 necessaria un&#8217;ampia variet\u00e0 di requisiti e certificazioni specifiche per ogni paese. Tuttavia, tutti i Paesi e i sistemi di certificazione hanno una cosa in comune: vogliono creare una maggiore sostenibilit\u00e0 [&hellip;]<\/p>\n","protected":false},"author":2,"featured_media":0,"parent":0,"menu_order":0,"comment_status":"closed","ping_status":"closed","template":"","meta":{"footnotes":""},"class_list":["post-5074","page","type-page","status-publish","hentry"],"yoast_head":"<!-- This site is optimized with the Yoast SEO plugin v27.3 - https:\/\/yoast.com\/product\/yoast-seo-wordpress\/ -->\n<title>Rivestimenti Industriali Ecocompatibili - RINOL<\/title>\n<meta name=\"description\" content=\"I nostri rivestimenti industriali ecocompatibili per progetti di green building certificati LEED. Soluzioni sostenibili per pavimentazioni industriali: contattaci!\" \/>\n<meta name=\"robots\" content=\"index, follow, max-snippet:-1, max-image-preview:large, max-video-preview:-1\" \/>\n<link rel=\"canonical\" href=\"https:\/\/rinol.com\/it\/green-building\/\" \/>\n<meta property=\"og:locale\" content=\"it_IT\" \/>\n<meta property=\"og:type\" content=\"article\" \/>\n<meta property=\"og:title\" content=\"Rivestimenti Industriali Ecocompatibili - RINOL\" \/>\n<meta property=\"og:description\" content=\"I nostri rivestimenti industriali ecocompatibili per progetti di green building certificati LEED. Soluzioni sostenibili per pavimentazioni industriali: contattaci!\" \/>\n<meta property=\"og:url\" content=\"https:\/\/rinol.com\/it\/green-building\/\" \/>\n<meta property=\"og:site_name\" content=\"RINOL\" \/>\n<meta property=\"article:modified_time\" content=\"2025-04-01T15:37:01+00:00\" \/>\n<meta property=\"og:image\" content=\"https:\/\/rinol.com\/wp-content\/uploads\/2021\/02\/rinol_stamps_going_green-1024x288.webp\" \/>\n<meta name=\"twitter:card\" content=\"summary_large_image\" \/>\n<meta name=\"twitter:label1\" content=\"Tempo di lettura stimato\" \/>\n\t<meta name=\"twitter:data1\" content=\"2 minuti\" \/>\n<script type=\"application\/ld+json\" class=\"yoast-schema-graph\">{\"@context\":\"https:\\\/\\\/schema.org\",\"@graph\":[{\"@type\":\"WebPage\",\"@id\":\"https:\\\/\\\/rinol.com\\\/it\\\/green-building\\\/\",\"url\":\"https:\\\/\\\/rinol.com\\\/it\\\/green-building\\\/\",\"name\":\"Rivestimenti Industriali Ecocompatibili - RINOL\",\"isPartOf\":{\"@id\":\"https:\\\/\\\/rinol.com\\\/it\\\/#website\"},\"primaryImageOfPage\":{\"@id\":\"https:\\\/\\\/rinol.com\\\/it\\\/green-building\\\/#primaryimage\"},\"image\":{\"@id\":\"https:\\\/\\\/rinol.com\\\/it\\\/green-building\\\/#primaryimage\"},\"thumbnailUrl\":\"https:\\\/\\\/rinol.com\\\/wp-content\\\/uploads\\\/2021\\\/02\\\/rinol_stamps_going_green-1024x288.webp\",\"datePublished\":\"2021-02-19T05:43:46+00:00\",\"dateModified\":\"2025-04-01T15:37:01+00:00\",\"description\":\"I nostri rivestimenti industriali ecocompatibili per progetti di green building certificati LEED. Soluzioni sostenibili per pavimentazioni industriali: contattaci!\",\"breadcrumb\":{\"@id\":\"https:\\\/\\\/rinol.com\\\/it\\\/green-building\\\/#breadcrumb\"},\"inLanguage\":\"it-IT\",\"potentialAction\":[{\"@type\":\"ReadAction\",\"target\":[\"https:\\\/\\\/rinol.com\\\/it\\\/green-building\\\/\"]}]},{\"@type\":\"ImageObject\",\"inLanguage\":\"it-IT\",\"@id\":\"https:\\\/\\\/rinol.com\\\/it\\\/green-building\\\/#primaryimage\",\"url\":\"https:\\\/\\\/rinol.com\\\/wp-content\\\/uploads\\\/2021\\\/02\\\/rinol_stamps_going_green-1024x288.webp\",\"contentUrl\":\"https:\\\/\\\/rinol.com\\\/wp-content\\\/uploads\\\/2021\\\/02\\\/rinol_stamps_going_green-1024x288.webp\"},{\"@type\":\"BreadcrumbList\",\"@id\":\"https:\\\/\\\/rinol.com\\\/it\\\/green-building\\\/#breadcrumb\",\"itemListElement\":[{\"@type\":\"ListItem\",\"position\":1,\"name\":\"Home\",\"item\":\"https:\\\/\\\/rinol.com\\\/it\\\/\"},{\"@type\":\"ListItem\",\"position\":2,\"name\":\"Edilizia verde\"}]},{\"@type\":\"WebSite\",\"@id\":\"https:\\\/\\\/rinol.com\\\/it\\\/#website\",\"url\":\"https:\\\/\\\/rinol.com\\\/it\\\/\",\"name\":\"RINOL\",\"description\":\"Industrial flooring solutions\",\"publisher\":{\"@id\":\"https:\\\/\\\/rinol.com\\\/it\\\/#organization\"},\"potentialAction\":[{\"@type\":\"SearchAction\",\"target\":{\"@type\":\"EntryPoint\",\"urlTemplate\":\"https:\\\/\\\/rinol.com\\\/it\\\/?s={search_term_string}\"},\"query-input\":{\"@type\":\"PropertyValueSpecification\",\"valueRequired\":true,\"valueName\":\"search_term_string\"}}],\"inLanguage\":\"it-IT\"},{\"@type\":\"Organization\",\"@id\":\"https:\\\/\\\/rinol.com\\\/it\\\/#organization\",\"name\":\"RINOL\",\"url\":\"https:\\\/\\\/rinol.com\\\/it\\\/\",\"logo\":{\"@type\":\"ImageObject\",\"inLanguage\":\"it-IT\",\"@id\":\"https:\\\/\\\/rinol.com\\\/it\\\/#\\\/schema\\\/logo\\\/image\\\/\",\"url\":\"https:\\\/\\\/rinol.com\\\/wp-content\\\/uploads\\\/2021\\\/02\\\/cropped-RINOL-logo-300-dpi_trans-1.png\",\"contentUrl\":\"https:\\\/\\\/rinol.com\\\/wp-content\\\/uploads\\\/2021\\\/02\\\/cropped-RINOL-logo-300-dpi_trans-1.png\",\"width\":1950,\"height\":793,\"caption\":\"RINOL\"},\"image\":{\"@id\":\"https:\\\/\\\/rinol.com\\\/it\\\/#\\\/schema\\\/logo\\\/image\\\/\"}}]}<\/script>\n<!-- \/ Yoast SEO plugin. -->","yoast_head_json":{"title":"Rivestimenti Industriali Ecocompatibili - RINOL","description":"I nostri rivestimenti industriali ecocompatibili per progetti di green building certificati LEED. Soluzioni sostenibili per pavimentazioni industriali: contattaci!","robots":{"index":"index","follow":"follow","max-snippet":"max-snippet:-1","max-image-preview":"max-image-preview:large","max-video-preview":"max-video-preview:-1"},"canonical":"https:\/\/rinol.com\/it\/green-building\/","og_locale":"it_IT","og_type":"article","og_title":"Rivestimenti Industriali Ecocompatibili - RINOL","og_description":"I nostri rivestimenti industriali ecocompatibili per progetti di green building certificati LEED. Soluzioni sostenibili per pavimentazioni industriali: contattaci!","og_url":"https:\/\/rinol.com\/it\/green-building\/","og_site_name":"RINOL","article_modified_time":"2025-04-01T15:37:01+00:00","og_image":[{"url":"https:\/\/rinol.com\/wp-content\/uploads\/2021\/02\/rinol_stamps_going_green-1024x288.webp","type":"","width":"","height":""}],"twitter_card":"summary_large_image","twitter_misc":{"Tempo di lettura stimato":"2 minuti"},"schema":{"@context":"https:\/\/schema.org","@graph":[{"@type":"WebPage","@id":"https:\/\/rinol.com\/it\/green-building\/","url":"https:\/\/rinol.com\/it\/green-building\/","name":"Rivestimenti Industriali Ecocompatibili - RINOL","isPartOf":{"@id":"https:\/\/rinol.com\/it\/#website"},"primaryImageOfPage":{"@id":"https:\/\/rinol.com\/it\/green-building\/#primaryimage"},"image":{"@id":"https:\/\/rinol.com\/it\/green-building\/#primaryimage"},"thumbnailUrl":"https:\/\/rinol.com\/wp-content\/uploads\/2021\/02\/rinol_stamps_going_green-1024x288.webp","datePublished":"2021-02-19T05:43:46+00:00","dateModified":"2025-04-01T15:37:01+00:00","description":"I nostri rivestimenti industriali ecocompatibili per progetti di green building certificati LEED. Soluzioni sostenibili per pavimentazioni industriali: contattaci!","breadcrumb":{"@id":"https:\/\/rinol.com\/it\/green-building\/#breadcrumb"},"inLanguage":"it-IT","potentialAction":[{"@type":"ReadAction","target":["https:\/\/rinol.com\/it\/green-building\/"]}]},{"@type":"ImageObject","inLanguage":"it-IT","@id":"https:\/\/rinol.com\/it\/green-building\/#primaryimage","url":"https:\/\/rinol.com\/wp-content\/uploads\/2021\/02\/rinol_stamps_going_green-1024x288.webp","contentUrl":"https:\/\/rinol.com\/wp-content\/uploads\/2021\/02\/rinol_stamps_going_green-1024x288.webp"},{"@type":"BreadcrumbList","@id":"https:\/\/rinol.com\/it\/green-building\/#breadcrumb","itemListElement":[{"@type":"ListItem","position":1,"name":"Home","item":"https:\/\/rinol.com\/it\/"},{"@type":"ListItem","position":2,"name":"Edilizia verde"}]},{"@type":"WebSite","@id":"https:\/\/rinol.com\/it\/#website","url":"https:\/\/rinol.com\/it\/","name":"RINOL","description":"Industrial flooring solutions","publisher":{"@id":"https:\/\/rinol.com\/it\/#organization"},"potentialAction":[{"@type":"SearchAction","target":{"@type":"EntryPoint","urlTemplate":"https:\/\/rinol.com\/it\/?s={search_term_string}"},"query-input":{"@type":"PropertyValueSpecification","valueRequired":true,"valueName":"search_term_string"}}],"inLanguage":"it-IT"},{"@type":"Organization","@id":"https:\/\/rinol.com\/it\/#organization","name":"RINOL","url":"https:\/\/rinol.com\/it\/","logo":{"@type":"ImageObject","inLanguage":"it-IT","@id":"https:\/\/rinol.com\/it\/#\/schema\/logo\/image\/","url":"https:\/\/rinol.com\/wp-content\/uploads\/2021\/02\/cropped-RINOL-logo-300-dpi_trans-1.png","contentUrl":"https:\/\/rinol.com\/wp-content\/uploads\/2021\/02\/cropped-RINOL-logo-300-dpi_trans-1.png","width":1950,"height":793,"caption":"RINOL"},"image":{"@id":"https:\/\/rinol.com\/it\/#\/schema\/logo\/image\/"}}]}},"_links":{"self":[{"href":"https:\/\/rinol.com\/it\/wp-json\/wp\/v2\/pages\/5074","targetHints":{"allow":["GET"]}}],"collection":[{"href":"https:\/\/rinol.com\/it\/wp-json\/wp\/v2\/pages"}],"about":[{"href":"https:\/\/rinol.com\/it\/wp-json\/wp\/v2\/types\/page"}],"author":[{"embeddable":true,"href":"https:\/\/rinol.com\/it\/wp-json\/wp\/v2\/users\/2"}],"replies":[{"embeddable":true,"href":"https:\/\/rinol.com\/it\/wp-json\/wp\/v2\/comments?post=5074"}],"version-history":[{"count":12,"href":"https:\/\/rinol.com\/it\/wp-json\/wp\/v2\/pages\/5074\/revisions"}],"predecessor-version":[{"id":23067,"href":"https:\/\/rinol.com\/it\/wp-json\/wp\/v2\/pages\/5074\/revisions\/23067"}],"wp:attachment":[{"href":"https:\/\/rinol.com\/it\/wp-json\/wp\/v2\/media?parent=5074"}],"curies":[{"name":"wp","href":"https:\/\/api.w.org\/{rel}","templated":true}]}}